{"id":363,"date":"2021-03-04T08:33:15","date_gmt":"2021-03-04T07:33:15","guid":{"rendered":"http:\/\/apartmani-laura.hr\/?page_id=363"},"modified":"2021-03-04T08:45:34","modified_gmt":"2021-03-04T07:45:34","slug":"come-raggiungerci","status":"publish","type":"page","link":"https:\/\/apartmani-laura.hr\/it\/come-raggiungerci\/","title":{"rendered":"Come raggiungerci"},"content":{"rendered":"<h3><span style=\"font-size: large;\">Con l`automobile:<\/span><\/h3>\n<p>Da Trieste <span style=\"color: #ff6600;\">(I)<\/span>\u00a0Confine di Pasjak &#8211; Opatija &#8211; porto di Brestova &#8211; Porozina ( terraferma &#8211; isola\u00a0di Cres)<\/p>\n<p>Da Lubiana<span style=\"color: #ff6600;\">\u00a0(SLO)<\/span>\u00a0Confine di Rupa &#8211; Rijeka(Fiume) &#8211; isola di Krk (ponte) &#8211; porto di Valbiska &#8211; Merag ( isola di Krk &#8211; isola di Cres) oppure Confine di Rupa &#8211; Rijeka ( Fiume ) &#8211; Opatija &#8211; porto di Brestova &#8211; Porozina ( terraferma &#8211; isola di Cres )<\/p>\n<p>Da Zagabria <span style=\"color: #ff6600;\">(CRO)<\/span>\u00a0Rijeka ( Fiume ) &#8211; Isola di Krk ( ponte ) &#8211; porto di Valbiska &#8211; Merag ( isola di Krk &#8211; isola di Cres )<\/p>\n<h3 align=\"left\"><span style=\"font-size: large;\">Con l`autobus:<\/span><\/h3>\n<p>Linea d`autobus Rijeka (Fiume) &#8211; Mali Losinj (Lussinpiccolo) &#8211; piu volte al giorno\u00a0<a href=\"http:\/\/www.autotrans.hr\/index.php?id_page=218&amp;lan=1\">(AutoTrans)\u00a0<\/a><\/p>\n<h3><span style=\"font-size: large;\">Via mare:<\/span><\/h3>\n<p>Con l`aliscafo &#8211; Una volta al giorno la linea di andata e ritorno Mali Lo\u0161inj (Lussinpiccolo) &#8211; Rijeka (Fiume) collega l`isola di Lussino e le isole vicine con la terraferma, durante tutto l`anno (di piu\u2026.). Nei mesi estivi ci sono anche le linee Mali Lo\u0161inj &#8211; Ancona e Mali Lo\u0161inj &#8211; Venezia\u00a0<a href=\"http:\/\/www.jadrolinija.hr\/default.aspx?lang=3\">(Jadrolinija Rijeka)<\/a><\/p>\n<p>Con la nave &#8211; Mali Losinj ( Lussinpiccolo ) &#8211; Zadar ( Zara )\u00a0<a href=\"http:\/\/www.jadrolinija.hr\/default.aspx?lang=3\">(Jadrolinija Rijeka)<\/a><\/p>\n<h3 align=\"left\"><span style=\"font-size: large;\">Orario di partenza e arrivo dei traghetti<\/span><\/h3>\n<table>\n<tbody>\n<tr>\n<th scope=\"col\">Valbiska<\/th>\n<th scope=\"col\">Merag<\/th>\n<th scope=\"col\">Brestova<\/th>\n<th scope=\"col\">Porozina<\/th>\n<\/tr>\n<tr>\n<td style=\"text-align: center;\">5:45<\/td>\n<td style=\"text-align: center;\">6:30<\/td>\n<td style=\"text-align: center;\">7:30<\/td>\n<td style=\"text-align: center;\">7:00<\/td>\n<\/tr>\n<tr>\n<td style=\"text-align: center;\">7:15<\/td>\n<td style=\"text-align: center;\">8:30<\/td>\n<td style=\"text-align: center;\">9:30<\/td>\n<td style=\"text-align: center;\">9:00<\/td>\n<\/tr>\n<tr>\n<td style=\"text-align: center;\">9:15<\/td>\n<td style=\"text-align: center;\">10:00<\/td>\n<td style=\"text-align: center;\">11:30<\/td>\n<td style=\"text-align: center;\">11:00<\/td>\n<\/tr>\n<tr>\n<td style=\"text-align: center;\">10:45<\/td>\n<td style=\"text-align: center;\">12:30<\/td>\n<td style=\"text-align: center;\">13:30<\/td>\n<td style=\"text-align: center;\">13:00<\/td>\n<\/tr>\n<tr>\n<td style=\"text-align: center;\">13:30<\/td>\n<td style=\"text-align: center;\">15:00<\/td>\n<td style=\"text-align: center;\">14:30<\/td>\n<td style=\"text-align: center;\">14:00<\/td>\n<\/tr>\n<tr>\n<td style=\"text-align: center;\">15:45<\/td>\n<td style=\"text-align: center;\">17:30<\/td>\n<td style=\"text-align: center;\">16:30<\/td>\n<td style=\"text-align: center;\">16:00<\/td>\n<\/tr>\n<tr>\n<td style=\"text-align: center;\">18:15<\/td>\n<td style=\"text-align: center;\">19:00<\/td>\n<td style=\"text-align: center;\">18:30<\/td>\n<td style=\"text-align: center;\">18:00<\/td>\n<\/tr>\n<tr>\n<td style=\"text-align: center;\">19:45<\/td>\n<td style=\"text-align: center;\">20:30<\/td>\n<td style=\"text-align: center;\">19:30<\/td>\n<td style=\"text-align: center;\">19:00<\/td>\n<\/tr>\n<tr>\n<td style=\"text-align: center;\">22:00<\/td>\n<td style=\"text-align: center;\">22:30<\/td>\n<td style=\"text-align: center;\"><\/td>\n<td style=\"text-align: center;\"><\/td>\n<\/tr>\n<\/tbody>\n<\/table>\n<p>*Nota: Il tragitto dura una ventina di minuti. I biglietti si comprano sul posto e non esiste la possibilita di prenotazione.<\/p>\n<p>Per informazioni pi\u00fa detagliate visitate:<\/p>\n<p><a href=\"http:\/\/www.tz-malilosinj.hr\/ArrivalShip.aspx\">Ente per il turismo della citta di Mali Lo\u0161inj<\/a><\/p>\n<p><a href=\"http:\/\/www.jadrolinija.hr\/default.aspx?lang=3\">Jadrolinija Rijeka<\/a><\/p>\n<p><a href=\"http:\/\/www.autotrans.hr\/index.php?id_page=218&amp;lan=1\">AutoTrans<\/a><\/p>\n<p>&nbsp;<\/p>\n<p><span style=\"font-size: large;\"><strong>Con l&#8217;aereo:<\/strong><\/span><\/p>\n<p align=\"left\">L&#8217;aeroporto &#8220;Lo\u0161inj&#8221; e un aeroporto internazionale il quale offre l&#8217;atterraggio ai piccoli aerei sportivi e diversi voli panoramici sopra l&#8217;arcipelago Cres-Lo\u0161inj.<\/p>\n<p><a href=\"http:\/\/www.airportmalilosinj.hr\/\">Aeroporto Lo\u0161inj<\/a><\/p>\n","protected":false},"excerpt":{"rendered":"<p>Con l`automobile: Da Trieste (I)\u00a0Confine di Pasjak &#8211; Opatija &#8211; porto di Brestova &#8211; Porozina ( terraferma &#8211; isola\u00a0di Cres) Da Lubiana\u00a0(SLO)\u00a0Confine di Rupa &#8211; Rijeka(Fiume) &#8211; isola di Krk &#8230;<\/p>\n","protected":false},"author":1,"featured_media":0,"parent":0,"menu_order":1,"comment_status":"closed","ping_status":"closed","template":"template-map.php","meta":{"_acf_changed":false,"inline_featured_image":false,"_monsterinsights_skip_tracking":false,"_monsterinsights_sitenote_active":false,"_monsterinsights_sitenote_note":"","_monsterinsights_sitenote_category":0,"footnotes":""},"class_list":["post-363","page","type-page","status-publish","hentry"],"acf":[],"yoast_head":"<!-- This site is optimized with the Yoast SEO plugin v25.0 - https:\/\/yoast.com\/wordpress\/plugins\/seo\/ -->\n<title>Come raggiungerci - Luksuzni privatni smje\u0161taj<\/title>\n<meta name=\"robots\" content=\"index, follow, max-snippet:-1, max-image-preview:large, max-video-preview:-1\" \/>\n<link rel=\"canonical\" href=\"https:\/\/apartmani-laura.hr\/it\/come-raggiungerci\/\" \/>\n<meta property=\"og:locale\" content=\"it_IT\" \/>\n<meta property=\"og:type\" content=\"article\" \/>\n<meta property=\"og:title\" content=\"Come raggiungerci - Luksuzni privatni smje\u0161taj\" \/>\n<meta property=\"og:description\" content=\"Con l`automobile: Da Trieste (I)\u00a0Confine di Pasjak &#8211; Opatija &#8211; porto di Brestova &#8211; Porozina ( terraferma &#8211; isola\u00a0di Cres) Da Lubiana\u00a0(SLO)\u00a0Confine di Rupa &#8211; Rijeka(Fiume) &#8211; isola di Krk ...\" \/>\n<meta property=\"og:url\" content=\"https:\/\/apartmani-laura.hr\/it\/come-raggiungerci\/\" \/>\n<meta property=\"og:site_name\" content=\"Luksuzni privatni smje\u0161taj\" \/>\n<meta property=\"article:modified_time\" content=\"2021-03-04T07:45:34+00:00\" \/>\n<meta name=\"twitter:card\" content=\"summary_large_image\" \/>\n<meta name=\"twitter:label1\" content=\"Tempo di lettura stimato\" \/>\n\t<meta name=\"twitter:data1\" content=\"1 minuto\" \/>\n<script type=\"application\/ld+json\" class=\"yoast-schema-graph\">{\"@context\":\"https:\/\/schema.org\",\"@graph\":[{\"@type\":\"WebPage\",\"@id\":\"https:\/\/apartmani-laura.hr\/it\/come-raggiungerci\/\",\"url\":\"https:\/\/apartmani-laura.hr\/it\/come-raggiungerci\/\",\"name\":\"Come raggiungerci - Luksuzni privatni smje\u0161taj\",\"isPartOf\":{\"@id\":\"https:\/\/apartmani-laura.hr\/#website\"},\"datePublished\":\"2021-03-04T07:33:15+00:00\",\"dateModified\":\"2021-03-04T07:45:34+00:00\",\"breadcrumb\":{\"@id\":\"https:\/\/apartmani-laura.hr\/it\/come-raggiungerci\/#breadcrumb\"},\"inLanguage\":\"it-IT\",\"potentialAction\":[{\"@type\":\"ReadAction\",\"target\":[\"https:\/\/apartmani-laura.hr\/it\/come-raggiungerci\/\"]}]},{\"@type\":\"BreadcrumbList\",\"@id\":\"https:\/\/apartmani-laura.hr\/it\/come-raggiungerci\/#breadcrumb\",\"itemListElement\":[{\"@type\":\"ListItem\",\"position\":1,\"name\":\"Po\u010detna stranica\",\"item\":\"https:\/\/apartmani-laura.hr\/it\/\"},{\"@type\":\"ListItem\",\"position\":2,\"name\":\"Come raggiungerci\"}]},{\"@type\":\"WebSite\",\"@id\":\"https:\/\/apartmani-laura.hr\/#website\",\"url\":\"https:\/\/apartmani-laura.hr\/\",\"name\":\"Luksuzni privatni smje\u0161taj\",\"description\":\"Privatni smje\u0161taj u Malom Lo\u0161inju\",\"publisher\":{\"@id\":\"https:\/\/apartmani-laura.hr\/#organization\"},\"potentialAction\":[{\"@type\":\"SearchAction\",\"target\":{\"@type\":\"EntryPoint\",\"urlTemplate\":\"https:\/\/apartmani-laura.hr\/?s={search_term_string}\"},\"query-input\":{\"@type\":\"PropertyValueSpecification\",\"valueRequired\":true,\"valueName\":\"search_term_string\"}}],\"inLanguage\":\"it-IT\"},{\"@type\":\"Organization\",\"@id\":\"https:\/\/apartmani-laura.hr\/#organization\",\"name\":\"Luksuzni privatni smje\u0161taj\",\"url\":\"https:\/\/apartmani-laura.hr\/\",\"logo\":{\"@type\":\"ImageObject\",\"inLanguage\":\"it-IT\",\"@id\":\"https:\/\/apartmani-laura.hr\/#\/schema\/logo\/image\/\",\"url\":\"https:\/\/apartmani-laura.hr\/wp-content\/uploads\/2021\/02\/logo2.png\",\"contentUrl\":\"https:\/\/apartmani-laura.hr\/wp-content\/uploads\/2021\/02\/logo2.png\",\"width\":300,\"height\":132,\"caption\":\"Luksuzni privatni smje\u0161taj\"},\"image\":{\"@id\":\"https:\/\/apartmani-laura.hr\/#\/schema\/logo\/image\/\"}}]}<\/script>\n<!-- \/ Yoast SEO plugin. -->","yoast_head_json":{"title":"Come raggiungerci - Luksuzni privatni smje\u0161taj","robots":{"index":"index","follow":"follow","max-snippet":"max-snippet:-1","max-image-preview":"max-image-preview:large","max-video-preview":"max-video-preview:-1"},"canonical":"https:\/\/apartmani-laura.hr\/it\/come-raggiungerci\/","og_locale":"it_IT","og_type":"article","og_title":"Come raggiungerci - Luksuzni privatni smje\u0161taj","og_description":"Con l`automobile: Da Trieste (I)\u00a0Confine di Pasjak &#8211; Opatija &#8211; porto di Brestova &#8211; Porozina ( terraferma &#8211; isola\u00a0di Cres) Da Lubiana\u00a0(SLO)\u00a0Confine di Rupa &#8211; Rijeka(Fiume) &#8211; isola di Krk ...","og_url":"https:\/\/apartmani-laura.hr\/it\/come-raggiungerci\/","og_site_name":"Luksuzni privatni smje\u0161taj","article_modified_time":"2021-03-04T07:45:34+00:00","twitter_card":"summary_large_image","twitter_misc":{"Tempo di lettura stimato":"1 minuto"},"schema":{"@context":"https:\/\/schema.org","@graph":[{"@type":"WebPage","@id":"https:\/\/apartmani-laura.hr\/it\/come-raggiungerci\/","url":"https:\/\/apartmani-laura.hr\/it\/come-raggiungerci\/","name":"Come raggiungerci - Luksuzni privatni smje\u0161taj","isPartOf":{"@id":"https:\/\/apartmani-laura.hr\/#website"},"datePublished":"2021-03-04T07:33:15+00:00","dateModified":"2021-03-04T07:45:34+00:00","breadcrumb":{"@id":"https:\/\/apartmani-laura.hr\/it\/come-raggiungerci\/#breadcrumb"},"inLanguage":"it-IT","potentialAction":[{"@type":"ReadAction","target":["https:\/\/apartmani-laura.hr\/it\/come-raggiungerci\/"]}]},{"@type":"BreadcrumbList","@id":"https:\/\/apartmani-laura.hr\/it\/come-raggiungerci\/#breadcrumb","itemListElement":[{"@type":"ListItem","position":1,"name":"Po\u010detna stranica","item":"https:\/\/apartmani-laura.hr\/it\/"},{"@type":"ListItem","position":2,"name":"Come raggiungerci"}]},{"@type":"WebSite","@id":"https:\/\/apartmani-laura.hr\/#website","url":"https:\/\/apartmani-laura.hr\/","name":"Luksuzni privatni smje\u0161taj","description":"Privatni smje\u0161taj u Malom Lo\u0161inju","publisher":{"@id":"https:\/\/apartmani-laura.hr\/#organization"},"potentialAction":[{"@type":"SearchAction","target":{"@type":"EntryPoint","urlTemplate":"https:\/\/apartmani-laura.hr\/?s={search_term_string}"},"query-input":{"@type":"PropertyValueSpecification","valueRequired":true,"valueName":"search_term_string"}}],"inLanguage":"it-IT"},{"@type":"Organization","@id":"https:\/\/apartmani-laura.hr\/#organization","name":"Luksuzni privatni smje\u0161taj","url":"https:\/\/apartmani-laura.hr\/","logo":{"@type":"ImageObject","inLanguage":"it-IT","@id":"https:\/\/apartmani-laura.hr\/#\/schema\/logo\/image\/","url":"https:\/\/apartmani-laura.hr\/wp-content\/uploads\/2021\/02\/logo2.png","contentUrl":"https:\/\/apartmani-laura.hr\/wp-content\/uploads\/2021\/02\/logo2.png","width":300,"height":132,"caption":"Luksuzni privatni smje\u0161taj"},"image":{"@id":"https:\/\/apartmani-laura.hr\/#\/schema\/logo\/image\/"}}]}},"_links":{"self":[{"href":"https:\/\/apartmani-laura.hr\/it\/wp-json\/wp\/v2\/pages\/363","targetHints":{"allow":["GET"]}}],"collection":[{"href":"https:\/\/apartmani-laura.hr\/it\/wp-json\/wp\/v2\/pages"}],"about":[{"href":"https:\/\/apartmani-laura.hr\/it\/wp-json\/wp\/v2\/types\/page"}],"author":[{"embeddable":true,"href":"https:\/\/apartmani-laura.hr\/it\/wp-json\/wp\/v2\/users\/1"}],"replies":[{"embeddable":true,"href":"https:\/\/apartmani-laura.hr\/it\/wp-json\/wp\/v2\/comments?post=363"}],"version-history":[{"count":1,"href":"https:\/\/apartmani-laura.hr\/it\/wp-json\/wp\/v2\/pages\/363\/revisions"}],"predecessor-version":[{"id":364,"href":"https:\/\/apartmani-laura.hr\/it\/wp-json\/wp\/v2\/pages\/363\/revisions\/364"}],"wp:attachment":[{"href":"https:\/\/apartmani-laura.hr\/it\/wp-json\/wp\/v2\/media?parent=363"}],"curies":[{"name":"wp","href":"https:\/\/api.w.org\/{rel}","templated":true}]}}