{"id":351,"date":"2021-03-04T08:24:09","date_gmt":"2021-03-04T07:24:09","guid":{"rendered":"http:\/\/apartmani-laura.hr\/?page_id=351"},"modified":"2021-04-09T09:01:35","modified_gmt":"2021-04-09T07:01:35","slug":"chi-siamo","status":"publish","type":"page","link":"https:\/\/apartmani-laura.hr\/it\/chi-siamo\/","title":{"rendered":"Chi siamo"},"content":{"rendered":"<div id=\"content-container\" class=\"content-gradient sidebar-to-left \">\n<div id=\"content\">\n<p><strong>Cari ospiti,<\/strong><\/p>\n<p>La Casa Laura e situata nelle vicinanze delle spiagge piu belle dell\u2019isola di Lussino, come la Baia Val di Sole (500 m) e Cigale (300 m) \u2013 ossia Suncana Uvala e Cikat \u2013 e a soli 5 minuti del centro della citta.<\/p>\n<p>La Casa Laura offre:<\/p>\n<ul>\n<li>5 appartamenti *** per 4 persone<\/li>\n<li>1 appartamento *** per 4+2 persone<\/li>\n<li>1 appartamento*** per 3 persone<\/li>\n<li>1 appartamento ** per 4+1<\/li>\n<li>1 appartamento *** per 6 persone.<\/li>\n<\/ul>\n<p><strong>Gli appartamenti per 4 persone<\/strong>\u00a0dispongono di: una camera con letto matrimoniale e balcone, cucina a vista, soggiorno con due letti, bagno con doccia e terrazzo.<\/p>\n<p><strong>L\u2019appartamento per 4+2 persone <\/strong><span style=\"font-weight: 400;\">dispone di: due camere con letto matrimoniale e balcone, cucina a vista, soggiorno con due letti, bagno con <\/span><span style=\"font-weight: 400;\">vasca<\/span><span style=\"font-weight: 400;\"> e terrazzo.<\/span><\/p>\n<p><strong>L\u2019appartamento per 4+1 persone<\/strong>\u00a0dispone di: due camere con letto matrimoniale e balcone, cucina a vista, soggiorno con un letto, bagno con doccia e terrazzo.<\/p>\n<p><strong>L\u2019appartamento per 3 persone<\/strong>\u00a0dispone di: una camera con letto matrimoniale e balcone, cucina a vista, soggiorno con uno letto, bagno con doccia e terrazzo.<\/p>\n<p><strong>L\u2019Appartamento per 6 persone<\/strong> dispone di: <span style=\"font-weight: 400;\">3 camere doppie di cui una con letti separati, cucina, bagno e un grande balcone.<\/span><\/p>\n<p>Ogni appartamento (escluso Appartamento per 6 persone) dispone di TV SAT, l\u2019aria condizionata (riscaldamento\/raffredamento), del parcheggio privato e, a richiesta, c\u2019e la possibilit\u00e0 della prima colazione, uso internet e della lavanderia. Per ulteriori informazioni contattate il nostro sito internet: www.apartmani-laura.hr<\/p>\n<p>Siamo sicuri di poterVi garantire una magnifica vacanza nel confort dei nostri appartamenti, in sintonia con la natura incontaminata caratteristica dell\u2019isola,<\/p>\n<p>Famiglia Mustac<\/p>\n<p>\u2026\u2026\u2026\u2026\u2026\u2026\u2026\u2026\u2026\u2026\u2026\u2026\u2026\u2026\u2026\u2026\u2026\u2026\u2026\u2026\u2026\u2026.<\/p>\n<p><span style=\"font-weight: 400;\">La Casa Laura <\/span><span style=\"font-weight: 400;\">\u00e8 le<\/span><span style=\"font-weight: 400;\"> distanze :<\/span><\/p>\n<ul>\n<li>negozio: 50 m<\/li>\n<li>ristorante-pizzeria : 50 m<\/li>\n<li>spiaggia: 500 m<\/li>\n<li>centrocitta: 400 m<\/li>\n<li>ormeggio: 650 m<\/li>\n<li>centro sub: 900m<\/li>\n<\/ul>\n<div align=\"left\">Servizi :<\/div>\n<div align=\"left\"><\/div>\n<ul>\n<li>parcheggio privato<\/li>\n<li><span style=\"font-weight: 400;\">prima colazione <\/span><span style=\"font-weight: 400;\">(su richiesta) <\/span><\/li>\n<li>uso internet<\/li>\n<li>servizio lavanderia su richiesta<\/li>\n<li><span style=\"font-weight: 400;\">escursioni con i battelli e <\/span><span style=\"font-weight: 400;\">barca vela<\/span><\/li>\n<li>RENT A BIKE<\/li>\n<\/ul>\n<\/div>\n<\/div>\n","protected":false},"excerpt":{"rendered":"<p>Cari ospiti, La Casa Laura e situata nelle vicinanze delle spiagge piu belle dell\u2019isola di Lussino, come la Baia Val di Sole (500 m) e Cigale (300 m) \u2013 ossia &#8230;<\/p>\n","protected":false},"author":1,"featured_media":132,"parent":0,"menu_order":1,"comment_status":"closed","ping_status":"closed","template":"","meta":{"_acf_changed":false,"inline_featured_image":false,"_monsterinsights_skip_tracking":false,"_monsterinsights_sitenote_active":false,"_monsterinsights_sitenote_note":"","_monsterinsights_sitenote_category":0,"footnotes":""},"class_list":["post-351","page","type-page","status-publish","has-post-thumbnail","hentry"],"acf":[],"yoast_head":"<!-- This site is optimized with the Yoast SEO plugin v25.0 - https:\/\/yoast.com\/wordpress\/plugins\/seo\/ -->\n<title>Chi siamo - Luksuzni privatni smje\u0161taj<\/title>\n<meta name=\"robots\" content=\"index, follow, max-snippet:-1, max-image-preview:large, max-video-preview:-1\" \/>\n<link rel=\"canonical\" href=\"https:\/\/apartmani-laura.hr\/it\/chi-siamo\/\" \/>\n<meta property=\"og:locale\" content=\"it_IT\" \/>\n<meta property=\"og:type\" content=\"article\" \/>\n<meta property=\"og:title\" content=\"Chi siamo - Luksuzni privatni smje\u0161taj\" \/>\n<meta property=\"og:description\" content=\"Cari ospiti, La Casa Laura e situata nelle vicinanze delle spiagge piu belle dell\u2019isola di Lussino, come la Baia Val di Sole (500 m) e Cigale (300 m) \u2013 ossia ...\" \/>\n<meta property=\"og:url\" content=\"https:\/\/apartmani-laura.hr\/it\/chi-siamo\/\" \/>\n<meta property=\"og:site_name\" content=\"Luksuzni privatni smje\u0161taj\" \/>\n<meta property=\"article:modified_time\" content=\"2021-04-09T07:01:35+00:00\" \/>\n<meta property=\"og:image\" content=\"https:\/\/apartmani-laura.hr\/wp-content\/uploads\/2021\/02\/4.jpg\" \/>\n\t<meta property=\"og:image:width\" content=\"1980\" \/>\n\t<meta property=\"og:image:height\" content=\"1324\" \/>\n\t<meta property=\"og:image:type\" content=\"image\/jpeg\" \/>\n<meta name=\"twitter:card\" content=\"summary_large_image\" \/>\n<meta name=\"twitter:label1\" content=\"Tempo di lettura stimato\" \/>\n\t<meta name=\"twitter:data1\" content=\"1 minuto\" \/>\n<script type=\"application\/ld+json\" class=\"yoast-schema-graph\">{\"@context\":\"https:\/\/schema.org\",\"@graph\":[{\"@type\":\"WebPage\",\"@id\":\"https:\/\/apartmani-laura.hr\/it\/chi-siamo\/\",\"url\":\"https:\/\/apartmani-laura.hr\/it\/chi-siamo\/\",\"name\":\"Chi siamo - Luksuzni privatni smje\u0161taj\",\"isPartOf\":{\"@id\":\"https:\/\/apartmani-laura.hr\/#website\"},\"primaryImageOfPage\":{\"@id\":\"https:\/\/apartmani-laura.hr\/it\/chi-siamo\/#primaryimage\"},\"image\":{\"@id\":\"https:\/\/apartmani-laura.hr\/it\/chi-siamo\/#primaryimage\"},\"thumbnailUrl\":\"https:\/\/apartmani-laura.hr\/wp-content\/uploads\/2021\/02\/4.jpg\",\"datePublished\":\"2021-03-04T07:24:09+00:00\",\"dateModified\":\"2021-04-09T07:01:35+00:00\",\"breadcrumb\":{\"@id\":\"https:\/\/apartmani-laura.hr\/it\/chi-siamo\/#breadcrumb\"},\"inLanguage\":\"it-IT\",\"potentialAction\":[{\"@type\":\"ReadAction\",\"target\":[\"https:\/\/apartmani-laura.hr\/it\/chi-siamo\/\"]}]},{\"@type\":\"ImageObject\",\"inLanguage\":\"it-IT\",\"@id\":\"https:\/\/apartmani-laura.hr\/it\/chi-siamo\/#primaryimage\",\"url\":\"https:\/\/apartmani-laura.hr\/wp-content\/uploads\/2021\/02\/4.jpg\",\"contentUrl\":\"https:\/\/apartmani-laura.hr\/wp-content\/uploads\/2021\/02\/4.jpg\",\"width\":1980,\"height\":1324},{\"@type\":\"BreadcrumbList\",\"@id\":\"https:\/\/apartmani-laura.hr\/it\/chi-siamo\/#breadcrumb\",\"itemListElement\":[{\"@type\":\"ListItem\",\"position\":1,\"name\":\"Po\u010detna stranica\",\"item\":\"https:\/\/apartmani-laura.hr\/it\/\"},{\"@type\":\"ListItem\",\"position\":2,\"name\":\"Chi siamo\"}]},{\"@type\":\"WebSite\",\"@id\":\"https:\/\/apartmani-laura.hr\/#website\",\"url\":\"https:\/\/apartmani-laura.hr\/\",\"name\":\"Luksuzni privatni smje\u0161taj\",\"description\":\"Privatni smje\u0161taj u Malom Lo\u0161inju\",\"publisher\":{\"@id\":\"https:\/\/apartmani-laura.hr\/#organization\"},\"potentialAction\":[{\"@type\":\"SearchAction\",\"target\":{\"@type\":\"EntryPoint\",\"urlTemplate\":\"https:\/\/apartmani-laura.hr\/?s={search_term_string}\"},\"query-input\":{\"@type\":\"PropertyValueSpecification\",\"valueRequired\":true,\"valueName\":\"search_term_string\"}}],\"inLanguage\":\"it-IT\"},{\"@type\":\"Organization\",\"@id\":\"https:\/\/apartmani-laura.hr\/#organization\",\"name\":\"Luksuzni privatni smje\u0161taj\",\"url\":\"https:\/\/apartmani-laura.hr\/\",\"logo\":{\"@type\":\"ImageObject\",\"inLanguage\":\"it-IT\",\"@id\":\"https:\/\/apartmani-laura.hr\/#\/schema\/logo\/image\/\",\"url\":\"https:\/\/apartmani-laura.hr\/wp-content\/uploads\/2021\/02\/logo2.png\",\"contentUrl\":\"https:\/\/apartmani-laura.hr\/wp-content\/uploads\/2021\/02\/logo2.png\",\"width\":300,\"height\":132,\"caption\":\"Luksuzni privatni smje\u0161taj\"},\"image\":{\"@id\":\"https:\/\/apartmani-laura.hr\/#\/schema\/logo\/image\/\"}}]}<\/script>\n<!-- \/ Yoast SEO plugin. -->","yoast_head_json":{"title":"Chi siamo - Luksuzni privatni smje\u0161taj","robots":{"index":"index","follow":"follow","max-snippet":"max-snippet:-1","max-image-preview":"max-image-preview:large","max-video-preview":"max-video-preview:-1"},"canonical":"https:\/\/apartmani-laura.hr\/it\/chi-siamo\/","og_locale":"it_IT","og_type":"article","og_title":"Chi siamo - Luksuzni privatni smje\u0161taj","og_description":"Cari ospiti, La Casa Laura e situata nelle vicinanze delle spiagge piu belle dell\u2019isola di Lussino, come la Baia Val di Sole (500 m) e Cigale (300 m) \u2013 ossia ...","og_url":"https:\/\/apartmani-laura.hr\/it\/chi-siamo\/","og_site_name":"Luksuzni privatni smje\u0161taj","article_modified_time":"2021-04-09T07:01:35+00:00","og_image":[{"width":1980,"height":1324,"url":"https:\/\/apartmani-laura.hr\/wp-content\/uploads\/2021\/02\/4.jpg","type":"image\/jpeg"}],"twitter_card":"summary_large_image","twitter_misc":{"Tempo di lettura stimato":"1 minuto"},"schema":{"@context":"https:\/\/schema.org","@graph":[{"@type":"WebPage","@id":"https:\/\/apartmani-laura.hr\/it\/chi-siamo\/","url":"https:\/\/apartmani-laura.hr\/it\/chi-siamo\/","name":"Chi siamo - Luksuzni privatni smje\u0161taj","isPartOf":{"@id":"https:\/\/apartmani-laura.hr\/#website"},"primaryImageOfPage":{"@id":"https:\/\/apartmani-laura.hr\/it\/chi-siamo\/#primaryimage"},"image":{"@id":"https:\/\/apartmani-laura.hr\/it\/chi-siamo\/#primaryimage"},"thumbnailUrl":"https:\/\/apartmani-laura.hr\/wp-content\/uploads\/2021\/02\/4.jpg","datePublished":"2021-03-04T07:24:09+00:00","dateModified":"2021-04-09T07:01:35+00:00","breadcrumb":{"@id":"https:\/\/apartmani-laura.hr\/it\/chi-siamo\/#breadcrumb"},"inLanguage":"it-IT","potentialAction":[{"@type":"ReadAction","target":["https:\/\/apartmani-laura.hr\/it\/chi-siamo\/"]}]},{"@type":"ImageObject","inLanguage":"it-IT","@id":"https:\/\/apartmani-laura.hr\/it\/chi-siamo\/#primaryimage","url":"https:\/\/apartmani-laura.hr\/wp-content\/uploads\/2021\/02\/4.jpg","contentUrl":"https:\/\/apartmani-laura.hr\/wp-content\/uploads\/2021\/02\/4.jpg","width":1980,"height":1324},{"@type":"BreadcrumbList","@id":"https:\/\/apartmani-laura.hr\/it\/chi-siamo\/#breadcrumb","itemListElement":[{"@type":"ListItem","position":1,"name":"Po\u010detna stranica","item":"https:\/\/apartmani-laura.hr\/it\/"},{"@type":"ListItem","position":2,"name":"Chi siamo"}]},{"@type":"WebSite","@id":"https:\/\/apartmani-laura.hr\/#website","url":"https:\/\/apartmani-laura.hr\/","name":"Luksuzni privatni smje\u0161taj","description":"Privatni smje\u0161taj u Malom Lo\u0161inju","publisher":{"@id":"https:\/\/apartmani-laura.hr\/#organization"},"potentialAction":[{"@type":"SearchAction","target":{"@type":"EntryPoint","urlTemplate":"https:\/\/apartmani-laura.hr\/?s={search_term_string}"},"query-input":{"@type":"PropertyValueSpecification","valueRequired":true,"valueName":"search_term_string"}}],"inLanguage":"it-IT"},{"@type":"Organization","@id":"https:\/\/apartmani-laura.hr\/#organization","name":"Luksuzni privatni smje\u0161taj","url":"https:\/\/apartmani-laura.hr\/","logo":{"@type":"ImageObject","inLanguage":"it-IT","@id":"https:\/\/apartmani-laura.hr\/#\/schema\/logo\/image\/","url":"https:\/\/apartmani-laura.hr\/wp-content\/uploads\/2021\/02\/logo2.png","contentUrl":"https:\/\/apartmani-laura.hr\/wp-content\/uploads\/2021\/02\/logo2.png","width":300,"height":132,"caption":"Luksuzni privatni smje\u0161taj"},"image":{"@id":"https:\/\/apartmani-laura.hr\/#\/schema\/logo\/image\/"}}]}},"_links":{"self":[{"href":"https:\/\/apartmani-laura.hr\/it\/wp-json\/wp\/v2\/pages\/351","targetHints":{"allow":["GET"]}}],"collection":[{"href":"https:\/\/apartmani-laura.hr\/it\/wp-json\/wp\/v2\/pages"}],"about":[{"href":"https:\/\/apartmani-laura.hr\/it\/wp-json\/wp\/v2\/types\/page"}],"author":[{"embeddable":true,"href":"https:\/\/apartmani-laura.hr\/it\/wp-json\/wp\/v2\/users\/1"}],"replies":[{"embeddable":true,"href":"https:\/\/apartmani-laura.hr\/it\/wp-json\/wp\/v2\/comments?post=351"}],"version-history":[{"count":5,"href":"https:\/\/apartmani-laura.hr\/it\/wp-json\/wp\/v2\/pages\/351\/revisions"}],"predecessor-version":[{"id":1155,"href":"https:\/\/apartmani-laura.hr\/it\/wp-json\/wp\/v2\/pages\/351\/revisions\/1155"}],"wp:featuredmedia":[{"embeddable":true,"href":"https:\/\/apartmani-laura.hr\/it\/wp-json\/wp\/v2\/media\/132"}],"wp:attachment":[{"href":"https:\/\/apartmani-laura.hr\/it\/wp-json\/wp\/v2\/media?parent=351"}],"curies":[{"name":"wp","href":"https:\/\/api.w.org\/{rel}","templated":true}]}}