{"id":336,"date":"2021-02-17T12:37:11","date_gmt":"2021-02-17T11:37:11","guid":{"rendered":"http:\/\/apartmani-laura.hr\/?page_id=336"},"modified":"2021-03-09T12:18:57","modified_gmt":"2021-03-09T11:18:57","slug":"pagina-iniziale","status":"publish","type":"page","link":"https:\/\/apartmani-laura.hr\/it\/","title":{"rendered":"Appartamenti Laura Mali Losinj"},"content":{"rendered":"<p>Cari ospiti, la casa Laura si trova vicino alle spiagge pi\u00f9 belle (Suncana Uvala &#8211; 500 me Cikat 300 m) e vicino al centro di Mali Losinj (5 min)<\/p>\n","protected":false},"excerpt":{"rendered":"<p>Cari ospiti, la casa Laura si trova vicino alle spiagge pi\u00f9 belle (Suncana Uvala &#8211; 500 me Cikat 300 m) e vicino al centro di Mali Losinj (5 min)<\/p>\n","protected":false},"author":1,"featured_media":1201,"parent":0,"menu_order":0,"comment_status":"closed","ping_status":"closed","template":"template-frontpage.php","meta":{"_acf_changed":false,"inline_featured_image":false,"_monsterinsights_skip_tracking":false,"_monsterinsights_sitenote_active":false,"_monsterinsights_sitenote_note":"","_monsterinsights_sitenote_category":0,"footnotes":""},"class_list":["post-336","page","type-page","status-publish","has-post-thumbnail","hentry"],"acf":[],"yoast_head":"<!-- This site is optimized with the Yoast SEO plugin v25.0 - https:\/\/yoast.com\/wordpress\/plugins\/seo\/ -->\n<title>Appartamenti Laura Mali Losinj - Luksuzni privatni smje\u0161taj<\/title>\n<meta name=\"robots\" content=\"index, follow, max-snippet:-1, max-image-preview:large, max-video-preview:-1\" \/>\n<link rel=\"canonical\" href=\"https:\/\/apartmani-laura.hr\/it\/\" \/>\n<meta property=\"og:locale\" content=\"it_IT\" \/>\n<meta property=\"og:type\" content=\"article\" \/>\n<meta property=\"og:title\" content=\"Appartamenti Laura Mali Losinj - Luksuzni privatni smje\u0161taj\" \/>\n<meta property=\"og:description\" content=\"Cari ospiti, la casa Laura si trova vicino alle spiagge pi\u00f9 belle (Suncana Uvala &#8211; 500 me Cikat 300 m) e vicino al centro di Mali Losinj (5 min)\" \/>\n<meta property=\"og:url\" content=\"https:\/\/apartmani-laura.hr\/it\/\" \/>\n<meta property=\"og:site_name\" content=\"Luksuzni privatni smje\u0161taj\" \/>\n<meta property=\"article:modified_time\" content=\"2021-03-09T11:18:57+00:00\" \/>\n<meta property=\"og:image\" content=\"https:\/\/apartmani-laura.hr\/wp-content\/uploads\/2021\/04\/33.jpg\" \/>\n\t<meta property=\"og:image:width\" content=\"1000\" \/>\n\t<meta property=\"og:image:height\" content=\"562\" \/>\n\t<meta property=\"og:image:type\" content=\"image\/jpeg\" \/>\n<meta name=\"twitter:card\" content=\"summary_large_image\" \/>\n<script type=\"application\/ld+json\" class=\"yoast-schema-graph\">{\"@context\":\"https:\/\/schema.org\",\"@graph\":[{\"@type\":\"WebPage\",\"@id\":\"https:\/\/apartmani-laura.hr\/it\/\",\"url\":\"https:\/\/apartmani-laura.hr\/it\/\",\"name\":\"Appartamenti Laura Mali Losinj - Luksuzni privatni smje\u0161taj\",\"isPartOf\":{\"@id\":\"https:\/\/apartmani-laura.hr\/#website\"},\"primaryImageOfPage\":{\"@id\":\"https:\/\/apartmani-laura.hr\/it\/#primaryimage\"},\"image\":{\"@id\":\"https:\/\/apartmani-laura.hr\/it\/#primaryimage\"},\"thumbnailUrl\":\"https:\/\/apartmani-laura.hr\/wp-content\/uploads\/2021\/04\/33.jpg\",\"datePublished\":\"2021-02-17T11:37:11+00:00\",\"dateModified\":\"2021-03-09T11:18:57+00:00\",\"breadcrumb\":{\"@id\":\"https:\/\/apartmani-laura.hr\/it\/#breadcrumb\"},\"inLanguage\":\"it-IT\",\"potentialAction\":[{\"@type\":\"ReadAction\",\"target\":[\"https:\/\/apartmani-laura.hr\/it\/\"]}]},{\"@type\":\"ImageObject\",\"inLanguage\":\"it-IT\",\"@id\":\"https:\/\/apartmani-laura.hr\/it\/#primaryimage\",\"url\":\"https:\/\/apartmani-laura.hr\/wp-content\/uploads\/2021\/04\/33.jpg\",\"contentUrl\":\"https:\/\/apartmani-laura.hr\/wp-content\/uploads\/2021\/04\/33.jpg\",\"width\":1000,\"height\":562,\"caption\":\"luka mali lo\u0161inj\"},{\"@type\":\"BreadcrumbList\",\"@id\":\"https:\/\/apartmani-laura.hr\/it\/#breadcrumb\",\"itemListElement\":[{\"@type\":\"ListItem\",\"position\":1,\"name\":\"Po\u010detna stranica\",\"item\":\"https:\/\/apartmani-laura.hr\/it\/\"},{\"@type\":\"ListItem\",\"position\":2,\"name\":\"Appartamenti Laura Mali Losinj\"}]},{\"@type\":\"WebSite\",\"@id\":\"https:\/\/apartmani-laura.hr\/#website\",\"url\":\"https:\/\/apartmani-laura.hr\/\",\"name\":\"Luksuzni privatni smje\u0161taj\",\"description\":\"Privatni smje\u0161taj u Malom Lo\u0161inju\",\"publisher\":{\"@id\":\"https:\/\/apartmani-laura.hr\/#organization\"},\"potentialAction\":[{\"@type\":\"SearchAction\",\"target\":{\"@type\":\"EntryPoint\",\"urlTemplate\":\"https:\/\/apartmani-laura.hr\/?s={search_term_string}\"},\"query-input\":{\"@type\":\"PropertyValueSpecification\",\"valueRequired\":true,\"valueName\":\"search_term_string\"}}],\"inLanguage\":\"it-IT\"},{\"@type\":\"Organization\",\"@id\":\"https:\/\/apartmani-laura.hr\/#organization\",\"name\":\"Luksuzni privatni smje\u0161taj\",\"url\":\"https:\/\/apartmani-laura.hr\/\",\"logo\":{\"@type\":\"ImageObject\",\"inLanguage\":\"it-IT\",\"@id\":\"https:\/\/apartmani-laura.hr\/#\/schema\/logo\/image\/\",\"url\":\"https:\/\/apartmani-laura.hr\/wp-content\/uploads\/2021\/02\/logo2.png\",\"contentUrl\":\"https:\/\/apartmani-laura.hr\/wp-content\/uploads\/2021\/02\/logo2.png\",\"width\":300,\"height\":132,\"caption\":\"Luksuzni privatni smje\u0161taj\"},\"image\":{\"@id\":\"https:\/\/apartmani-laura.hr\/#\/schema\/logo\/image\/\"}}]}<\/script>\n<!-- \/ Yoast SEO plugin. -->","yoast_head_json":{"title":"Appartamenti Laura Mali Losinj - Luksuzni privatni smje\u0161taj","robots":{"index":"index","follow":"follow","max-snippet":"max-snippet:-1","max-image-preview":"max-image-preview:large","max-video-preview":"max-video-preview:-1"},"canonical":"https:\/\/apartmani-laura.hr\/it\/","og_locale":"it_IT","og_type":"article","og_title":"Appartamenti Laura Mali Losinj - Luksuzni privatni smje\u0161taj","og_description":"Cari ospiti, la casa Laura si trova vicino alle spiagge pi\u00f9 belle (Suncana Uvala &#8211; 500 me Cikat 300 m) e vicino al centro di Mali Losinj (5 min)","og_url":"https:\/\/apartmani-laura.hr\/it\/","og_site_name":"Luksuzni privatni smje\u0161taj","article_modified_time":"2021-03-09T11:18:57+00:00","og_image":[{"width":1000,"height":562,"url":"https:\/\/apartmani-laura.hr\/wp-content\/uploads\/2021\/04\/33.jpg","type":"image\/jpeg"}],"twitter_card":"summary_large_image","schema":{"@context":"https:\/\/schema.org","@graph":[{"@type":"WebPage","@id":"https:\/\/apartmani-laura.hr\/it\/","url":"https:\/\/apartmani-laura.hr\/it\/","name":"Appartamenti Laura Mali Losinj - Luksuzni privatni smje\u0161taj","isPartOf":{"@id":"https:\/\/apartmani-laura.hr\/#website"},"primaryImageOfPage":{"@id":"https:\/\/apartmani-laura.hr\/it\/#primaryimage"},"image":{"@id":"https:\/\/apartmani-laura.hr\/it\/#primaryimage"},"thumbnailUrl":"https:\/\/apartmani-laura.hr\/wp-content\/uploads\/2021\/04\/33.jpg","datePublished":"2021-02-17T11:37:11+00:00","dateModified":"2021-03-09T11:18:57+00:00","breadcrumb":{"@id":"https:\/\/apartmani-laura.hr\/it\/#breadcrumb"},"inLanguage":"it-IT","potentialAction":[{"@type":"ReadAction","target":["https:\/\/apartmani-laura.hr\/it\/"]}]},{"@type":"ImageObject","inLanguage":"it-IT","@id":"https:\/\/apartmani-laura.hr\/it\/#primaryimage","url":"https:\/\/apartmani-laura.hr\/wp-content\/uploads\/2021\/04\/33.jpg","contentUrl":"https:\/\/apartmani-laura.hr\/wp-content\/uploads\/2021\/04\/33.jpg","width":1000,"height":562,"caption":"luka mali lo\u0161inj"},{"@type":"BreadcrumbList","@id":"https:\/\/apartmani-laura.hr\/it\/#breadcrumb","itemListElement":[{"@type":"ListItem","position":1,"name":"Po\u010detna stranica","item":"https:\/\/apartmani-laura.hr\/it\/"},{"@type":"ListItem","position":2,"name":"Appartamenti Laura Mali Losinj"}]},{"@type":"WebSite","@id":"https:\/\/apartmani-laura.hr\/#website","url":"https:\/\/apartmani-laura.hr\/","name":"Luksuzni privatni smje\u0161taj","description":"Privatni smje\u0161taj u Malom Lo\u0161inju","publisher":{"@id":"https:\/\/apartmani-laura.hr\/#organization"},"potentialAction":[{"@type":"SearchAction","target":{"@type":"EntryPoint","urlTemplate":"https:\/\/apartmani-laura.hr\/?s={search_term_string}"},"query-input":{"@type":"PropertyValueSpecification","valueRequired":true,"valueName":"search_term_string"}}],"inLanguage":"it-IT"},{"@type":"Organization","@id":"https:\/\/apartmani-laura.hr\/#organization","name":"Luksuzni privatni smje\u0161taj","url":"https:\/\/apartmani-laura.hr\/","logo":{"@type":"ImageObject","inLanguage":"it-IT","@id":"https:\/\/apartmani-laura.hr\/#\/schema\/logo\/image\/","url":"https:\/\/apartmani-laura.hr\/wp-content\/uploads\/2021\/02\/logo2.png","contentUrl":"https:\/\/apartmani-laura.hr\/wp-content\/uploads\/2021\/02\/logo2.png","width":300,"height":132,"caption":"Luksuzni privatni smje\u0161taj"},"image":{"@id":"https:\/\/apartmani-laura.hr\/#\/schema\/logo\/image\/"}}]}},"_links":{"self":[{"href":"https:\/\/apartmani-laura.hr\/it\/wp-json\/wp\/v2\/pages\/336","targetHints":{"allow":["GET"]}}],"collection":[{"href":"https:\/\/apartmani-laura.hr\/it\/wp-json\/wp\/v2\/pages"}],"about":[{"href":"https:\/\/apartmani-laura.hr\/it\/wp-json\/wp\/v2\/types\/page"}],"author":[{"embeddable":true,"href":"https:\/\/apartmani-laura.hr\/it\/wp-json\/wp\/v2\/users\/1"}],"replies":[{"embeddable":true,"href":"https:\/\/apartmani-laura.hr\/it\/wp-json\/wp\/v2\/comments?post=336"}],"version-history":[{"count":6,"href":"https:\/\/apartmani-laura.hr\/it\/wp-json\/wp\/v2\/pages\/336\/revisions"}],"predecessor-version":[{"id":782,"href":"https:\/\/apartmani-laura.hr\/it\/wp-json\/wp\/v2\/pages\/336\/revisions\/782"}],"wp:featuredmedia":[{"embeddable":true,"href":"https:\/\/apartmani-laura.hr\/it\/wp-json\/wp\/v2\/media\/1201"}],"wp:attachment":[{"href":"https:\/\/apartmani-laura.hr\/it\/wp-json\/wp\/v2\/media?parent=336"}],"curies":[{"name":"wp","href":"https:\/\/api.w.org\/{rel}","templated":true}]}}