{"id":1104,"date":"2021-03-10T11:30:25","date_gmt":"2021-03-10T10:30:25","guid":{"rendered":"http:\/\/apartmani-laura.hr\/?page_id=1104"},"modified":"2021-03-11T17:09:38","modified_gmt":"2021-03-11T16:09:38","slug":"flora-e-fauna","status":"publish","type":"page","link":"https:\/\/apartmani-laura.hr\/it\/lisola-di-lossino\/flora-e-fauna\/","title":{"rendered":"Flora e Fauna"},"content":{"rendered":"<p style=\"text-align: left;\" align=\"center\"><strong>FLORA<br \/>\n<\/strong><\/p>\n<p align=\"justify\">Secondo ricerche sono state identificate 1.018 specie di piante, delle quali alla flora autoctona appartengono 939 specie. 230 specie sono considerate erbe medicinali. Circa 80 specie, per lo piu piante esotiche, sono state portate da altre parti del mondo da capitani e marinai lussiniani che li hanno piantato nei giardini delle loro case.<\/p>\n<p align=\"justify\">Per il clima specifico sull\u2019isola crescono piante che di solito appartengono alla flora del sud della Dalmazia e alla Sicilia. Crescono agavi, cactus messicani (opunzia), palme, magnolie, mirto, pistacchio, mimose, fichidindia (karmus nassarah), limoni, arance e mandarini (portati dal Vietnam a Palermo e poi a Lussinpiccolo).<\/p>\n<p align=\"justify\">I densi pineti attorno a Lussinpiccolo sono diventati una cintura verde che protegge la citta e il porto dalla bora. A \u010cikat queste foreste si sono gradualmente trasformate in parco. L\u2019area di \u010cikat e stata nominata parco naturale.<\/p>\n<p style=\"text-align: left;\" align=\"center\"><img decoding=\"async\" class=\"alignnone wp-image-974 size-full\" src=\"http:\/\/apartmani-laura.hr\/wp-content\/uploads\/2021\/03\/cikat.jpg\" alt=\"\" width=\"660\" height=\"390\" srcset=\"https:\/\/apartmani-laura.hr\/wp-content\/uploads\/2021\/03\/cikat.jpg 660w, https:\/\/apartmani-laura.hr\/wp-content\/uploads\/2021\/03\/cikat-300x177.jpg 300w\" sizes=\"(max-width: 660px) 100vw, 660px\" \/><\/p>\n<p style=\"text-align: left;\" align=\"center\"><strong>FAUNA<\/strong><\/p>\n<p align=\"justify\">Sull\u2019isola c\u2019e selvaggina piccola: conigli, lepri, faine, mentre degli animali piu grossi ci sono daini e mufloni che abitano la parte meridionale dell\u2019isola di Cherso.<\/p>\n<p align=\"justify\">Della selvaggina di penna ci sono molte pernici, beccacce e fagiani; degli uccelli rapaci ci sono astori, sparvieri, falchi e grifoni, i quali sono protetti per legge.<\/p>\n<p align=\"justify\">Degli animali domestici le piu numerose sono le pecore che sono allevate sulle zone carsiche della parte settentrionale dell\u2019isola di Lussino.<\/p>\n<p>Nel nostro mare vive 95 specie di pesci, 71 specie di granchi, conchiglie, chiocciole, differenti specie di flora marina e di echinodermi.<\/p>\n<p>I delfini sono frequenti ospiti di queste zone, gioiosi e sempre pronti al contatto con umani, a differenza di molti acquatori di paesi vicini da dove sono scomparsi. Loro sono indicatori biologici eccellenti del habitat nel quale vivono.<\/p>\n<p align=\"justify\"><img decoding=\"async\" class=\"alignnone wp-image-978 size-full\" src=\"http:\/\/apartmani-laura.hr\/wp-content\/uploads\/2021\/03\/dolphin_2225.jpg\" alt=\"\" width=\"660\" height=\"374\" srcset=\"https:\/\/apartmani-laura.hr\/wp-content\/uploads\/2021\/03\/dolphin_2225.jpg 660w, https:\/\/apartmani-laura.hr\/wp-content\/uploads\/2021\/03\/dolphin_2225-300x170.jpg 300w\" sizes=\"(max-width: 660px) 100vw, 660px\" \/><\/p>\n","protected":false},"excerpt":{"rendered":"<p>FLORA Secondo ricerche sono state identificate 1.018 specie di piante, delle quali alla flora autoctona appartengono 939 specie. 230 specie sono considerate erbe medicinali. Circa 80 specie, per lo piu &#8230;<\/p>\n","protected":false},"author":1,"featured_media":814,"parent":1068,"menu_order":5,"comment_status":"closed","ping_status":"closed","template":"","meta":{"_acf_changed":false,"inline_featured_image":false,"_monsterinsights_skip_tracking":false,"_monsterinsights_sitenote_active":false,"_monsterinsights_sitenote_note":"","_monsterinsights_sitenote_category":0,"footnotes":""},"class_list":["post-1104","page","type-page","status-publish","has-post-thumbnail","hentry"],"acf":[],"yoast_head":"<!-- This site is optimized with the Yoast SEO plugin v25.0 - https:\/\/yoast.com\/wordpress\/plugins\/seo\/ -->\n<title>Flora e Fauna - Luksuzni privatni smje\u0161taj<\/title>\n<meta name=\"robots\" content=\"index, follow, max-snippet:-1, max-image-preview:large, max-video-preview:-1\" \/>\n<link rel=\"canonical\" href=\"https:\/\/apartmani-laura.hr\/it\/lisola-di-lossino\/flora-e-fauna\/\" \/>\n<meta property=\"og:locale\" content=\"it_IT\" \/>\n<meta property=\"og:type\" content=\"article\" \/>\n<meta property=\"og:title\" content=\"Flora e Fauna - Luksuzni privatni smje\u0161taj\" \/>\n<meta property=\"og:description\" content=\"FLORA Secondo ricerche sono state identificate 1.018 specie di piante, delle quali alla flora autoctona appartengono 939 specie. 230 specie sono considerate erbe medicinali. Circa 80 specie, per lo piu ...\" \/>\n<meta property=\"og:url\" content=\"https:\/\/apartmani-laura.hr\/it\/lisola-di-lossino\/flora-e-fauna\/\" \/>\n<meta property=\"og:site_name\" content=\"Luksuzni privatni smje\u0161taj\" \/>\n<meta property=\"article:modified_time\" content=\"2021-03-11T16:09:38+00:00\" \/>\n<meta property=\"og:image\" content=\"https:\/\/apartmani-laura.hr\/wp-content\/uploads\/2021\/03\/Dad-Kampanja.jpg\" \/>\n\t<meta property=\"og:image:width\" content=\"1360\" \/>\n\t<meta property=\"og:image:height\" content=\"1020\" \/>\n\t<meta property=\"og:image:type\" content=\"image\/jpeg\" \/>\n<meta name=\"twitter:card\" content=\"summary_large_image\" \/>\n<meta name=\"twitter:label1\" content=\"Tempo di lettura stimato\" \/>\n\t<meta name=\"twitter:data1\" content=\"1 minuto\" \/>\n<script type=\"application\/ld+json\" class=\"yoast-schema-graph\">{\"@context\":\"https:\/\/schema.org\",\"@graph\":[{\"@type\":\"WebPage\",\"@id\":\"https:\/\/apartmani-laura.hr\/it\/lisola-di-lossino\/flora-e-fauna\/\",\"url\":\"https:\/\/apartmani-laura.hr\/it\/lisola-di-lossino\/flora-e-fauna\/\",\"name\":\"Flora e Fauna - Luksuzni privatni smje\u0161taj\",\"isPartOf\":{\"@id\":\"https:\/\/apartmani-laura.hr\/#website\"},\"primaryImageOfPage\":{\"@id\":\"https:\/\/apartmani-laura.hr\/it\/lisola-di-lossino\/flora-e-fauna\/#primaryimage\"},\"image\":{\"@id\":\"https:\/\/apartmani-laura.hr\/it\/lisola-di-lossino\/flora-e-fauna\/#primaryimage\"},\"thumbnailUrl\":\"https:\/\/apartmani-laura.hr\/wp-content\/uploads\/2021\/03\/Dad-Kampanja.jpg\",\"datePublished\":\"2021-03-10T10:30:25+00:00\",\"dateModified\":\"2021-03-11T16:09:38+00:00\",\"breadcrumb\":{\"@id\":\"https:\/\/apartmani-laura.hr\/it\/lisola-di-lossino\/flora-e-fauna\/#breadcrumb\"},\"inLanguage\":\"it-IT\",\"potentialAction\":[{\"@type\":\"ReadAction\",\"target\":[\"https:\/\/apartmani-laura.hr\/it\/lisola-di-lossino\/flora-e-fauna\/\"]}]},{\"@type\":\"ImageObject\",\"inLanguage\":\"it-IT\",\"@id\":\"https:\/\/apartmani-laura.hr\/it\/lisola-di-lossino\/flora-e-fauna\/#primaryimage\",\"url\":\"https:\/\/apartmani-laura.hr\/wp-content\/uploads\/2021\/03\/Dad-Kampanja.jpg\",\"contentUrl\":\"https:\/\/apartmani-laura.hr\/wp-content\/uploads\/2021\/03\/Dad-Kampanja.jpg\",\"width\":1360,\"height\":1020,\"caption\":\"DCIM104GOPROG0707612.\"},{\"@type\":\"BreadcrumbList\",\"@id\":\"https:\/\/apartmani-laura.hr\/it\/lisola-di-lossino\/flora-e-fauna\/#breadcrumb\",\"itemListElement\":[{\"@type\":\"ListItem\",\"position\":1,\"name\":\"Po\u010detna stranica\",\"item\":\"https:\/\/apartmani-laura.hr\/it\/\"},{\"@type\":\"ListItem\",\"position\":2,\"name\":\"L&#8217;isola di Lossino\",\"item\":\"https:\/\/apartmani-laura.hr\/it\/lisola-di-lossino\/\"},{\"@type\":\"ListItem\",\"position\":3,\"name\":\"Flora e Fauna\"}]},{\"@type\":\"WebSite\",\"@id\":\"https:\/\/apartmani-laura.hr\/#website\",\"url\":\"https:\/\/apartmani-laura.hr\/\",\"name\":\"Luksuzni privatni smje\u0161taj\",\"description\":\"Privatni smje\u0161taj u Malom Lo\u0161inju\",\"publisher\":{\"@id\":\"https:\/\/apartmani-laura.hr\/#organization\"},\"potentialAction\":[{\"@type\":\"SearchAction\",\"target\":{\"@type\":\"EntryPoint\",\"urlTemplate\":\"https:\/\/apartmani-laura.hr\/?s={search_term_string}\"},\"query-input\":{\"@type\":\"PropertyValueSpecification\",\"valueRequired\":true,\"valueName\":\"search_term_string\"}}],\"inLanguage\":\"it-IT\"},{\"@type\":\"Organization\",\"@id\":\"https:\/\/apartmani-laura.hr\/#organization\",\"name\":\"Luksuzni privatni smje\u0161taj\",\"url\":\"https:\/\/apartmani-laura.hr\/\",\"logo\":{\"@type\":\"ImageObject\",\"inLanguage\":\"it-IT\",\"@id\":\"https:\/\/apartmani-laura.hr\/#\/schema\/logo\/image\/\",\"url\":\"https:\/\/apartmani-laura.hr\/wp-content\/uploads\/2021\/02\/logo2.png\",\"contentUrl\":\"https:\/\/apartmani-laura.hr\/wp-content\/uploads\/2021\/02\/logo2.png\",\"width\":300,\"height\":132,\"caption\":\"Luksuzni privatni smje\u0161taj\"},\"image\":{\"@id\":\"https:\/\/apartmani-laura.hr\/#\/schema\/logo\/image\/\"}}]}<\/script>\n<!-- \/ Yoast SEO plugin. -->","yoast_head_json":{"title":"Flora e Fauna - Luksuzni privatni smje\u0161taj","robots":{"index":"index","follow":"follow","max-snippet":"max-snippet:-1","max-image-preview":"max-image-preview:large","max-video-preview":"max-video-preview:-1"},"canonical":"https:\/\/apartmani-laura.hr\/it\/lisola-di-lossino\/flora-e-fauna\/","og_locale":"it_IT","og_type":"article","og_title":"Flora e Fauna - Luksuzni privatni smje\u0161taj","og_description":"FLORA Secondo ricerche sono state identificate 1.018 specie di piante, delle quali alla flora autoctona appartengono 939 specie. 230 specie sono considerate erbe medicinali. Circa 80 specie, per lo piu ...","og_url":"https:\/\/apartmani-laura.hr\/it\/lisola-di-lossino\/flora-e-fauna\/","og_site_name":"Luksuzni privatni smje\u0161taj","article_modified_time":"2021-03-11T16:09:38+00:00","og_image":[{"width":1360,"height":1020,"url":"https:\/\/apartmani-laura.hr\/wp-content\/uploads\/2021\/03\/Dad-Kampanja.jpg","type":"image\/jpeg"}],"twitter_card":"summary_large_image","twitter_misc":{"Tempo di lettura stimato":"1 minuto"},"schema":{"@context":"https:\/\/schema.org","@graph":[{"@type":"WebPage","@id":"https:\/\/apartmani-laura.hr\/it\/lisola-di-lossino\/flora-e-fauna\/","url":"https:\/\/apartmani-laura.hr\/it\/lisola-di-lossino\/flora-e-fauna\/","name":"Flora e Fauna - Luksuzni privatni smje\u0161taj","isPartOf":{"@id":"https:\/\/apartmani-laura.hr\/#website"},"primaryImageOfPage":{"@id":"https:\/\/apartmani-laura.hr\/it\/lisola-di-lossino\/flora-e-fauna\/#primaryimage"},"image":{"@id":"https:\/\/apartmani-laura.hr\/it\/lisola-di-lossino\/flora-e-fauna\/#primaryimage"},"thumbnailUrl":"https:\/\/apartmani-laura.hr\/wp-content\/uploads\/2021\/03\/Dad-Kampanja.jpg","datePublished":"2021-03-10T10:30:25+00:00","dateModified":"2021-03-11T16:09:38+00:00","breadcrumb":{"@id":"https:\/\/apartmani-laura.hr\/it\/lisola-di-lossino\/flora-e-fauna\/#breadcrumb"},"inLanguage":"it-IT","potentialAction":[{"@type":"ReadAction","target":["https:\/\/apartmani-laura.hr\/it\/lisola-di-lossino\/flora-e-fauna\/"]}]},{"@type":"ImageObject","inLanguage":"it-IT","@id":"https:\/\/apartmani-laura.hr\/it\/lisola-di-lossino\/flora-e-fauna\/#primaryimage","url":"https:\/\/apartmani-laura.hr\/wp-content\/uploads\/2021\/03\/Dad-Kampanja.jpg","contentUrl":"https:\/\/apartmani-laura.hr\/wp-content\/uploads\/2021\/03\/Dad-Kampanja.jpg","width":1360,"height":1020,"caption":"DCIM104GOPROG0707612."},{"@type":"BreadcrumbList","@id":"https:\/\/apartmani-laura.hr\/it\/lisola-di-lossino\/flora-e-fauna\/#breadcrumb","itemListElement":[{"@type":"ListItem","position":1,"name":"Po\u010detna stranica","item":"https:\/\/apartmani-laura.hr\/it\/"},{"@type":"ListItem","position":2,"name":"L&#8217;isola di Lossino","item":"https:\/\/apartmani-laura.hr\/it\/lisola-di-lossino\/"},{"@type":"ListItem","position":3,"name":"Flora e Fauna"}]},{"@type":"WebSite","@id":"https:\/\/apartmani-laura.hr\/#website","url":"https:\/\/apartmani-laura.hr\/","name":"Luksuzni privatni smje\u0161taj","description":"Privatni smje\u0161taj u Malom Lo\u0161inju","publisher":{"@id":"https:\/\/apartmani-laura.hr\/#organization"},"potentialAction":[{"@type":"SearchAction","target":{"@type":"EntryPoint","urlTemplate":"https:\/\/apartmani-laura.hr\/?s={search_term_string}"},"query-input":{"@type":"PropertyValueSpecification","valueRequired":true,"valueName":"search_term_string"}}],"inLanguage":"it-IT"},{"@type":"Organization","@id":"https:\/\/apartmani-laura.hr\/#organization","name":"Luksuzni privatni smje\u0161taj","url":"https:\/\/apartmani-laura.hr\/","logo":{"@type":"ImageObject","inLanguage":"it-IT","@id":"https:\/\/apartmani-laura.hr\/#\/schema\/logo\/image\/","url":"https:\/\/apartmani-laura.hr\/wp-content\/uploads\/2021\/02\/logo2.png","contentUrl":"https:\/\/apartmani-laura.hr\/wp-content\/uploads\/2021\/02\/logo2.png","width":300,"height":132,"caption":"Luksuzni privatni smje\u0161taj"},"image":{"@id":"https:\/\/apartmani-laura.hr\/#\/schema\/logo\/image\/"}}]}},"_links":{"self":[{"href":"https:\/\/apartmani-laura.hr\/it\/wp-json\/wp\/v2\/pages\/1104","targetHints":{"allow":["GET"]}}],"collection":[{"href":"https:\/\/apartmani-laura.hr\/it\/wp-json\/wp\/v2\/pages"}],"about":[{"href":"https:\/\/apartmani-laura.hr\/it\/wp-json\/wp\/v2\/types\/page"}],"author":[{"embeddable":true,"href":"https:\/\/apartmani-laura.hr\/it\/wp-json\/wp\/v2\/users\/1"}],"replies":[{"embeddable":true,"href":"https:\/\/apartmani-laura.hr\/it\/wp-json\/wp\/v2\/comments?post=1104"}],"version-history":[{"count":1,"href":"https:\/\/apartmani-laura.hr\/it\/wp-json\/wp\/v2\/pages\/1104\/revisions"}],"predecessor-version":[{"id":1105,"href":"https:\/\/apartmani-laura.hr\/it\/wp-json\/wp\/v2\/pages\/1104\/revisions\/1105"}],"up":[{"embeddable":true,"href":"https:\/\/apartmani-laura.hr\/it\/wp-json\/wp\/v2\/pages\/1068"}],"wp:featuredmedia":[{"embeddable":true,"href":"https:\/\/apartmani-laura.hr\/it\/wp-json\/wp\/v2\/media\/814"}],"wp:attachment":[{"href":"https:\/\/apartmani-laura.hr\/it\/wp-json\/wp\/v2\/media?parent=1104"}],"curies":[{"name":"wp","href":"https:\/\/api.w.org\/{rel}","templated":true}]}}