{"id":1098,"date":"2021-03-11T08:25:48","date_gmt":"2021-03-11T07:25:48","guid":{"rendered":"http:\/\/apartmani-laura.hr\/?page_id=1098"},"modified":"2021-03-11T17:05:25","modified_gmt":"2021-03-11T16:05:25","slug":"lattrazzione","status":"publish","type":"page","link":"https:\/\/apartmani-laura.hr\/it\/lisola-di-lossino\/lattrazzione\/","title":{"rendered":"L&#8217;attrazzione"},"content":{"rendered":"<h3>MALI LO\u0160INJ<\/h3>\n<ul>\n<li><strong>Chiesa di San Martino<\/strong>\u00a0del 1450, si trova sull\u2019odierno cimitero, luogo dove si puo ripassare la storia di Lussino. I preti che una volta tenevano la chiesa erano preti glagolitici ed avevano anche il ruolo di notai che ai cittadini facevano testamenti, contratti ecc.<\/li>\n<li><strong>Chiesa parrocchiale della Nativita e la piazza<\/strong>\u00a0del 1696-1775. La chiesa e ha tre navate, sull\u2019altare si trovano le reliquie di San Romualdo e il dipinto della Beata Vergine.<\/li>\n<li><strong>\u010cikat<\/strong>\u00a0\u2013 la chiesetta dell\u2019Annunziata. Costruita nel 1534 e ampliata nel 1858. Nel luogo in cui si trova erano accolti e congedati velieri lussiniani. Oggi se una nave che passa per il capo dell\u2019Annunziata lancia le sirene, si sa che il capitano e di Lussino.<\/li>\n<li>Numerose<strong>\u00a0ville\u00a0<\/strong>dell\u2019aristocrazia Austriaca.<\/li>\n<li>Il\u00a0<strong>monumento ad Ambroz Haracic<\/strong>\u00a0(1885-1916), professore della scuola marittima e ricercatore del clima e della flora di Lussino.<\/li>\n<li>Scuola media superiore marittima\u00a0<strong>\u201cAmbroz Haracic\u201d<\/strong>\u00a0a forma di nave con il ponte di comando.<\/li>\n<li><strong>Collezione artistica<\/strong>\u00a0di Andro Vid e Katarina Mihicic e la collezione di antichi maestri \u201cPiperata\u201d. Contiene una ventina di oli su tela e acquarelli di pittori italiani, francesi e olandesi del 17. e 18. secolo.<\/li>\n<li><strong>Chiesetta di San Nicola<\/strong>\u00a0del 1857, dedicata al vescovo protettore di marinai e viaggiatori.<\/li>\n<li>Il\u00a0<strong>monumento a Josip Ka\u0161man<\/strong>\u00a0(1847-1925), rinomato cantante d\u2019opere proveniente da Lussinpiccolo.<\/li>\n<li><strong>Apoksiomen<\/strong>\u00a0\u2013 antica statua in bronzo che rappresenta un atleta greco in grandezza naturale, vecchia circa 2000 anni, ritrovata di recente nel sottofondo lussiniano.<\/li>\n<\/ul>\n<h3>VELI LO\u0160INJ<\/h3>\n<ul>\n<li><strong>Chiesa parrocchiale di San Antonio Eremita<\/strong>\u00a0costruita inizialmente nel 1480, l\u2019aspetto attuale in stile barocco assunse nel 1774; numerosi pezzi d\u2019arte e l\u2019organo dei costruttori<\/li>\n<li><strong>Callida e Vivarini<\/strong>; la Vergine con il bambino e i santi; le reliquie di San Gregorio.<\/li>\n<li><strong>Torre<\/strong>\u00a0del 1445 costruita per proteggere il porto dagli attacchi dei pirati. La torre si trova sullo stemma di Lussingrande. Oggi essa e uno spazio museale-espositivo aperto a tutti i visitatori di Lussingrande.<\/li>\n<li><strong>Chiesa della Vergine dell\u2019Angelo<\/strong>\u00a0costruita nel 1556 e trasformata dai capitani lussiniani in vera galleria d\u2019arte.<\/li>\n<li><strong>Parco \u201cPodjavori\u201d<\/strong>\u00a0con la villa per il soggiorno invernale dell\u2019arciduca asburgico Karl Stephan, \u201cSeewarte\u201d, oggi famosa stazione climatica.<\/li>\n<li><strong>Rovenska<\/strong>\u00a0\u2013 frangionde del 1856, costruito per protezione contro forti raffiche di bora; la prima pietra e stata posta dall\u2019arciduca Massimiliano d\u2019Asburgo.<\/li>\n<li><strong>Chiesetta di San Nicola<\/strong>\u00a0del 15. secolo; si suppone che attorno ad essa nacque Lussingrande.<\/li>\n<li><strong>Chiesetta di San Giovanni<\/strong>\u00a0sull\u2019omonima colle; vista panoramica di Lussingrande e Lussinpiccolo; sentiero verso il punto piu meridionale dell\u2019isola.<\/li>\n<\/ul>\n<h3>SUSAK<\/h3>\n<ul>\n<li><strong>Abbazia benedettina di San Nicola<\/strong>\u00a0del 11. secolo con il grande crocifisso chiamato \u201cIl grande Dio\u201d del 12. secolo che secondo la leggenda arrivo sull\u2019isola portato da onde, i frati benedettini lo portarono dentro la chiesa e da allora non lo si puo portare fuori.<\/li>\n<li><strong>Cimitero<\/strong>\u00a0locale completamente esposto al sole con le lapidi che riflettono la sua luce<\/li>\n<li><strong>Costume<\/strong>\u00a0locale molto variopinto, parlata arcaica, vigneti.<\/li>\n<\/ul>\n<h3>UNIJE<\/h3>\n<ul>\n<li><strong>Grande pietra<\/strong>\u00a0per la produzione dell\u2019olio d\u2019oliva del 1676 con l\u2019iscrizione in glagolitico<\/li>\n<li><strong>Chiesa di San Andrea<\/strong>, nella forma attuale dal 1911 con il campanile del 1857.<\/li>\n<\/ul>\n<h3>OSOR<\/h3>\n<ul>\n<li>Citta museo, ospite delle\u00a0<strong>Serate musicali di Ossero<\/strong>\u00a0che si tengono dal 1976 durante i mesi estivi.<\/li>\n<li><strong>Museo cittadino<\/strong>\u00a0\u2013 un tempo municipio del 15. secolo (fondamenta del periodo paleocristiano e anche prima).<\/li>\n<li><strong>Museo di arte<\/strong>\u00a0sacrale nell\u2019antico vescovado.<\/li>\n<li><strong>Collezione archeologica<\/strong>\u00a0\u201cOsor\u201d<\/li>\n<\/ul>\n<h3>NEREZINE<\/h3>\n<ul>\n<li><strong>Convento francescano<\/strong>\u00a0con il campanile triforcuto rinascimentale del 16. secolo.<\/li>\n<li><strong>Chiesa parrocchiale della Madonna della Salute<\/strong>, seconda meta del 19. secolo.<\/li>\n<li><strong>Castello<\/strong>\u00a0del patrizio Kolan Dra\u017ea di Ossero del 15. secolo<\/li>\n<li>Iniziale\u00a0<strong>chiesa parrocchiale di Santa Maria Madallena\u00a0<\/strong>costruita nel 1534.<\/li>\n<li><strong>Osorscica<\/strong>\u00a0\u2013 sentiero alpinistico, la colle di San Nicola con la cappella, eccezionale promontorio, cima Televrin 589m, grotta di San Gaudenzio e la Grande Grotta.<\/li>\n<\/ul>\n<h3>ILOVIK<\/h3>\n<ul>\n<li><strong>Abbazia benedettina di San Pietro<\/strong>\u00a0del 11. secolo sull\u2019omonimo isolotto sul quale si trova anche il cimitero cosi che i funerali si devono compiere con barche.<\/li>\n<li><strong>Torre quadrata<\/strong>\u00a0del 1597. costruita per controllare il mare e per la protezione contro attacchi degli pirati Uscocchi. Sulla colle Straza si vedono resti di un edificio risalente all\u2019eta del Bronzo<\/li>\n<\/ul>\n<h3>SV. JAKOV<\/h3>\n<ul>\n<li>\n<p align=\"justify\"><strong>Chiesa di San Giacomo<\/strong>\u00a0al cimitero del 1624. Questa data e scolpita con le lettere HIG (1624) su una piastra di marmo sulla facciata.<\/p>\n<\/li>\n<li>\n<p align=\"justify\"><strong>Chiesa parrocchiale di S. Maria<\/strong>\u00a0costruita nel 19. secolo, sull\u2019altare principale c\u2019e la Madonna del Rosario con S. Domenico, S. Clara e S. Giacomo.<\/p>\n<\/li>\n<\/ul>\n<h3>BELEJ<\/h3>\n<p><strong>Chiesa parrocchiale<\/strong>\u00a0con sculture barocche in legno di S. Giacomo Cavaliere e S. Rocco.<\/p>\n","protected":false},"excerpt":{"rendered":"<p>MALI LO\u0160INJ Chiesa di San Martino\u00a0del 1450, si trova sull\u2019odierno cimitero, luogo dove si puo ripassare la storia di Lussino. I preti che una volta tenevano la chiesa erano preti &#8230;<\/p>\n","protected":false},"author":1,"featured_media":1012,"parent":1068,"menu_order":5,"comment_status":"closed","ping_status":"closed","template":"","meta":{"_acf_changed":false,"inline_featured_image":false,"_monsterinsights_skip_tracking":false,"_monsterinsights_sitenote_active":false,"_monsterinsights_sitenote_note":"","_monsterinsights_sitenote_category":0,"footnotes":""},"class_list":["post-1098","page","type-page","status-publish","has-post-thumbnail","hentry"],"acf":[],"yoast_head":"<!-- This site is optimized with the Yoast SEO plugin v25.0 - https:\/\/yoast.com\/wordpress\/plugins\/seo\/ -->\n<title>L&#039;attrazzione - Luksuzni privatni smje\u0161taj<\/title>\n<meta name=\"robots\" content=\"index, follow, max-snippet:-1, max-image-preview:large, max-video-preview:-1\" \/>\n<link rel=\"canonical\" href=\"https:\/\/apartmani-laura.hr\/it\/lisola-di-lossino\/lattrazzione\/\" \/>\n<meta property=\"og:locale\" content=\"it_IT\" \/>\n<meta property=\"og:type\" content=\"article\" \/>\n<meta property=\"og:title\" content=\"L&#039;attrazzione - Luksuzni privatni smje\u0161taj\" \/>\n<meta property=\"og:description\" content=\"MALI LO\u0160INJ Chiesa di San Martino\u00a0del 1450, si trova sull\u2019odierno cimitero, luogo dove si puo ripassare la storia di Lussino. I preti che una volta tenevano la chiesa erano preti ...\" \/>\n<meta property=\"og:url\" content=\"https:\/\/apartmani-laura.hr\/it\/lisola-di-lossino\/lattrazzione\/\" \/>\n<meta property=\"og:site_name\" content=\"Luksuzni privatni smje\u0161taj\" \/>\n<meta property=\"article:modified_time\" content=\"2021-03-11T16:05:25+00:00\" \/>\n<meta property=\"og:image\" content=\"https:\/\/apartmani-laura.hr\/wp-content\/uploads\/2021\/03\/Mali-Losinj-1-scaled.jpg\" \/>\n\t<meta property=\"og:image:width\" content=\"2560\" \/>\n\t<meta property=\"og:image:height\" content=\"1705\" \/>\n\t<meta property=\"og:image:type\" content=\"image\/jpeg\" \/>\n<meta name=\"twitter:card\" content=\"summary_large_image\" \/>\n<meta name=\"twitter:label1\" content=\"Tempo di lettura stimato\" \/>\n\t<meta name=\"twitter:data1\" content=\"4 minuti\" \/>\n<script type=\"application\/ld+json\" class=\"yoast-schema-graph\">{\"@context\":\"https:\/\/schema.org\",\"@graph\":[{\"@type\":\"WebPage\",\"@id\":\"https:\/\/apartmani-laura.hr\/it\/lisola-di-lossino\/lattrazzione\/\",\"url\":\"https:\/\/apartmani-laura.hr\/it\/lisola-di-lossino\/lattrazzione\/\",\"name\":\"L'attrazzione - Luksuzni privatni smje\u0161taj\",\"isPartOf\":{\"@id\":\"https:\/\/apartmani-laura.hr\/#website\"},\"primaryImageOfPage\":{\"@id\":\"https:\/\/apartmani-laura.hr\/it\/lisola-di-lossino\/lattrazzione\/#primaryimage\"},\"image\":{\"@id\":\"https:\/\/apartmani-laura.hr\/it\/lisola-di-lossino\/lattrazzione\/#primaryimage\"},\"thumbnailUrl\":\"https:\/\/apartmani-laura.hr\/wp-content\/uploads\/2021\/03\/Mali-Losinj-1-scaled.jpg\",\"datePublished\":\"2021-03-11T07:25:48+00:00\",\"dateModified\":\"2021-03-11T16:05:25+00:00\",\"breadcrumb\":{\"@id\":\"https:\/\/apartmani-laura.hr\/it\/lisola-di-lossino\/lattrazzione\/#breadcrumb\"},\"inLanguage\":\"it-IT\",\"potentialAction\":[{\"@type\":\"ReadAction\",\"target\":[\"https:\/\/apartmani-laura.hr\/it\/lisola-di-lossino\/lattrazzione\/\"]}]},{\"@type\":\"ImageObject\",\"inLanguage\":\"it-IT\",\"@id\":\"https:\/\/apartmani-laura.hr\/it\/lisola-di-lossino\/lattrazzione\/#primaryimage\",\"url\":\"https:\/\/apartmani-laura.hr\/wp-content\/uploads\/2021\/03\/Mali-Losinj-1-scaled.jpg\",\"contentUrl\":\"https:\/\/apartmani-laura.hr\/wp-content\/uploads\/2021\/03\/Mali-Losinj-1-scaled.jpg\",\"width\":2560,\"height\":1705},{\"@type\":\"BreadcrumbList\",\"@id\":\"https:\/\/apartmani-laura.hr\/it\/lisola-di-lossino\/lattrazzione\/#breadcrumb\",\"itemListElement\":[{\"@type\":\"ListItem\",\"position\":1,\"name\":\"Po\u010detna stranica\",\"item\":\"https:\/\/apartmani-laura.hr\/it\/\"},{\"@type\":\"ListItem\",\"position\":2,\"name\":\"L&#8217;isola di Lossino\",\"item\":\"https:\/\/apartmani-laura.hr\/it\/lisola-di-lossino\/\"},{\"@type\":\"ListItem\",\"position\":3,\"name\":\"L&#8217;attrazzione\"}]},{\"@type\":\"WebSite\",\"@id\":\"https:\/\/apartmani-laura.hr\/#website\",\"url\":\"https:\/\/apartmani-laura.hr\/\",\"name\":\"Luksuzni privatni smje\u0161taj\",\"description\":\"Privatni smje\u0161taj u Malom Lo\u0161inju\",\"publisher\":{\"@id\":\"https:\/\/apartmani-laura.hr\/#organization\"},\"potentialAction\":[{\"@type\":\"SearchAction\",\"target\":{\"@type\":\"EntryPoint\",\"urlTemplate\":\"https:\/\/apartmani-laura.hr\/?s={search_term_string}\"},\"query-input\":{\"@type\":\"PropertyValueSpecification\",\"valueRequired\":true,\"valueName\":\"search_term_string\"}}],\"inLanguage\":\"it-IT\"},{\"@type\":\"Organization\",\"@id\":\"https:\/\/apartmani-laura.hr\/#organization\",\"name\":\"Luksuzni privatni smje\u0161taj\",\"url\":\"https:\/\/apartmani-laura.hr\/\",\"logo\":{\"@type\":\"ImageObject\",\"inLanguage\":\"it-IT\",\"@id\":\"https:\/\/apartmani-laura.hr\/#\/schema\/logo\/image\/\",\"url\":\"https:\/\/apartmani-laura.hr\/wp-content\/uploads\/2021\/02\/logo2.png\",\"contentUrl\":\"https:\/\/apartmani-laura.hr\/wp-content\/uploads\/2021\/02\/logo2.png\",\"width\":300,\"height\":132,\"caption\":\"Luksuzni privatni smje\u0161taj\"},\"image\":{\"@id\":\"https:\/\/apartmani-laura.hr\/#\/schema\/logo\/image\/\"}}]}<\/script>\n<!-- \/ Yoast SEO plugin. -->","yoast_head_json":{"title":"L'attrazzione - Luksuzni privatni smje\u0161taj","robots":{"index":"index","follow":"follow","max-snippet":"max-snippet:-1","max-image-preview":"max-image-preview:large","max-video-preview":"max-video-preview:-1"},"canonical":"https:\/\/apartmani-laura.hr\/it\/lisola-di-lossino\/lattrazzione\/","og_locale":"it_IT","og_type":"article","og_title":"L'attrazzione - Luksuzni privatni smje\u0161taj","og_description":"MALI LO\u0160INJ Chiesa di San Martino\u00a0del 1450, si trova sull\u2019odierno cimitero, luogo dove si puo ripassare la storia di Lussino. I preti che una volta tenevano la chiesa erano preti ...","og_url":"https:\/\/apartmani-laura.hr\/it\/lisola-di-lossino\/lattrazzione\/","og_site_name":"Luksuzni privatni smje\u0161taj","article_modified_time":"2021-03-11T16:05:25+00:00","og_image":[{"width":2560,"height":1705,"url":"https:\/\/apartmani-laura.hr\/wp-content\/uploads\/2021\/03\/Mali-Losinj-1-scaled.jpg","type":"image\/jpeg"}],"twitter_card":"summary_large_image","twitter_misc":{"Tempo di lettura stimato":"4 minuti"},"schema":{"@context":"https:\/\/schema.org","@graph":[{"@type":"WebPage","@id":"https:\/\/apartmani-laura.hr\/it\/lisola-di-lossino\/lattrazzione\/","url":"https:\/\/apartmani-laura.hr\/it\/lisola-di-lossino\/lattrazzione\/","name":"L'attrazzione - Luksuzni privatni smje\u0161taj","isPartOf":{"@id":"https:\/\/apartmani-laura.hr\/#website"},"primaryImageOfPage":{"@id":"https:\/\/apartmani-laura.hr\/it\/lisola-di-lossino\/lattrazzione\/#primaryimage"},"image":{"@id":"https:\/\/apartmani-laura.hr\/it\/lisola-di-lossino\/lattrazzione\/#primaryimage"},"thumbnailUrl":"https:\/\/apartmani-laura.hr\/wp-content\/uploads\/2021\/03\/Mali-Losinj-1-scaled.jpg","datePublished":"2021-03-11T07:25:48+00:00","dateModified":"2021-03-11T16:05:25+00:00","breadcrumb":{"@id":"https:\/\/apartmani-laura.hr\/it\/lisola-di-lossino\/lattrazzione\/#breadcrumb"},"inLanguage":"it-IT","potentialAction":[{"@type":"ReadAction","target":["https:\/\/apartmani-laura.hr\/it\/lisola-di-lossino\/lattrazzione\/"]}]},{"@type":"ImageObject","inLanguage":"it-IT","@id":"https:\/\/apartmani-laura.hr\/it\/lisola-di-lossino\/lattrazzione\/#primaryimage","url":"https:\/\/apartmani-laura.hr\/wp-content\/uploads\/2021\/03\/Mali-Losinj-1-scaled.jpg","contentUrl":"https:\/\/apartmani-laura.hr\/wp-content\/uploads\/2021\/03\/Mali-Losinj-1-scaled.jpg","width":2560,"height":1705},{"@type":"BreadcrumbList","@id":"https:\/\/apartmani-laura.hr\/it\/lisola-di-lossino\/lattrazzione\/#breadcrumb","itemListElement":[{"@type":"ListItem","position":1,"name":"Po\u010detna stranica","item":"https:\/\/apartmani-laura.hr\/it\/"},{"@type":"ListItem","position":2,"name":"L&#8217;isola di Lossino","item":"https:\/\/apartmani-laura.hr\/it\/lisola-di-lossino\/"},{"@type":"ListItem","position":3,"name":"L&#8217;attrazzione"}]},{"@type":"WebSite","@id":"https:\/\/apartmani-laura.hr\/#website","url":"https:\/\/apartmani-laura.hr\/","name":"Luksuzni privatni smje\u0161taj","description":"Privatni smje\u0161taj u Malom Lo\u0161inju","publisher":{"@id":"https:\/\/apartmani-laura.hr\/#organization"},"potentialAction":[{"@type":"SearchAction","target":{"@type":"EntryPoint","urlTemplate":"https:\/\/apartmani-laura.hr\/?s={search_term_string}"},"query-input":{"@type":"PropertyValueSpecification","valueRequired":true,"valueName":"search_term_string"}}],"inLanguage":"it-IT"},{"@type":"Organization","@id":"https:\/\/apartmani-laura.hr\/#organization","name":"Luksuzni privatni smje\u0161taj","url":"https:\/\/apartmani-laura.hr\/","logo":{"@type":"ImageObject","inLanguage":"it-IT","@id":"https:\/\/apartmani-laura.hr\/#\/schema\/logo\/image\/","url":"https:\/\/apartmani-laura.hr\/wp-content\/uploads\/2021\/02\/logo2.png","contentUrl":"https:\/\/apartmani-laura.hr\/wp-content\/uploads\/2021\/02\/logo2.png","width":300,"height":132,"caption":"Luksuzni privatni smje\u0161taj"},"image":{"@id":"https:\/\/apartmani-laura.hr\/#\/schema\/logo\/image\/"}}]}},"_links":{"self":[{"href":"https:\/\/apartmani-laura.hr\/it\/wp-json\/wp\/v2\/pages\/1098","targetHints":{"allow":["GET"]}}],"collection":[{"href":"https:\/\/apartmani-laura.hr\/it\/wp-json\/wp\/v2\/pages"}],"about":[{"href":"https:\/\/apartmani-laura.hr\/it\/wp-json\/wp\/v2\/types\/page"}],"author":[{"embeddable":true,"href":"https:\/\/apartmani-laura.hr\/it\/wp-json\/wp\/v2\/users\/1"}],"replies":[{"embeddable":true,"href":"https:\/\/apartmani-laura.hr\/it\/wp-json\/wp\/v2\/comments?post=1098"}],"version-history":[{"count":1,"href":"https:\/\/apartmani-laura.hr\/it\/wp-json\/wp\/v2\/pages\/1098\/revisions"}],"predecessor-version":[{"id":1099,"href":"https:\/\/apartmani-laura.hr\/it\/wp-json\/wp\/v2\/pages\/1098\/revisions\/1099"}],"up":[{"embeddable":true,"href":"https:\/\/apartmani-laura.hr\/it\/wp-json\/wp\/v2\/pages\/1068"}],"wp:featuredmedia":[{"embeddable":true,"href":"https:\/\/apartmani-laura.hr\/it\/wp-json\/wp\/v2\/media\/1012"}],"wp:attachment":[{"href":"https:\/\/apartmani-laura.hr\/it\/wp-json\/wp\/v2\/media?parent=1098"}],"curies":[{"name":"wp","href":"https:\/\/api.w.org\/{rel}","templated":true}]}}