{"id":1086,"date":"2021-03-11T08:52:20","date_gmt":"2021-03-11T07:52:20","guid":{"rendered":"http:\/\/apartmani-laura.hr\/?page_id=1086"},"modified":"2021-03-11T16:42:18","modified_gmt":"2021-03-11T15:42:18","slug":"sport-e-recreazione","status":"publish","type":"page","link":"https:\/\/apartmani-laura.hr\/it\/lisola-di-lossino\/sport-e-recreazione\/","title":{"rendered":"Sport e Recreazione"},"content":{"rendered":"<p align=\"justify\">L\u2019eccezionale clima mite da la possibilita ad ogni amante di vacanze attive e ai sportivi di praticare sport durante tutto l\u2019anno.<\/p>\n<p style=\"text-align: left;\" align=\"center\"><strong>TENIS<\/strong><\/p>\n<p align=\"justify\">Grazie al clima mediterraneo mite, lo tennis si puo praticare in pratica per tutto l\u2019anno. Al di fuori del tennis ricreativo, per i principianti si organizzano scuole di tennis e dal 1994 si tiene il tradizionale torneo \u201cLosinjska riviera\u201d nei mesi di giugno e luglio.<\/p>\n<p align=\"justify\">I campi da tennis si trovano a:<br \/>\nLussinpiccolo: Cikat \u2013 vicino all\u2019albergo Bellevue, 5 campi e Suncana Uvala \u2013 vicino all\u2019albergo Aurora, 10 campi<br \/>\nLussingrande: vicino all\u2019albergo Punta, 13 campi<\/p>\n<p align=\"justify\"><img decoding=\"async\" class=\"alignnone size-full wp-image-1031\" src=\"http:\/\/apartmani-laura.hr\/wp-content\/uploads\/2021\/03\/tennis_0003_2560.jpg\" alt=\"\" width=\"660\" height=\"325\" srcset=\"https:\/\/apartmani-laura.hr\/wp-content\/uploads\/2021\/03\/tennis_0003_2560.jpg 660w, https:\/\/apartmani-laura.hr\/wp-content\/uploads\/2021\/03\/tennis_0003_2560-300x148.jpg 300w\" sizes=\"(max-width: 660px) 100vw, 660px\" \/><\/p>\n<p style=\"text-align: left;\" align=\"center\"><strong>VELA<\/strong><\/p>\n<p align=\"justify\">Uno dei sport di base grazie alla lunga tradizione marinara e l\u2019orientamento degli isolani verso il mare. Da anni si organizza la regata di Lussino, il primo fine settimana di agosto, alla quale possono partecipare tutti coloro che hanno una barca a vela<\/p>\n<p align=\"justify\"><img decoding=\"async\" class=\"size-full wp-image-1027 alignnone\" src=\"http:\/\/apartmani-laura.hr\/wp-content\/uploads\/2021\/03\/Sailing-Yacht-Pinuccia-and-Tomahawk-Image-credit-to-Pendennis.jpg\" alt=\"\" width=\"660\" height=\"442\" srcset=\"https:\/\/apartmani-laura.hr\/wp-content\/uploads\/2021\/03\/Sailing-Yacht-Pinuccia-and-Tomahawk-Image-credit-to-Pendennis.jpg 660w, https:\/\/apartmani-laura.hr\/wp-content\/uploads\/2021\/03\/Sailing-Yacht-Pinuccia-and-Tomahawk-Image-credit-to-Pendennis-300x201.jpg 300w\" sizes=\"(max-width: 660px) 100vw, 660px\" \/><\/p>\n<p><strong>PESCA SPORTIVA<\/strong><\/p>\n<p align=\"justify\">Ha una lunga tradizione a Lussinpiccolo e il primo fucile per la pesca subacquea fu portato gia negli anni \u201930 del secolo scorso. Lussinpiccolo e diventato famoso in ambito mondiale per il tradizionale Campionato di Capodanno di pesca subacquea, che si tiene gia per 40 anni di seguito, e anche il primo campionato mondiale e stato tenuto a Lussinpiccolo nel lontano 1957.<\/p>\n<p align=\"justify\">Nelle baie di Cikat e Suncana Uvala a Lussinpiccolo si ha l\u2019opportunita di praticare ogni tipo di sport acquatico: windsurfing, jet-ski, sci acquatico, IMMERSIONI\u2026<br \/>\nAl di fuori delle attivita menzionate, ci sono possibilita di praticare altri sport, a vostra disposizione ci sono campi di pallacanestro e calcio, un palasport, centri di fitness, piste ciclistiche, l\u2019aeroporto (voli panoramici, paracadutismo)\u2026<\/p>\n<p><img decoding=\"async\" class=\"alignnone size-full wp-image-1023\" src=\"http:\/\/apartmani-laura.hr\/wp-content\/uploads\/2021\/03\/DSCF0305.jpg\" alt=\"\" width=\"660\" height=\"495\" srcset=\"https:\/\/apartmani-laura.hr\/wp-content\/uploads\/2021\/03\/DSCF0305.jpg 660w, https:\/\/apartmani-laura.hr\/wp-content\/uploads\/2021\/03\/DSCF0305-300x225.jpg 300w\" sizes=\"(max-width: 660px) 100vw, 660px\" \/><\/p>\n<p style=\"text-align: left;\" align=\"center\"><strong>PASSEGIATE LUNGO MARE<\/strong><\/p>\n<p align=\"justify\">Sono destinati per il passeggio di un ampio cerchio di passeggiatori, seguono la costa dell\u2019isola passando per numerose baie e attraverso pineti centenari.\u00a0Al di fuori dell\u2019area di Cikat, il passeggio lungomare passa anche per l\u2019area di Suncana uvala, che deve il suo nome (Baia soleggiata) alle bellezze naturali che la caratterizzano. La baia per la sua bellezza e un dono della natura con gli scogli e il mare cristallino.<\/p>\n<p align=\"justify\">Dall\u2019altra parte dell\u2019isola il passeggio lungomare collega Lussinpiccolo a Lussingrande. Raccomandiamo a tutti i visitatori dell\u2019isola di visitare l\u2019originale insediamento dell\u2019isola -Lussingrande, di passeggiare per le sue viuzze, di vedere le ville dei capitani e di visitare il porto peschereccio di Rovenska che attrae per la sua bellissima spiaggia, il frangionde e l\u2019atmosfera peschereccia.<\/p>\n<p><img decoding=\"async\" class=\"alignnone wp-image-1019 size-full\" src=\"http:\/\/apartmani-laura.hr\/wp-content\/uploads\/2021\/03\/lubenice.jpg\" alt=\"Lubenice\" width=\"720\" height=\"351\" srcset=\"https:\/\/apartmani-laura.hr\/wp-content\/uploads\/2021\/03\/lubenice.jpg 720w, https:\/\/apartmani-laura.hr\/wp-content\/uploads\/2021\/03\/lubenice-300x146.jpg 300w\" sizes=\"(max-width: 720px) 100vw, 720px\" \/><\/p>\n<p style=\"text-align: left;\" align=\"center\"><strong>TRASVERSALE ALPINISTICA OSORSCICA \u2013 NEREZINE<\/strong><\/p>\n<p align=\"justify\">Si estende per la parte settentrionale dell\u2019isola di Lussino per circa 10km con la cima piu alta di Televrin (588m). La cima si puo raggiungere partendo da due direzioni, da Ossero e da Nerezine e come compenso vi aspetta una bellissima vista dell\u2019arcipelago lussiniano, delle coste dell\u2019Istria, del monte di Velebit, e la vista si distende fino al Gorski Kotar, al monte Triglav, alle isole di Arbe, Pago e Silba.<\/p>\n<p style=\"text-align: left;\" align=\"center\"><strong>LE GITE<\/strong><\/p>\n<p align=\"justify\">Le numerose baie e insenature offrono possibilita di gite giornaliere con barche.\u00a0Le piu attrattive sono le gite su una delle isole dell\u2019arcipelago lussiniano: Unije, Susak, Ilovik, ma anche su isole vicine Silba e Arbe. Per gli amanti del mare e delle mondo sottomarino si organizzano gite pescherecce e di immersione, per le quali avete a vostra disposizione numerose navi.<\/p>\n<p align=\"justify\">Tutte le informazioni sulle gite organizzate potete averle nelle agenzie turistiche, alberghi, autocampeggi, come pure direttamente a bordo delle navi ancorate nel porto di Lussinpiccolo.<\/p>\n","protected":false},"excerpt":{"rendered":"<p>L\u2019eccezionale clima mite da la possibilita ad ogni amante di vacanze attive e ai sportivi di praticare sport durante tutto l\u2019anno. TENIS Grazie al clima mediterraneo mite, lo tennis si &#8230;<\/p>\n","protected":false},"author":1,"featured_media":1046,"parent":1068,"menu_order":5,"comment_status":"closed","ping_status":"closed","template":"","meta":{"_acf_changed":false,"inline_featured_image":false,"_monsterinsights_skip_tracking":false,"_monsterinsights_sitenote_active":false,"_monsterinsights_sitenote_note":"","_monsterinsights_sitenote_category":0,"footnotes":""},"class_list":["post-1086","page","type-page","status-publish","has-post-thumbnail","hentry"],"acf":[],"yoast_head":"<!-- This site is optimized with the Yoast SEO plugin v25.0 - https:\/\/yoast.com\/wordpress\/plugins\/seo\/ -->\n<title>Sport e Recreazione - Luksuzni privatni smje\u0161taj<\/title>\n<meta name=\"robots\" content=\"index, follow, max-snippet:-1, max-image-preview:large, max-video-preview:-1\" \/>\n<link rel=\"canonical\" href=\"https:\/\/apartmani-laura.hr\/it\/lisola-di-lossino\/sport-e-recreazione\/\" \/>\n<meta property=\"og:locale\" content=\"it_IT\" \/>\n<meta property=\"og:type\" content=\"article\" \/>\n<meta property=\"og:title\" content=\"Sport e Recreazione - Luksuzni privatni smje\u0161taj\" \/>\n<meta property=\"og:description\" content=\"L\u2019eccezionale clima mite da la possibilita ad ogni amante di vacanze attive e ai sportivi di praticare sport durante tutto l\u2019anno. TENIS Grazie al clima mediterraneo mite, lo tennis si ...\" \/>\n<meta property=\"og:url\" content=\"https:\/\/apartmani-laura.hr\/it\/lisola-di-lossino\/sport-e-recreazione\/\" \/>\n<meta property=\"og:site_name\" content=\"Luksuzni privatni smje\u0161taj\" \/>\n<meta property=\"article:modified_time\" content=\"2021-03-11T15:42:18+00:00\" \/>\n<meta property=\"og:image\" content=\"https:\/\/apartmani-laura.hr\/wp-content\/uploads\/2021\/03\/Liski-1-scaled.jpg\" \/>\n\t<meta property=\"og:image:width\" content=\"2560\" \/>\n\t<meta property=\"og:image:height\" content=\"1783\" \/>\n\t<meta property=\"og:image:type\" content=\"image\/jpeg\" \/>\n<meta name=\"twitter:card\" content=\"summary_large_image\" \/>\n<meta name=\"twitter:label1\" content=\"Tempo di lettura stimato\" \/>\n\t<meta name=\"twitter:data1\" content=\"3 minuti\" \/>\n<script type=\"application\/ld+json\" class=\"yoast-schema-graph\">{\"@context\":\"https:\/\/schema.org\",\"@graph\":[{\"@type\":\"WebPage\",\"@id\":\"https:\/\/apartmani-laura.hr\/it\/lisola-di-lossino\/sport-e-recreazione\/\",\"url\":\"https:\/\/apartmani-laura.hr\/it\/lisola-di-lossino\/sport-e-recreazione\/\",\"name\":\"Sport e Recreazione - Luksuzni privatni smje\u0161taj\",\"isPartOf\":{\"@id\":\"https:\/\/apartmani-laura.hr\/#website\"},\"primaryImageOfPage\":{\"@id\":\"https:\/\/apartmani-laura.hr\/it\/lisola-di-lossino\/sport-e-recreazione\/#primaryimage\"},\"image\":{\"@id\":\"https:\/\/apartmani-laura.hr\/it\/lisola-di-lossino\/sport-e-recreazione\/#primaryimage\"},\"thumbnailUrl\":\"https:\/\/apartmani-laura.hr\/wp-content\/uploads\/2021\/03\/Liski-1-scaled.jpg\",\"datePublished\":\"2021-03-11T07:52:20+00:00\",\"dateModified\":\"2021-03-11T15:42:18+00:00\",\"breadcrumb\":{\"@id\":\"https:\/\/apartmani-laura.hr\/it\/lisola-di-lossino\/sport-e-recreazione\/#breadcrumb\"},\"inLanguage\":\"it-IT\",\"potentialAction\":[{\"@type\":\"ReadAction\",\"target\":[\"https:\/\/apartmani-laura.hr\/it\/lisola-di-lossino\/sport-e-recreazione\/\"]}]},{\"@type\":\"ImageObject\",\"inLanguage\":\"it-IT\",\"@id\":\"https:\/\/apartmani-laura.hr\/it\/lisola-di-lossino\/sport-e-recreazione\/#primaryimage\",\"url\":\"https:\/\/apartmani-laura.hr\/wp-content\/uploads\/2021\/03\/Liski-1-scaled.jpg\",\"contentUrl\":\"https:\/\/apartmani-laura.hr\/wp-content\/uploads\/2021\/03\/Liski-1-scaled.jpg\",\"width\":2560,\"height\":1783},{\"@type\":\"BreadcrumbList\",\"@id\":\"https:\/\/apartmani-laura.hr\/it\/lisola-di-lossino\/sport-e-recreazione\/#breadcrumb\",\"itemListElement\":[{\"@type\":\"ListItem\",\"position\":1,\"name\":\"Po\u010detna stranica\",\"item\":\"https:\/\/apartmani-laura.hr\/it\/\"},{\"@type\":\"ListItem\",\"position\":2,\"name\":\"L&#8217;isola di Lossino\",\"item\":\"https:\/\/apartmani-laura.hr\/it\/lisola-di-lossino\/\"},{\"@type\":\"ListItem\",\"position\":3,\"name\":\"Sport e Recreazione\"}]},{\"@type\":\"WebSite\",\"@id\":\"https:\/\/apartmani-laura.hr\/#website\",\"url\":\"https:\/\/apartmani-laura.hr\/\",\"name\":\"Luksuzni privatni smje\u0161taj\",\"description\":\"Privatni smje\u0161taj u Malom Lo\u0161inju\",\"publisher\":{\"@id\":\"https:\/\/apartmani-laura.hr\/#organization\"},\"potentialAction\":[{\"@type\":\"SearchAction\",\"target\":{\"@type\":\"EntryPoint\",\"urlTemplate\":\"https:\/\/apartmani-laura.hr\/?s={search_term_string}\"},\"query-input\":{\"@type\":\"PropertyValueSpecification\",\"valueRequired\":true,\"valueName\":\"search_term_string\"}}],\"inLanguage\":\"it-IT\"},{\"@type\":\"Organization\",\"@id\":\"https:\/\/apartmani-laura.hr\/#organization\",\"name\":\"Luksuzni privatni smje\u0161taj\",\"url\":\"https:\/\/apartmani-laura.hr\/\",\"logo\":{\"@type\":\"ImageObject\",\"inLanguage\":\"it-IT\",\"@id\":\"https:\/\/apartmani-laura.hr\/#\/schema\/logo\/image\/\",\"url\":\"https:\/\/apartmani-laura.hr\/wp-content\/uploads\/2021\/02\/logo2.png\",\"contentUrl\":\"https:\/\/apartmani-laura.hr\/wp-content\/uploads\/2021\/02\/logo2.png\",\"width\":300,\"height\":132,\"caption\":\"Luksuzni privatni smje\u0161taj\"},\"image\":{\"@id\":\"https:\/\/apartmani-laura.hr\/#\/schema\/logo\/image\/\"}}]}<\/script>\n<!-- \/ Yoast SEO plugin. -->","yoast_head_json":{"title":"Sport e Recreazione - Luksuzni privatni smje\u0161taj","robots":{"index":"index","follow":"follow","max-snippet":"max-snippet:-1","max-image-preview":"max-image-preview:large","max-video-preview":"max-video-preview:-1"},"canonical":"https:\/\/apartmani-laura.hr\/it\/lisola-di-lossino\/sport-e-recreazione\/","og_locale":"it_IT","og_type":"article","og_title":"Sport e Recreazione - Luksuzni privatni smje\u0161taj","og_description":"L\u2019eccezionale clima mite da la possibilita ad ogni amante di vacanze attive e ai sportivi di praticare sport durante tutto l\u2019anno. TENIS Grazie al clima mediterraneo mite, lo tennis si ...","og_url":"https:\/\/apartmani-laura.hr\/it\/lisola-di-lossino\/sport-e-recreazione\/","og_site_name":"Luksuzni privatni smje\u0161taj","article_modified_time":"2021-03-11T15:42:18+00:00","og_image":[{"width":2560,"height":1783,"url":"https:\/\/apartmani-laura.hr\/wp-content\/uploads\/2021\/03\/Liski-1-scaled.jpg","type":"image\/jpeg"}],"twitter_card":"summary_large_image","twitter_misc":{"Tempo di lettura stimato":"3 minuti"},"schema":{"@context":"https:\/\/schema.org","@graph":[{"@type":"WebPage","@id":"https:\/\/apartmani-laura.hr\/it\/lisola-di-lossino\/sport-e-recreazione\/","url":"https:\/\/apartmani-laura.hr\/it\/lisola-di-lossino\/sport-e-recreazione\/","name":"Sport e Recreazione - Luksuzni privatni smje\u0161taj","isPartOf":{"@id":"https:\/\/apartmani-laura.hr\/#website"},"primaryImageOfPage":{"@id":"https:\/\/apartmani-laura.hr\/it\/lisola-di-lossino\/sport-e-recreazione\/#primaryimage"},"image":{"@id":"https:\/\/apartmani-laura.hr\/it\/lisola-di-lossino\/sport-e-recreazione\/#primaryimage"},"thumbnailUrl":"https:\/\/apartmani-laura.hr\/wp-content\/uploads\/2021\/03\/Liski-1-scaled.jpg","datePublished":"2021-03-11T07:52:20+00:00","dateModified":"2021-03-11T15:42:18+00:00","breadcrumb":{"@id":"https:\/\/apartmani-laura.hr\/it\/lisola-di-lossino\/sport-e-recreazione\/#breadcrumb"},"inLanguage":"it-IT","potentialAction":[{"@type":"ReadAction","target":["https:\/\/apartmani-laura.hr\/it\/lisola-di-lossino\/sport-e-recreazione\/"]}]},{"@type":"ImageObject","inLanguage":"it-IT","@id":"https:\/\/apartmani-laura.hr\/it\/lisola-di-lossino\/sport-e-recreazione\/#primaryimage","url":"https:\/\/apartmani-laura.hr\/wp-content\/uploads\/2021\/03\/Liski-1-scaled.jpg","contentUrl":"https:\/\/apartmani-laura.hr\/wp-content\/uploads\/2021\/03\/Liski-1-scaled.jpg","width":2560,"height":1783},{"@type":"BreadcrumbList","@id":"https:\/\/apartmani-laura.hr\/it\/lisola-di-lossino\/sport-e-recreazione\/#breadcrumb","itemListElement":[{"@type":"ListItem","position":1,"name":"Po\u010detna stranica","item":"https:\/\/apartmani-laura.hr\/it\/"},{"@type":"ListItem","position":2,"name":"L&#8217;isola di Lossino","item":"https:\/\/apartmani-laura.hr\/it\/lisola-di-lossino\/"},{"@type":"ListItem","position":3,"name":"Sport e Recreazione"}]},{"@type":"WebSite","@id":"https:\/\/apartmani-laura.hr\/#website","url":"https:\/\/apartmani-laura.hr\/","name":"Luksuzni privatni smje\u0161taj","description":"Privatni smje\u0161taj u Malom Lo\u0161inju","publisher":{"@id":"https:\/\/apartmani-laura.hr\/#organization"},"potentialAction":[{"@type":"SearchAction","target":{"@type":"EntryPoint","urlTemplate":"https:\/\/apartmani-laura.hr\/?s={search_term_string}"},"query-input":{"@type":"PropertyValueSpecification","valueRequired":true,"valueName":"search_term_string"}}],"inLanguage":"it-IT"},{"@type":"Organization","@id":"https:\/\/apartmani-laura.hr\/#organization","name":"Luksuzni privatni smje\u0161taj","url":"https:\/\/apartmani-laura.hr\/","logo":{"@type":"ImageObject","inLanguage":"it-IT","@id":"https:\/\/apartmani-laura.hr\/#\/schema\/logo\/image\/","url":"https:\/\/apartmani-laura.hr\/wp-content\/uploads\/2021\/02\/logo2.png","contentUrl":"https:\/\/apartmani-laura.hr\/wp-content\/uploads\/2021\/02\/logo2.png","width":300,"height":132,"caption":"Luksuzni privatni smje\u0161taj"},"image":{"@id":"https:\/\/apartmani-laura.hr\/#\/schema\/logo\/image\/"}}]}},"_links":{"self":[{"href":"https:\/\/apartmani-laura.hr\/it\/wp-json\/wp\/v2\/pages\/1086","targetHints":{"allow":["GET"]}}],"collection":[{"href":"https:\/\/apartmani-laura.hr\/it\/wp-json\/wp\/v2\/pages"}],"about":[{"href":"https:\/\/apartmani-laura.hr\/it\/wp-json\/wp\/v2\/types\/page"}],"author":[{"embeddable":true,"href":"https:\/\/apartmani-laura.hr\/it\/wp-json\/wp\/v2\/users\/1"}],"replies":[{"embeddable":true,"href":"https:\/\/apartmani-laura.hr\/it\/wp-json\/wp\/v2\/comments?post=1086"}],"version-history":[{"count":1,"href":"https:\/\/apartmani-laura.hr\/it\/wp-json\/wp\/v2\/pages\/1086\/revisions"}],"predecessor-version":[{"id":1087,"href":"https:\/\/apartmani-laura.hr\/it\/wp-json\/wp\/v2\/pages\/1086\/revisions\/1087"}],"up":[{"embeddable":true,"href":"https:\/\/apartmani-laura.hr\/it\/wp-json\/wp\/v2\/pages\/1068"}],"wp:featuredmedia":[{"embeddable":true,"href":"https:\/\/apartmani-laura.hr\/it\/wp-json\/wp\/v2\/media\/1046"}],"wp:attachment":[{"href":"https:\/\/apartmani-laura.hr\/it\/wp-json\/wp\/v2\/media?parent=1086"}],"curies":[{"name":"wp","href":"https:\/\/api.w.org\/{rel}","templated":true}]}}