{"id":1068,"date":"2021-03-10T09:02:45","date_gmt":"2021-03-10T08:02:45","guid":{"rendered":"http:\/\/apartmani-laura.hr\/?page_id=1068"},"modified":"2021-03-11T16:25:03","modified_gmt":"2021-03-11T15:25:03","slug":"lisola-di-lossino","status":"publish","type":"page","link":"https:\/\/apartmani-laura.hr\/it\/lisola-di-lossino\/","title":{"rendered":"L&#8217;isola di Lossino"},"content":{"rendered":"<p align=\"justify\">E\u2019 parte integrante dell\u2019arcipelago di Cherso e Lussino e forma il gruppo occidentale di isole quarnerine all\u2019interno del golfo del Quarnero, il quale, assieme al golfo di Trieste, e il punto nel quale il Mediterraneo entra piu in profondita nel continente europeo.<\/p>\n<p align=\"justify\">L\u2019insieme delle isole di Cherso e Lussino, formato da 36 isole, isolette e rocce e\u2019 considerato come il piu grande gruppo dell\u2019Adriatico. Le isole di questo gruppo, con la loro posizione centrale, hanno la funzione di un ponte naturale tra l\u2019Istria e la Dalmazia. E\u2019 importante accennare che l\u2019isola si trova a meta strada tra il polo nord e l\u2019equatore, vale a dire il 45 parallelo nord passa per la parte settentrionale dell\u2019isola di Cherso, cosi che la maggior parte dell\u2019arcipelago si trova nella zona subtropica della parte meridionale dell\u2019emisfero boreale.<\/p>\n<p align=\"justify\">La piu grande isola dell\u2019arcipelago e Lussino, l\u2019undicesima isola per grandezza nell\u2019Adriatico.<\/p>\n<p><img decoding=\"async\" class=\"alignnone wp-image-812 size-full\" src=\"http:\/\/apartmani-laura.hr\/wp-content\/uploads\/2021\/03\/Dad-Kampanja.jpg\" alt=\"\" width=\"1360\" height=\"1020\" srcset=\"https:\/\/apartmani-laura.hr\/wp-content\/uploads\/2021\/03\/Dad-Kampanja.jpg 1360w, https:\/\/apartmani-laura.hr\/wp-content\/uploads\/2021\/03\/Dad-Kampanja-300x225.jpg 300w, https:\/\/apartmani-laura.hr\/wp-content\/uploads\/2021\/03\/Dad-Kampanja-1024x768.jpg 1024w, https:\/\/apartmani-laura.hr\/wp-content\/uploads\/2021\/03\/Dad-Kampanja-768x576.jpg 768w\" sizes=\"(max-width: 1360px) 100vw, 1360px\" \/><\/p>\n<p align=\"justify\"><strong>Lussinpiccolo<\/strong>\u00a0e situato nel golfo di Augusta, la piu grande insenatura dell\u2019isola. Con i suoi 6500 abitanti e oggigiorno il piu grande centro abitato delle isole adriatiche.<\/p>\n<p align=\"justify\">Le origini di Lussinpiccolo datano al 12. secolo quando sull\u2019isola di Lussino vennero 12 famiglie croate e si stabilirono nell\u2019orientale baia di San Martino.<\/p>\n<p align=\"justify\">Il periodo d\u2019oro di Lussinpiccolo era la fine del 19. secolo quando, grazie al mare e alla marineria, \u201cil piccolo villaggio\u201d divento cittadina marinara. In seguito a grandi cambiamenti e la crisi della marineria in queste aree, con il passaggio dai velieri alle navi a vapore, sembro che il destino di questa e simili cittadine fosse sigillato. Con la scoperta della salubrita del clima isolano e con l\u2019apparire del nuovo ramo dell\u2019economia locale, il turismo, si apri una nuova pagina nella storia di Lussinpiccolo.<\/p>\n<div align=\"justify\">Oggi, Lussinpiccolo e uno dei maggiori centri turistici dell\u2019Adriatico, famoso in tutto il mondo, fatto testimoniato da numerosi fedeli villeggianti che lo visitano di anno in anno.<\/div>\n","protected":false},"excerpt":{"rendered":"<p>E\u2019 parte integrante dell\u2019arcipelago di Cherso e Lussino e forma il gruppo occidentale di isole quarnerine all\u2019interno del golfo del Quarnero, il quale, assieme al golfo di Trieste, e il &#8230;<\/p>\n","protected":false},"author":1,"featured_media":818,"parent":0,"menu_order":5,"comment_status":"closed","ping_status":"closed","template":"","meta":{"_acf_changed":false,"inline_featured_image":false,"_monsterinsights_skip_tracking":false,"_monsterinsights_sitenote_active":false,"_monsterinsights_sitenote_note":"","_monsterinsights_sitenote_category":0,"footnotes":""},"class_list":["post-1068","page","type-page","status-publish","has-post-thumbnail","hentry"],"acf":[],"yoast_head":"<!-- This site is optimized with the Yoast SEO plugin v25.0 - https:\/\/yoast.com\/wordpress\/plugins\/seo\/ -->\n<title>L&#039;isola di Lossino - Luksuzni privatni smje\u0161taj<\/title>\n<meta name=\"robots\" content=\"index, follow, max-snippet:-1, max-image-preview:large, max-video-preview:-1\" \/>\n<link rel=\"canonical\" href=\"https:\/\/apartmani-laura.hr\/it\/lisola-di-lossino\/\" \/>\n<meta property=\"og:locale\" content=\"it_IT\" \/>\n<meta property=\"og:type\" content=\"article\" \/>\n<meta property=\"og:title\" content=\"L&#039;isola di Lossino - Luksuzni privatni smje\u0161taj\" \/>\n<meta property=\"og:description\" content=\"E\u2019 parte integrante dell\u2019arcipelago di Cherso e Lussino e forma il gruppo occidentale di isole quarnerine all\u2019interno del golfo del Quarnero, il quale, assieme al golfo di Trieste, e il ...\" \/>\n<meta property=\"og:url\" content=\"https:\/\/apartmani-laura.hr\/it\/lisola-di-lossino\/\" \/>\n<meta property=\"og:site_name\" content=\"Luksuzni privatni smje\u0161taj\" \/>\n<meta property=\"article:modified_time\" content=\"2021-03-11T15:25:03+00:00\" \/>\n<meta property=\"og:image\" content=\"https:\/\/apartmani-laura.hr\/wp-content\/uploads\/2021\/03\/Artatore.jpg\" \/>\n\t<meta property=\"og:image:width\" content=\"1360\" \/>\n\t<meta property=\"og:image:height\" content=\"1043\" \/>\n\t<meta property=\"og:image:type\" content=\"image\/jpeg\" \/>\n<meta name=\"twitter:card\" content=\"summary_large_image\" \/>\n<meta name=\"twitter:label1\" content=\"Tempo di lettura stimato\" \/>\n\t<meta name=\"twitter:data1\" content=\"2 minuti\" \/>\n<script type=\"application\/ld+json\" class=\"yoast-schema-graph\">{\"@context\":\"https:\/\/schema.org\",\"@graph\":[{\"@type\":\"WebPage\",\"@id\":\"https:\/\/apartmani-laura.hr\/it\/lisola-di-lossino\/\",\"url\":\"https:\/\/apartmani-laura.hr\/it\/lisola-di-lossino\/\",\"name\":\"L'isola di Lossino - Luksuzni privatni smje\u0161taj\",\"isPartOf\":{\"@id\":\"https:\/\/apartmani-laura.hr\/#website\"},\"primaryImageOfPage\":{\"@id\":\"https:\/\/apartmani-laura.hr\/it\/lisola-di-lossino\/#primaryimage\"},\"image\":{\"@id\":\"https:\/\/apartmani-laura.hr\/it\/lisola-di-lossino\/#primaryimage\"},\"thumbnailUrl\":\"https:\/\/apartmani-laura.hr\/wp-content\/uploads\/2021\/03\/Artatore.jpg\",\"datePublished\":\"2021-03-10T08:02:45+00:00\",\"dateModified\":\"2021-03-11T15:25:03+00:00\",\"breadcrumb\":{\"@id\":\"https:\/\/apartmani-laura.hr\/it\/lisola-di-lossino\/#breadcrumb\"},\"inLanguage\":\"it-IT\",\"potentialAction\":[{\"@type\":\"ReadAction\",\"target\":[\"https:\/\/apartmani-laura.hr\/it\/lisola-di-lossino\/\"]}]},{\"@type\":\"ImageObject\",\"inLanguage\":\"it-IT\",\"@id\":\"https:\/\/apartmani-laura.hr\/it\/lisola-di-lossino\/#primaryimage\",\"url\":\"https:\/\/apartmani-laura.hr\/wp-content\/uploads\/2021\/03\/Artatore.jpg\",\"contentUrl\":\"https:\/\/apartmani-laura.hr\/wp-content\/uploads\/2021\/03\/Artatore.jpg\",\"width\":1360,\"height\":1043},{\"@type\":\"BreadcrumbList\",\"@id\":\"https:\/\/apartmani-laura.hr\/it\/lisola-di-lossino\/#breadcrumb\",\"itemListElement\":[{\"@type\":\"ListItem\",\"position\":1,\"name\":\"Po\u010detna stranica\",\"item\":\"https:\/\/apartmani-laura.hr\/it\/\"},{\"@type\":\"ListItem\",\"position\":2,\"name\":\"L&#8217;isola di Lossino\"}]},{\"@type\":\"WebSite\",\"@id\":\"https:\/\/apartmani-laura.hr\/#website\",\"url\":\"https:\/\/apartmani-laura.hr\/\",\"name\":\"Luksuzni privatni smje\u0161taj\",\"description\":\"Privatni smje\u0161taj u Malom Lo\u0161inju\",\"publisher\":{\"@id\":\"https:\/\/apartmani-laura.hr\/#organization\"},\"potentialAction\":[{\"@type\":\"SearchAction\",\"target\":{\"@type\":\"EntryPoint\",\"urlTemplate\":\"https:\/\/apartmani-laura.hr\/?s={search_term_string}\"},\"query-input\":{\"@type\":\"PropertyValueSpecification\",\"valueRequired\":true,\"valueName\":\"search_term_string\"}}],\"inLanguage\":\"it-IT\"},{\"@type\":\"Organization\",\"@id\":\"https:\/\/apartmani-laura.hr\/#organization\",\"name\":\"Luksuzni privatni smje\u0161taj\",\"url\":\"https:\/\/apartmani-laura.hr\/\",\"logo\":{\"@type\":\"ImageObject\",\"inLanguage\":\"it-IT\",\"@id\":\"https:\/\/apartmani-laura.hr\/#\/schema\/logo\/image\/\",\"url\":\"https:\/\/apartmani-laura.hr\/wp-content\/uploads\/2021\/02\/logo2.png\",\"contentUrl\":\"https:\/\/apartmani-laura.hr\/wp-content\/uploads\/2021\/02\/logo2.png\",\"width\":300,\"height\":132,\"caption\":\"Luksuzni privatni smje\u0161taj\"},\"image\":{\"@id\":\"https:\/\/apartmani-laura.hr\/#\/schema\/logo\/image\/\"}}]}<\/script>\n<!-- \/ Yoast SEO plugin. -->","yoast_head_json":{"title":"L'isola di Lossino - Luksuzni privatni smje\u0161taj","robots":{"index":"index","follow":"follow","max-snippet":"max-snippet:-1","max-image-preview":"max-image-preview:large","max-video-preview":"max-video-preview:-1"},"canonical":"https:\/\/apartmani-laura.hr\/it\/lisola-di-lossino\/","og_locale":"it_IT","og_type":"article","og_title":"L'isola di Lossino - Luksuzni privatni smje\u0161taj","og_description":"E\u2019 parte integrante dell\u2019arcipelago di Cherso e Lussino e forma il gruppo occidentale di isole quarnerine all\u2019interno del golfo del Quarnero, il quale, assieme al golfo di Trieste, e il ...","og_url":"https:\/\/apartmani-laura.hr\/it\/lisola-di-lossino\/","og_site_name":"Luksuzni privatni smje\u0161taj","article_modified_time":"2021-03-11T15:25:03+00:00","og_image":[{"width":1360,"height":1043,"url":"https:\/\/apartmani-laura.hr\/wp-content\/uploads\/2021\/03\/Artatore.jpg","type":"image\/jpeg"}],"twitter_card":"summary_large_image","twitter_misc":{"Tempo di lettura stimato":"2 minuti"},"schema":{"@context":"https:\/\/schema.org","@graph":[{"@type":"WebPage","@id":"https:\/\/apartmani-laura.hr\/it\/lisola-di-lossino\/","url":"https:\/\/apartmani-laura.hr\/it\/lisola-di-lossino\/","name":"L'isola di Lossino - Luksuzni privatni smje\u0161taj","isPartOf":{"@id":"https:\/\/apartmani-laura.hr\/#website"},"primaryImageOfPage":{"@id":"https:\/\/apartmani-laura.hr\/it\/lisola-di-lossino\/#primaryimage"},"image":{"@id":"https:\/\/apartmani-laura.hr\/it\/lisola-di-lossino\/#primaryimage"},"thumbnailUrl":"https:\/\/apartmani-laura.hr\/wp-content\/uploads\/2021\/03\/Artatore.jpg","datePublished":"2021-03-10T08:02:45+00:00","dateModified":"2021-03-11T15:25:03+00:00","breadcrumb":{"@id":"https:\/\/apartmani-laura.hr\/it\/lisola-di-lossino\/#breadcrumb"},"inLanguage":"it-IT","potentialAction":[{"@type":"ReadAction","target":["https:\/\/apartmani-laura.hr\/it\/lisola-di-lossino\/"]}]},{"@type":"ImageObject","inLanguage":"it-IT","@id":"https:\/\/apartmani-laura.hr\/it\/lisola-di-lossino\/#primaryimage","url":"https:\/\/apartmani-laura.hr\/wp-content\/uploads\/2021\/03\/Artatore.jpg","contentUrl":"https:\/\/apartmani-laura.hr\/wp-content\/uploads\/2021\/03\/Artatore.jpg","width":1360,"height":1043},{"@type":"BreadcrumbList","@id":"https:\/\/apartmani-laura.hr\/it\/lisola-di-lossino\/#breadcrumb","itemListElement":[{"@type":"ListItem","position":1,"name":"Po\u010detna stranica","item":"https:\/\/apartmani-laura.hr\/it\/"},{"@type":"ListItem","position":2,"name":"L&#8217;isola di Lossino"}]},{"@type":"WebSite","@id":"https:\/\/apartmani-laura.hr\/#website","url":"https:\/\/apartmani-laura.hr\/","name":"Luksuzni privatni smje\u0161taj","description":"Privatni smje\u0161taj u Malom Lo\u0161inju","publisher":{"@id":"https:\/\/apartmani-laura.hr\/#organization"},"potentialAction":[{"@type":"SearchAction","target":{"@type":"EntryPoint","urlTemplate":"https:\/\/apartmani-laura.hr\/?s={search_term_string}"},"query-input":{"@type":"PropertyValueSpecification","valueRequired":true,"valueName":"search_term_string"}}],"inLanguage":"it-IT"},{"@type":"Organization","@id":"https:\/\/apartmani-laura.hr\/#organization","name":"Luksuzni privatni smje\u0161taj","url":"https:\/\/apartmani-laura.hr\/","logo":{"@type":"ImageObject","inLanguage":"it-IT","@id":"https:\/\/apartmani-laura.hr\/#\/schema\/logo\/image\/","url":"https:\/\/apartmani-laura.hr\/wp-content\/uploads\/2021\/02\/logo2.png","contentUrl":"https:\/\/apartmani-laura.hr\/wp-content\/uploads\/2021\/02\/logo2.png","width":300,"height":132,"caption":"Luksuzni privatni smje\u0161taj"},"image":{"@id":"https:\/\/apartmani-laura.hr\/#\/schema\/logo\/image\/"}}]}},"_links":{"self":[{"href":"https:\/\/apartmani-laura.hr\/it\/wp-json\/wp\/v2\/pages\/1068","targetHints":{"allow":["GET"]}}],"collection":[{"href":"https:\/\/apartmani-laura.hr\/it\/wp-json\/wp\/v2\/pages"}],"about":[{"href":"https:\/\/apartmani-laura.hr\/it\/wp-json\/wp\/v2\/types\/page"}],"author":[{"embeddable":true,"href":"https:\/\/apartmani-laura.hr\/it\/wp-json\/wp\/v2\/users\/1"}],"replies":[{"embeddable":true,"href":"https:\/\/apartmani-laura.hr\/it\/wp-json\/wp\/v2\/comments?post=1068"}],"version-history":[{"count":1,"href":"https:\/\/apartmani-laura.hr\/it\/wp-json\/wp\/v2\/pages\/1068\/revisions"}],"predecessor-version":[{"id":1069,"href":"https:\/\/apartmani-laura.hr\/it\/wp-json\/wp\/v2\/pages\/1068\/revisions\/1069"}],"wp:featuredmedia":[{"embeddable":true,"href":"https:\/\/apartmani-laura.hr\/it\/wp-json\/wp\/v2\/media\/818"}],"wp:attachment":[{"href":"https:\/\/apartmani-laura.hr\/it\/wp-json\/wp\/v2\/media?parent=1068"}],"curies":[{"name":"wp","href":"https:\/\/api.w.org\/{rel}","templated":true}]}}