{"id":359,"date":"2021-03-04T08:33:15","date_gmt":"2021-03-04T07:33:15","guid":{"rendered":"http:\/\/apartmani-laura.hr\/?page_id=359"},"modified":"2021-03-04T08:47:37","modified_gmt":"2021-03-04T07:47:37","slug":"how-to-rach-us","status":"publish","type":"page","link":"https:\/\/apartmani-laura.hr\/en\/how-to-rach-us\/","title":{"rendered":"How to rach us?"},"content":{"rendered":"<p><strong><span style=\"font-size: large;\">By Car<\/span><\/strong><\/p>\n<p>From Trieste <span style=\"color: #ff6600;\">(I)<\/span>\u00a0Pasjak border crossing &#8211; Opatija &#8211; Brestova ferry harbour &#8211; Porozina (mainland &#8211; island of Cres)<\/p>\n<p>From Ljubljana<span style=\"color: #ff6600;\">\u00a0(SLO)<\/span>\u00a0Rupa border crossing &#8211; Rijeka &#8211; island of Krk (bridge) &#8211; Valbiska ferry harbour &#8211; Merag (island of Krk &#8211; island of Cres) or Rupa border crossing &#8211; Rijeka &#8211; Opatija &#8211; Brestova ferry harbour &#8211; Porozina (mainland &#8211; island of Cres)<\/p>\n<p>From Zagreb <span style=\"color: #ff6600;\">(CRO)<\/span>\u00a0Rijeka &#8211; island of Krk (bridge) &#8211; Valbiska ferry harbour &#8211; Merag (island of Krk &#8211; island of Cres)<\/p>\n<h3 align=\"left\"><span style=\"font-size: large;\">By Bus<\/span><\/h3>\n<p>The Rijeka &#8211; Mali Lo\u0161inj line runs several times a day <a href=\"http:\/\/www.autotrans.hr\/index.php?id_page=218&amp;lan=1\">(AutoTrans)\u00a0<\/a><\/p>\n<h3><span style=\"font-size: large;\">By Sea<\/span><\/h3>\n<p>By Catamaran &#8211; The Mali Lo\u0161inj &#8211; Rijeka line connects the island of Lo\u0161inj and nearby islands with the mainland once a day all year round (more..). In summer months the Mali Lo\u0161inj &#8211; Ancona and Mali Lo\u0161inj &#8211; Venice lines run\u00a0<a href=\"http:\/\/www.jadrolinija.hr\/default.aspx?lang=2\">(Jadrolinija Rijeka)<\/a><\/p>\n<p>By Ship &#8211; Mali Lo\u0161inj &#8211; Zadar\u00a0<a href=\"http:\/\/www.jadrolinija.hr\/default.aspx?lang=2\" target=\"_blank\" rel=\"noopener\">(Jadrolinija Rijeka)<\/a><\/p>\n<h5 align=\"left\"><span style=\"font-size: large;\">Ferry schedule*<\/span><\/h5>\n<table>\n<tbody>\n<tr>\n<th scope=\"col\">Valbiska<\/th>\n<th scope=\"col\">Merag<\/th>\n<th scope=\"col\">Brestova<\/th>\n<th scope=\"col\">Porozina<\/th>\n<\/tr>\n<tr>\n<td style=\"text-align: center;\">5:45<\/td>\n<td style=\"text-align: center;\">6:30<\/td>\n<td style=\"text-align: center;\">7:30<\/td>\n<td style=\"text-align: center;\">7:00<\/td>\n<\/tr>\n<tr>\n<td style=\"text-align: center;\">7:15<\/td>\n<td style=\"text-align: center;\">8:30<\/td>\n<td style=\"text-align: center;\">9:30<\/td>\n<td style=\"text-align: center;\">9:00<\/td>\n<\/tr>\n<tr>\n<td style=\"text-align: center;\">9:15<\/td>\n<td style=\"text-align: center;\">10:00<\/td>\n<td style=\"text-align: center;\">11:30<\/td>\n<td style=\"text-align: center;\">11:00<\/td>\n<\/tr>\n<tr>\n<td style=\"text-align: center;\">10:45<\/td>\n<td style=\"text-align: center;\">12:30<\/td>\n<td style=\"text-align: center;\">13:30<\/td>\n<td style=\"text-align: center;\">13:00<\/td>\n<\/tr>\n<tr>\n<td style=\"text-align: center;\">13:30<\/td>\n<td style=\"text-align: center;\">15:00<\/td>\n<td style=\"text-align: center;\">14:30<\/td>\n<td style=\"text-align: center;\">14:00<\/td>\n<\/tr>\n<tr>\n<td style=\"text-align: center;\">15:45<\/td>\n<td style=\"text-align: center;\">17:30<\/td>\n<td style=\"text-align: center;\">16:30<\/td>\n<td style=\"text-align: center;\">16:00<\/td>\n<\/tr>\n<tr>\n<td style=\"text-align: center;\">18:15<\/td>\n<td style=\"text-align: center;\">19:00<\/td>\n<td style=\"text-align: center;\">18:30<\/td>\n<td style=\"text-align: center;\">18:00<\/td>\n<\/tr>\n<tr>\n<td style=\"text-align: center;\">19:45<\/td>\n<td style=\"text-align: center;\">20:30<\/td>\n<td style=\"text-align: center;\">19:30<\/td>\n<td style=\"text-align: center;\">19:00<\/td>\n<\/tr>\n<tr>\n<td style=\"text-align: center;\">22:00<\/td>\n<td style=\"text-align: center;\">22:30<\/td>\n<td style=\"text-align: center;\"><\/td>\n<td style=\"text-align: center;\"><\/td>\n<\/tr>\n<\/tbody>\n<\/table>\n<p>*Note: the ride takes around 20 minutes. Tickets are bought on the spot, no reservations.<\/p>\n<p>For more info visit web sites:<\/p>\n<p><a href=\"http:\/\/www.tz-malilosinj.hr\/ArrivalShip.aspx?lang=en-GB\" target=\"_blank\" rel=\"noopener\">Tourist Board of the town of Mali Lo\u0161inj<\/a><\/p>\n<p><a href=\"http:\/\/www.jadrolinija.hr\/default.aspx?lang=2\" target=\"_blank\" rel=\"noopener\">Jadrolinija Rijeka<\/a><\/p>\n<p><a href=\"http:\/\/www.autotrans.hr\/index.php?id_page=218&amp;lan=1\" target=\"_blank\" rel=\"noopener\">AutoTrans<\/a><\/p>\n<p>&nbsp;<\/p>\n<p><strong style=\"font-size: large;\">By Aeroplane<\/strong><\/p>\n<p>&#8220;Lo\u0161inj&#8221; is an international airport that accommodates smaller crafts and offers panoramic flights over the archipelago.<\/p>\n<p><a href=\"http:\/\/www.airportmalilosinj.hr\/\">Lo\u0161inj Airport<\/a><\/p>\n","protected":false},"excerpt":{"rendered":"<p>By Car From Trieste (I)\u00a0Pasjak border crossing &#8211; Opatija &#8211; Brestova ferry harbour &#8211; Porozina (mainland &#8211; island of Cres) From Ljubljana\u00a0(SLO)\u00a0Rupa border crossing &#8211; Rijeka &#8211; island of Krk &#8230;<\/p>\n","protected":false},"author":1,"featured_media":0,"parent":0,"menu_order":1,"comment_status":"closed","ping_status":"closed","template":"template-map.php","meta":{"_acf_changed":false,"inline_featured_image":false,"_monsterinsights_skip_tracking":false,"_monsterinsights_sitenote_active":false,"_monsterinsights_sitenote_note":"","_monsterinsights_sitenote_category":0,"footnotes":""},"class_list":["post-359","page","type-page","status-publish","hentry"],"acf":[],"yoast_head":"<!-- This site is optimized with the Yoast SEO plugin v25.0 - https:\/\/yoast.com\/wordpress\/plugins\/seo\/ -->\n<title>How to rach us? - Luksuzni privatni smje\u0161taj<\/title>\n<meta name=\"robots\" content=\"index, follow, max-snippet:-1, max-image-preview:large, max-video-preview:-1\" \/>\n<link rel=\"canonical\" href=\"https:\/\/apartmani-laura.hr\/en\/how-to-rach-us\/\" \/>\n<meta property=\"og:locale\" content=\"en_US\" \/>\n<meta property=\"og:type\" content=\"article\" \/>\n<meta property=\"og:title\" content=\"How to rach us? - Luksuzni privatni smje\u0161taj\" \/>\n<meta property=\"og:description\" content=\"By Car From Trieste (I)\u00a0Pasjak border crossing &#8211; Opatija &#8211; Brestova ferry harbour &#8211; Porozina (mainland &#8211; island of Cres) From Ljubljana\u00a0(SLO)\u00a0Rupa border crossing &#8211; Rijeka &#8211; island of Krk ...\" \/>\n<meta property=\"og:url\" content=\"https:\/\/apartmani-laura.hr\/en\/how-to-rach-us\/\" \/>\n<meta property=\"og:site_name\" content=\"Luksuzni privatni smje\u0161taj\" \/>\n<meta property=\"article:modified_time\" content=\"2021-03-04T07:47:37+00:00\" \/>\n<meta name=\"twitter:card\" content=\"summary_large_image\" \/>\n<meta name=\"twitter:label1\" content=\"Est. reading time\" \/>\n\t<meta name=\"twitter:data1\" content=\"1 minute\" \/>\n<script type=\"application\/ld+json\" class=\"yoast-schema-graph\">{\"@context\":\"https:\/\/schema.org\",\"@graph\":[{\"@type\":\"WebPage\",\"@id\":\"https:\/\/apartmani-laura.hr\/en\/how-to-rach-us\/\",\"url\":\"https:\/\/apartmani-laura.hr\/en\/how-to-rach-us\/\",\"name\":\"How to rach us? - Luksuzni privatni smje\u0161taj\",\"isPartOf\":{\"@id\":\"https:\/\/apartmani-laura.hr\/#website\"},\"datePublished\":\"2021-03-04T07:33:15+00:00\",\"dateModified\":\"2021-03-04T07:47:37+00:00\",\"breadcrumb\":{\"@id\":\"https:\/\/apartmani-laura.hr\/en\/how-to-rach-us\/#breadcrumb\"},\"inLanguage\":\"en-US\",\"potentialAction\":[{\"@type\":\"ReadAction\",\"target\":[\"https:\/\/apartmani-laura.hr\/en\/how-to-rach-us\/\"]}]},{\"@type\":\"BreadcrumbList\",\"@id\":\"https:\/\/apartmani-laura.hr\/en\/how-to-rach-us\/#breadcrumb\",\"itemListElement\":[{\"@type\":\"ListItem\",\"position\":1,\"name\":\"Po\u010detna stranica\",\"item\":\"https:\/\/apartmani-laura.hr\/en\/\"},{\"@type\":\"ListItem\",\"position\":2,\"name\":\"How to rach us?\"}]},{\"@type\":\"WebSite\",\"@id\":\"https:\/\/apartmani-laura.hr\/#website\",\"url\":\"https:\/\/apartmani-laura.hr\/\",\"name\":\"Luksuzni privatni smje\u0161taj\",\"description\":\"Privatni smje\u0161taj u Malom Lo\u0161inju\",\"publisher\":{\"@id\":\"https:\/\/apartmani-laura.hr\/#organization\"},\"potentialAction\":[{\"@type\":\"SearchAction\",\"target\":{\"@type\":\"EntryPoint\",\"urlTemplate\":\"https:\/\/apartmani-laura.hr\/?s={search_term_string}\"},\"query-input\":{\"@type\":\"PropertyValueSpecification\",\"valueRequired\":true,\"valueName\":\"search_term_string\"}}],\"inLanguage\":\"en-US\"},{\"@type\":\"Organization\",\"@id\":\"https:\/\/apartmani-laura.hr\/#organization\",\"name\":\"Luksuzni privatni smje\u0161taj\",\"url\":\"https:\/\/apartmani-laura.hr\/\",\"logo\":{\"@type\":\"ImageObject\",\"inLanguage\":\"en-US\",\"@id\":\"https:\/\/apartmani-laura.hr\/#\/schema\/logo\/image\/\",\"url\":\"https:\/\/apartmani-laura.hr\/wp-content\/uploads\/2021\/02\/logo2.png\",\"contentUrl\":\"https:\/\/apartmani-laura.hr\/wp-content\/uploads\/2021\/02\/logo2.png\",\"width\":300,\"height\":132,\"caption\":\"Luksuzni privatni smje\u0161taj\"},\"image\":{\"@id\":\"https:\/\/apartmani-laura.hr\/#\/schema\/logo\/image\/\"}}]}<\/script>\n<!-- \/ Yoast SEO plugin. -->","yoast_head_json":{"title":"How to rach us? - Luksuzni privatni smje\u0161taj","robots":{"index":"index","follow":"follow","max-snippet":"max-snippet:-1","max-image-preview":"max-image-preview:large","max-video-preview":"max-video-preview:-1"},"canonical":"https:\/\/apartmani-laura.hr\/en\/how-to-rach-us\/","og_locale":"en_US","og_type":"article","og_title":"How to rach us? - Luksuzni privatni smje\u0161taj","og_description":"By Car From Trieste (I)\u00a0Pasjak border crossing &#8211; Opatija &#8211; Brestova ferry harbour &#8211; Porozina (mainland &#8211; island of Cres) From Ljubljana\u00a0(SLO)\u00a0Rupa border crossing &#8211; Rijeka &#8211; island of Krk ...","og_url":"https:\/\/apartmani-laura.hr\/en\/how-to-rach-us\/","og_site_name":"Luksuzni privatni smje\u0161taj","article_modified_time":"2021-03-04T07:47:37+00:00","twitter_card":"summary_large_image","twitter_misc":{"Est. reading time":"1 minute"},"schema":{"@context":"https:\/\/schema.org","@graph":[{"@type":"WebPage","@id":"https:\/\/apartmani-laura.hr\/en\/how-to-rach-us\/","url":"https:\/\/apartmani-laura.hr\/en\/how-to-rach-us\/","name":"How to rach us? - Luksuzni privatni smje\u0161taj","isPartOf":{"@id":"https:\/\/apartmani-laura.hr\/#website"},"datePublished":"2021-03-04T07:33:15+00:00","dateModified":"2021-03-04T07:47:37+00:00","breadcrumb":{"@id":"https:\/\/apartmani-laura.hr\/en\/how-to-rach-us\/#breadcrumb"},"inLanguage":"en-US","potentialAction":[{"@type":"ReadAction","target":["https:\/\/apartmani-laura.hr\/en\/how-to-rach-us\/"]}]},{"@type":"BreadcrumbList","@id":"https:\/\/apartmani-laura.hr\/en\/how-to-rach-us\/#breadcrumb","itemListElement":[{"@type":"ListItem","position":1,"name":"Po\u010detna stranica","item":"https:\/\/apartmani-laura.hr\/en\/"},{"@type":"ListItem","position":2,"name":"How to rach us?"}]},{"@type":"WebSite","@id":"https:\/\/apartmani-laura.hr\/#website","url":"https:\/\/apartmani-laura.hr\/","name":"Luksuzni privatni smje\u0161taj","description":"Privatni smje\u0161taj u Malom Lo\u0161inju","publisher":{"@id":"https:\/\/apartmani-laura.hr\/#organization"},"potentialAction":[{"@type":"SearchAction","target":{"@type":"EntryPoint","urlTemplate":"https:\/\/apartmani-laura.hr\/?s={search_term_string}"},"query-input":{"@type":"PropertyValueSpecification","valueRequired":true,"valueName":"search_term_string"}}],"inLanguage":"en-US"},{"@type":"Organization","@id":"https:\/\/apartmani-laura.hr\/#organization","name":"Luksuzni privatni smje\u0161taj","url":"https:\/\/apartmani-laura.hr\/","logo":{"@type":"ImageObject","inLanguage":"en-US","@id":"https:\/\/apartmani-laura.hr\/#\/schema\/logo\/image\/","url":"https:\/\/apartmani-laura.hr\/wp-content\/uploads\/2021\/02\/logo2.png","contentUrl":"https:\/\/apartmani-laura.hr\/wp-content\/uploads\/2021\/02\/logo2.png","width":300,"height":132,"caption":"Luksuzni privatni smje\u0161taj"},"image":{"@id":"https:\/\/apartmani-laura.hr\/#\/schema\/logo\/image\/"}}]}},"_links":{"self":[{"href":"https:\/\/apartmani-laura.hr\/en\/wp-json\/wp\/v2\/pages\/359","targetHints":{"allow":["GET"]}}],"collection":[{"href":"https:\/\/apartmani-laura.hr\/en\/wp-json\/wp\/v2\/pages"}],"about":[{"href":"https:\/\/apartmani-laura.hr\/en\/wp-json\/wp\/v2\/types\/page"}],"author":[{"embeddable":true,"href":"https:\/\/apartmani-laura.hr\/en\/wp-json\/wp\/v2\/users\/1"}],"replies":[{"embeddable":true,"href":"https:\/\/apartmani-laura.hr\/en\/wp-json\/wp\/v2\/comments?post=359"}],"version-history":[{"count":2,"href":"https:\/\/apartmani-laura.hr\/en\/wp-json\/wp\/v2\/pages\/359\/revisions"}],"predecessor-version":[{"id":366,"href":"https:\/\/apartmani-laura.hr\/en\/wp-json\/wp\/v2\/pages\/359\/revisions\/366"}],"wp:attachment":[{"href":"https:\/\/apartmani-laura.hr\/en\/wp-json\/wp\/v2\/media?parent=359"}],"curies":[{"name":"wp","href":"https:\/\/api.w.org\/{rel}","templated":true}]}}