{"id":1106,"date":"2021-03-10T11:26:31","date_gmt":"2021-03-10T10:26:31","guid":{"rendered":"http:\/\/apartmani-laura.hr\/?page_id=1106"},"modified":"2021-03-11T17:12:04","modified_gmt":"2021-03-11T16:12:04","slug":"the-climate","status":"publish","type":"page","link":"https:\/\/apartmani-laura.hr\/en\/about-losinj\/the-climate\/","title":{"rendered":"The Climate"},"content":{"rendered":"<p>In 1892 Veli and Mali Lo\u0161inj became climatic spas. The Island of Losinj has the Mediterranean climate with light winters and not too hot summers. The sea has a dominant influence because the Island is far enough from the coast. That is why the winters are lighter and warmer then on the coastal part.<\/p>\n<p><img decoding=\"async\" class=\"alignnone wp-image-962 size-large\" src=\"http:\/\/apartmani-laura.hr\/wp-content\/uploads\/2021\/03\/Dad-Kampanja-1-1024x768.jpg\" alt=\"\" width=\"800\" height=\"600\" srcset=\"https:\/\/apartmani-laura.hr\/wp-content\/uploads\/2021\/03\/Dad-Kampanja-1-1024x768.jpg 1024w, https:\/\/apartmani-laura.hr\/wp-content\/uploads\/2021\/03\/Dad-Kampanja-1-300x225.jpg 300w, https:\/\/apartmani-laura.hr\/wp-content\/uploads\/2021\/03\/Dad-Kampanja-1-768x576.jpg 768w, https:\/\/apartmani-laura.hr\/wp-content\/uploads\/2021\/03\/Dad-Kampanja-1.jpg 1360w\" sizes=\"(max-width: 800px) 100vw, 800px\" \/><\/p>\n<p>Based on the temperature characteristics and the micro-climate Mali Lo\u0161inj is similar to the places on the Cote d\u2019Azur (Cannes, Nice), while from San Krf and Palermo it has 1 to 20\u00b0C higher average temperatures.<\/p>\n<p>Sea temperatures throughout fall, winter and first days of spring higher then air temperatures. The cooling effect of the sea is appreciated during the hottest days of the year. If we take that the sea temperature of 20\u00b0C is pleasant for bathing, then the bathing season in Mali Lo\u0161inj could last up to 126 days, from the first week in June to the second week in October.<\/p>\n<p>Sunny days are also one of the most important characteristics of the climate of Lo\u0161inj. Average number of yearly sunny hours is 2580.<br \/>\nThe frequency of the north-eastern wind is highest during fall, winter and spring. The north wind is strongest in January, while the south wind dominates during the fall<strong>.<\/strong><\/p>\n","protected":false},"excerpt":{"rendered":"<p>In 1892 Veli and Mali Lo\u0161inj became climatic spas. The Island of Losinj has the Mediterranean climate with light winters and not too hot summers. The sea has a dominant &#8230;<\/p>\n","protected":false},"author":1,"featured_media":816,"parent":1063,"menu_order":5,"comment_status":"closed","ping_status":"closed","template":"","meta":{"_acf_changed":false,"inline_featured_image":false,"_monsterinsights_skip_tracking":false,"_monsterinsights_sitenote_active":false,"_monsterinsights_sitenote_note":"","_monsterinsights_sitenote_category":0,"footnotes":""},"class_list":["post-1106","page","type-page","status-publish","has-post-thumbnail","hentry"],"acf":[],"yoast_head":"<!-- This site is optimized with the Yoast SEO plugin v25.0 - https:\/\/yoast.com\/wordpress\/plugins\/seo\/ -->\n<title>The Climate - Luksuzni privatni smje\u0161taj<\/title>\n<meta name=\"robots\" content=\"index, follow, max-snippet:-1, max-image-preview:large, max-video-preview:-1\" \/>\n<link rel=\"canonical\" href=\"https:\/\/apartmani-laura.hr\/en\/about-losinj\/the-climate\/\" \/>\n<meta property=\"og:locale\" content=\"en_US\" \/>\n<meta property=\"og:type\" content=\"article\" \/>\n<meta property=\"og:title\" content=\"The Climate - Luksuzni privatni smje\u0161taj\" \/>\n<meta property=\"og:description\" content=\"In 1892 Veli and Mali Lo\u0161inj became climatic spas. The Island of Losinj has the Mediterranean climate with light winters and not too hot summers. The sea has a dominant ...\" \/>\n<meta property=\"og:url\" content=\"https:\/\/apartmani-laura.hr\/en\/about-losinj\/the-climate\/\" \/>\n<meta property=\"og:site_name\" content=\"Luksuzni privatni smje\u0161taj\" \/>\n<meta property=\"article:modified_time\" content=\"2021-03-11T16:12:04+00:00\" \/>\n<meta property=\"og:image\" content=\"https:\/\/apartmani-laura.hr\/wp-content\/uploads\/2021\/03\/Artatore.jpg\" \/>\n\t<meta property=\"og:image:width\" content=\"1360\" \/>\n\t<meta property=\"og:image:height\" content=\"1043\" \/>\n\t<meta property=\"og:image:type\" content=\"image\/jpeg\" \/>\n<meta name=\"twitter:card\" content=\"summary_large_image\" \/>\n<meta name=\"twitter:label1\" content=\"Est. reading time\" \/>\n\t<meta name=\"twitter:data1\" content=\"1 minute\" \/>\n<script type=\"application\/ld+json\" class=\"yoast-schema-graph\">{\"@context\":\"https:\/\/schema.org\",\"@graph\":[{\"@type\":\"WebPage\",\"@id\":\"https:\/\/apartmani-laura.hr\/en\/about-losinj\/the-climate\/\",\"url\":\"https:\/\/apartmani-laura.hr\/en\/about-losinj\/the-climate\/\",\"name\":\"The Climate - Luksuzni privatni smje\u0161taj\",\"isPartOf\":{\"@id\":\"https:\/\/apartmani-laura.hr\/#website\"},\"primaryImageOfPage\":{\"@id\":\"https:\/\/apartmani-laura.hr\/en\/about-losinj\/the-climate\/#primaryimage\"},\"image\":{\"@id\":\"https:\/\/apartmani-laura.hr\/en\/about-losinj\/the-climate\/#primaryimage\"},\"thumbnailUrl\":\"https:\/\/apartmani-laura.hr\/wp-content\/uploads\/2021\/03\/Artatore.jpg\",\"datePublished\":\"2021-03-10T10:26:31+00:00\",\"dateModified\":\"2021-03-11T16:12:04+00:00\",\"breadcrumb\":{\"@id\":\"https:\/\/apartmani-laura.hr\/en\/about-losinj\/the-climate\/#breadcrumb\"},\"inLanguage\":\"en-US\",\"potentialAction\":[{\"@type\":\"ReadAction\",\"target\":[\"https:\/\/apartmani-laura.hr\/en\/about-losinj\/the-climate\/\"]}]},{\"@type\":\"ImageObject\",\"inLanguage\":\"en-US\",\"@id\":\"https:\/\/apartmani-laura.hr\/en\/about-losinj\/the-climate\/#primaryimage\",\"url\":\"https:\/\/apartmani-laura.hr\/wp-content\/uploads\/2021\/03\/Artatore.jpg\",\"contentUrl\":\"https:\/\/apartmani-laura.hr\/wp-content\/uploads\/2021\/03\/Artatore.jpg\",\"width\":1360,\"height\":1043},{\"@type\":\"BreadcrumbList\",\"@id\":\"https:\/\/apartmani-laura.hr\/en\/about-losinj\/the-climate\/#breadcrumb\",\"itemListElement\":[{\"@type\":\"ListItem\",\"position\":1,\"name\":\"Po\u010detna stranica\",\"item\":\"https:\/\/apartmani-laura.hr\/en\/\"},{\"@type\":\"ListItem\",\"position\":2,\"name\":\"About Lo\u0161inj\",\"item\":\"https:\/\/apartmani-laura.hr\/en\/about-losinj\/\"},{\"@type\":\"ListItem\",\"position\":3,\"name\":\"The Climate\"}]},{\"@type\":\"WebSite\",\"@id\":\"https:\/\/apartmani-laura.hr\/#website\",\"url\":\"https:\/\/apartmani-laura.hr\/\",\"name\":\"Luksuzni privatni smje\u0161taj\",\"description\":\"Privatni smje\u0161taj u Malom Lo\u0161inju\",\"publisher\":{\"@id\":\"https:\/\/apartmani-laura.hr\/#organization\"},\"potentialAction\":[{\"@type\":\"SearchAction\",\"target\":{\"@type\":\"EntryPoint\",\"urlTemplate\":\"https:\/\/apartmani-laura.hr\/?s={search_term_string}\"},\"query-input\":{\"@type\":\"PropertyValueSpecification\",\"valueRequired\":true,\"valueName\":\"search_term_string\"}}],\"inLanguage\":\"en-US\"},{\"@type\":\"Organization\",\"@id\":\"https:\/\/apartmani-laura.hr\/#organization\",\"name\":\"Luksuzni privatni smje\u0161taj\",\"url\":\"https:\/\/apartmani-laura.hr\/\",\"logo\":{\"@type\":\"ImageObject\",\"inLanguage\":\"en-US\",\"@id\":\"https:\/\/apartmani-laura.hr\/#\/schema\/logo\/image\/\",\"url\":\"https:\/\/apartmani-laura.hr\/wp-content\/uploads\/2021\/02\/logo2.png\",\"contentUrl\":\"https:\/\/apartmani-laura.hr\/wp-content\/uploads\/2021\/02\/logo2.png\",\"width\":300,\"height\":132,\"caption\":\"Luksuzni privatni smje\u0161taj\"},\"image\":{\"@id\":\"https:\/\/apartmani-laura.hr\/#\/schema\/logo\/image\/\"}}]}<\/script>\n<!-- \/ Yoast SEO plugin. -->","yoast_head_json":{"title":"The Climate - Luksuzni privatni smje\u0161taj","robots":{"index":"index","follow":"follow","max-snippet":"max-snippet:-1","max-image-preview":"max-image-preview:large","max-video-preview":"max-video-preview:-1"},"canonical":"https:\/\/apartmani-laura.hr\/en\/about-losinj\/the-climate\/","og_locale":"en_US","og_type":"article","og_title":"The Climate - Luksuzni privatni smje\u0161taj","og_description":"In 1892 Veli and Mali Lo\u0161inj became climatic spas. The Island of Losinj has the Mediterranean climate with light winters and not too hot summers. The sea has a dominant ...","og_url":"https:\/\/apartmani-laura.hr\/en\/about-losinj\/the-climate\/","og_site_name":"Luksuzni privatni smje\u0161taj","article_modified_time":"2021-03-11T16:12:04+00:00","og_image":[{"width":1360,"height":1043,"url":"https:\/\/apartmani-laura.hr\/wp-content\/uploads\/2021\/03\/Artatore.jpg","type":"image\/jpeg"}],"twitter_card":"summary_large_image","twitter_misc":{"Est. reading time":"1 minute"},"schema":{"@context":"https:\/\/schema.org","@graph":[{"@type":"WebPage","@id":"https:\/\/apartmani-laura.hr\/en\/about-losinj\/the-climate\/","url":"https:\/\/apartmani-laura.hr\/en\/about-losinj\/the-climate\/","name":"The Climate - Luksuzni privatni smje\u0161taj","isPartOf":{"@id":"https:\/\/apartmani-laura.hr\/#website"},"primaryImageOfPage":{"@id":"https:\/\/apartmani-laura.hr\/en\/about-losinj\/the-climate\/#primaryimage"},"image":{"@id":"https:\/\/apartmani-laura.hr\/en\/about-losinj\/the-climate\/#primaryimage"},"thumbnailUrl":"https:\/\/apartmani-laura.hr\/wp-content\/uploads\/2021\/03\/Artatore.jpg","datePublished":"2021-03-10T10:26:31+00:00","dateModified":"2021-03-11T16:12:04+00:00","breadcrumb":{"@id":"https:\/\/apartmani-laura.hr\/en\/about-losinj\/the-climate\/#breadcrumb"},"inLanguage":"en-US","potentialAction":[{"@type":"ReadAction","target":["https:\/\/apartmani-laura.hr\/en\/about-losinj\/the-climate\/"]}]},{"@type":"ImageObject","inLanguage":"en-US","@id":"https:\/\/apartmani-laura.hr\/en\/about-losinj\/the-climate\/#primaryimage","url":"https:\/\/apartmani-laura.hr\/wp-content\/uploads\/2021\/03\/Artatore.jpg","contentUrl":"https:\/\/apartmani-laura.hr\/wp-content\/uploads\/2021\/03\/Artatore.jpg","width":1360,"height":1043},{"@type":"BreadcrumbList","@id":"https:\/\/apartmani-laura.hr\/en\/about-losinj\/the-climate\/#breadcrumb","itemListElement":[{"@type":"ListItem","position":1,"name":"Po\u010detna stranica","item":"https:\/\/apartmani-laura.hr\/en\/"},{"@type":"ListItem","position":2,"name":"About Lo\u0161inj","item":"https:\/\/apartmani-laura.hr\/en\/about-losinj\/"},{"@type":"ListItem","position":3,"name":"The Climate"}]},{"@type":"WebSite","@id":"https:\/\/apartmani-laura.hr\/#website","url":"https:\/\/apartmani-laura.hr\/","name":"Luksuzni privatni smje\u0161taj","description":"Privatni smje\u0161taj u Malom Lo\u0161inju","publisher":{"@id":"https:\/\/apartmani-laura.hr\/#organization"},"potentialAction":[{"@type":"SearchAction","target":{"@type":"EntryPoint","urlTemplate":"https:\/\/apartmani-laura.hr\/?s={search_term_string}"},"query-input":{"@type":"PropertyValueSpecification","valueRequired":true,"valueName":"search_term_string"}}],"inLanguage":"en-US"},{"@type":"Organization","@id":"https:\/\/apartmani-laura.hr\/#organization","name":"Luksuzni privatni smje\u0161taj","url":"https:\/\/apartmani-laura.hr\/","logo":{"@type":"ImageObject","inLanguage":"en-US","@id":"https:\/\/apartmani-laura.hr\/#\/schema\/logo\/image\/","url":"https:\/\/apartmani-laura.hr\/wp-content\/uploads\/2021\/02\/logo2.png","contentUrl":"https:\/\/apartmani-laura.hr\/wp-content\/uploads\/2021\/02\/logo2.png","width":300,"height":132,"caption":"Luksuzni privatni smje\u0161taj"},"image":{"@id":"https:\/\/apartmani-laura.hr\/#\/schema\/logo\/image\/"}}]}},"_links":{"self":[{"href":"https:\/\/apartmani-laura.hr\/en\/wp-json\/wp\/v2\/pages\/1106","targetHints":{"allow":["GET"]}}],"collection":[{"href":"https:\/\/apartmani-laura.hr\/en\/wp-json\/wp\/v2\/pages"}],"about":[{"href":"https:\/\/apartmani-laura.hr\/en\/wp-json\/wp\/v2\/types\/page"}],"author":[{"embeddable":true,"href":"https:\/\/apartmani-laura.hr\/en\/wp-json\/wp\/v2\/users\/1"}],"replies":[{"embeddable":true,"href":"https:\/\/apartmani-laura.hr\/en\/wp-json\/wp\/v2\/comments?post=1106"}],"version-history":[{"count":2,"href":"https:\/\/apartmani-laura.hr\/en\/wp-json\/wp\/v2\/pages\/1106\/revisions"}],"predecessor-version":[{"id":1108,"href":"https:\/\/apartmani-laura.hr\/en\/wp-json\/wp\/v2\/pages\/1106\/revisions\/1108"}],"up":[{"embeddable":true,"href":"https:\/\/apartmani-laura.hr\/en\/wp-json\/wp\/v2\/pages\/1063"}],"wp:featuredmedia":[{"embeddable":true,"href":"https:\/\/apartmani-laura.hr\/en\/wp-json\/wp\/v2\/media\/816"}],"wp:attachment":[{"href":"https:\/\/apartmani-laura.hr\/en\/wp-json\/wp\/v2\/media?parent=1106"}],"curies":[{"name":"wp","href":"https:\/\/api.w.org\/{rel}","templated":true}]}}