{"id":1084,"date":"2021-03-11T08:52:20","date_gmt":"2021-03-11T07:52:20","guid":{"rendered":"http:\/\/apartmani-laura.hr\/?page_id=1084"},"modified":"2021-03-11T16:40:01","modified_gmt":"2021-03-11T15:40:01","slug":"sports-recreation","status":"publish","type":"page","link":"https:\/\/apartmani-laura.hr\/en\/about-losinj\/sports-recreation\/","title":{"rendered":"Sports &#038; Recreation"},"content":{"rendered":"<p align=\"justify\">The very mild climate gives the active vacation lovers, sportsman and recreations a possibility to enjoy sports all year around.<br \/>\nDuring the summer season, various types of water sports (wind surfing, water skiing, jet-ski, scubadiving, etc.), can be enjoyed in the coves of \u010cikat and Sun\u010dana uvala in Mali Lo\u0161inj.<\/p>\n<p align=\"justify\"><strong>TENNIS<\/strong><\/p>\n<p align=\"justify\">Next to the recreational activities, tennis schools have been organised, and since 1994 the traditional \u201cRiviera of Losinj\u201d tournament takes place in June and September.<br \/>\nTennis courts in:\u00a0Mali Lo\u0161inj: \u010cikat \u2013 near hotel \u201cBellevue\u201d, 5 courts and Sun\u010dana Uvala \u2013 near hotel \u201cAurora\u201d, 10 courts.<\/p>\n<p align=\"justify\">Veli Lo\u0161inj \u2013 near hotel \u201cPunta\u201d, 13 courts.<\/p>\n<p align=\"justify\"><img decoding=\"async\" class=\"alignnone size-full wp-image-1031\" src=\"http:\/\/apartmani-laura.hr\/wp-content\/uploads\/2021\/03\/tennis_0003_2560.jpg\" alt=\"\" width=\"660\" height=\"325\" srcset=\"https:\/\/apartmani-laura.hr\/wp-content\/uploads\/2021\/03\/tennis_0003_2560.jpg 660w, https:\/\/apartmani-laura.hr\/wp-content\/uploads\/2021\/03\/tennis_0003_2560-300x148.jpg 300w\" sizes=\"(max-width: 660px) 100vw, 660px\" \/><\/p>\n<p style=\"text-align: left;\" align=\"center\"><strong>SAILING<\/strong><\/p>\n<p align=\"justify\">It\u2019s one of the traditional sports, thanks to the long history of maritime traditions. For many years we have been organizing the \u201cRegatta of Losinj\u201d during the first weekend of August and all those that have a sail boat may participate.<\/p>\n<p align=\"justify\"><img decoding=\"async\" class=\"size-full wp-image-1027 alignnone\" src=\"http:\/\/apartmani-laura.hr\/wp-content\/uploads\/2021\/03\/Sailing-Yacht-Pinuccia-and-Tomahawk-Image-credit-to-Pendennis.jpg\" alt=\"\" width=\"660\" height=\"442\" srcset=\"https:\/\/apartmani-laura.hr\/wp-content\/uploads\/2021\/03\/Sailing-Yacht-Pinuccia-and-Tomahawk-Image-credit-to-Pendennis.jpg 660w, https:\/\/apartmani-laura.hr\/wp-content\/uploads\/2021\/03\/Sailing-Yacht-Pinuccia-and-Tomahawk-Image-credit-to-Pendennis-300x201.jpg 300w\" sizes=\"(max-width: 660px) 100vw, 660px\" \/><\/p>\n<p><strong>SPORT FISHING<\/strong><\/p>\n<p align=\"justify\">Mali Losinj has become known in the World because of its traditional New Year Cup in spear-fishing held for 40 years in a row, while also the first World Championship in spear-fishing was held in Mali Losinj in 1957.<\/p>\n<p>Besides what\u2019s already stated, there are numerous other options for enjoying sport activities. At your convenience are a number of basketball and soccer grounds, a hall for indoor sports, fitness centers, cycling and walking trails and an airport where panoramic flights and\u00a0parachuting are available.<\/p>\n<p><img decoding=\"async\" class=\"alignnone size-full wp-image-1023\" src=\"http:\/\/apartmani-laura.hr\/wp-content\/uploads\/2021\/03\/DSCF0305.jpg\" alt=\"\" width=\"660\" height=\"495\" srcset=\"https:\/\/apartmani-laura.hr\/wp-content\/uploads\/2021\/03\/DSCF0305.jpg 660w, https:\/\/apartmani-laura.hr\/wp-content\/uploads\/2021\/03\/DSCF0305-300x225.jpg 300w\" sizes=\"(max-width: 660px) 100vw, 660px\" \/><\/p>\n<p style=\"text-align: left;\" align=\"center\"><strong>WALKING &amp; HIKING<\/strong><\/p>\n<p style=\"text-align: left;\" align=\"center\">According to how demanding they are the promenades and footpaths are divided into three groups: sea-promenades, easy and more difficult footpaths. Sea promenades follow the coast-line along numerous coves and alcoves and through centuries old pine forests.\u00a0Walking along the \u010cikat Cove, you can find beautiful villas of Austrian nobility. Except through \u010cikat, the promenade passes through the Sun\u010dana Uvala cove. It got it\u2019s name from the crystal clear sea and the flat, reflecting stones that surround it.<\/p>\n<p style=\"text-align: left;\" align=\"center\">On the other side of the island there is a sea-promenade that connects Mali and Veli Losinj.We recommend all the visitors of the island to take a walk to Veli Losinj, the first island settlement, then enjoy a stroll through its narrow streets and have a look at the luxurious villas of one-time sea captains.Do visit the little fishermen\u2019s harbour of Rovenska with its beautiful beach, a break-water, as well as an air of a traditional fishing village.<\/p>\n<p style=\"text-align: left;\" align=\"center\">The more difficult footpaths are intended for hikers, and include steeper climbs and, occasionally a more challenging terrain. These tracks, however, pass through untouched nature and offer a lot of magnificent vistas of the Archipelago. On a special note, we\u2019d\u00a0recommend\u00a0the one under the church of St. John.<\/p>\n<p><img decoding=\"async\" class=\"alignnone wp-image-1019 size-full\" src=\"http:\/\/apartmani-laura.hr\/wp-content\/uploads\/2021\/03\/lubenice.jpg\" alt=\"Lubenice\" width=\"720\" height=\"351\" srcset=\"https:\/\/apartmani-laura.hr\/wp-content\/uploads\/2021\/03\/lubenice.jpg 720w, https:\/\/apartmani-laura.hr\/wp-content\/uploads\/2021\/03\/lubenice-300x146.jpg 300w\" sizes=\"(max-width: 720px) 100vw, 720px\" \/><\/p>\n<p style=\"text-align: left;\" align=\"center\"><strong>HIKING TRAIL<br \/>\n<\/strong>OSOR\u0160\u0106ICA \u2013 NEREZINE<\/p>\n<p align=\"justify\">It leads along the northern part of the island of Losinj and stretches for about 10 kilometres.The highest peak is Televrin with 588 m.\u00a0One can set out to the top from two directions, Osor and Nerezine. When you reach the top, you will find a wonderful view of the whole Losinj archipelago, the coast of Istria, Mount Velebit, even the region of Gorski kotar, Mount Triglav and the islands of Rab, Pag and Silba.<\/p>\n<p style=\"text-align: left;\" align=\"center\"><strong>EXCURSIONS<\/strong><\/p>\n<p style=\"text-align: left;\" align=\"center\">Numerous bays, lagoons and inlets give the possibility for many one-day boat excursions.\u00a0The most attractive are the excursions to the islands of the archipelago of Losinj, Unije, Susak, Ilovik, but also the neighboring islands Silba and Rab. For the many lovers of the sea and the marine life we organize fishing and diving excursions with the many excursions boats. All information regarding these excursions you may receive at the travel agencies, hotels, camping sites, as well as directly from the excursions boats in the harbor of Mali Losinj.<\/p>\n","protected":false},"excerpt":{"rendered":"<p>The very mild climate gives the active vacation lovers, sportsman and recreations a possibility to enjoy sports all year around. During the summer season, various types of water sports (wind &#8230;<\/p>\n","protected":false},"author":1,"featured_media":1044,"parent":1063,"menu_order":5,"comment_status":"closed","ping_status":"closed","template":"","meta":{"_acf_changed":false,"inline_featured_image":false,"_monsterinsights_skip_tracking":false,"_monsterinsights_sitenote_active":false,"_monsterinsights_sitenote_note":"","_monsterinsights_sitenote_category":0,"footnotes":""},"class_list":["post-1084","page","type-page","status-publish","has-post-thumbnail","hentry"],"acf":[],"yoast_head":"<!-- This site is optimized with the Yoast SEO plugin v25.0 - https:\/\/yoast.com\/wordpress\/plugins\/seo\/ -->\n<title>Sports &amp; Recreation - Luksuzni privatni smje\u0161taj<\/title>\n<meta name=\"robots\" content=\"index, follow, max-snippet:-1, max-image-preview:large, max-video-preview:-1\" \/>\n<link rel=\"canonical\" href=\"https:\/\/apartmani-laura.hr\/en\/about-losinj\/sports-recreation\/\" \/>\n<meta property=\"og:locale\" content=\"en_US\" \/>\n<meta property=\"og:type\" content=\"article\" \/>\n<meta property=\"og:title\" content=\"Sports &amp; Recreation - Luksuzni privatni smje\u0161taj\" \/>\n<meta property=\"og:description\" content=\"The very mild climate gives the active vacation lovers, sportsman and recreations a possibility to enjoy sports all year around. During the summer season, various types of water sports (wind ...\" \/>\n<meta property=\"og:url\" content=\"https:\/\/apartmani-laura.hr\/en\/about-losinj\/sports-recreation\/\" \/>\n<meta property=\"og:site_name\" content=\"Luksuzni privatni smje\u0161taj\" \/>\n<meta property=\"article:modified_time\" content=\"2021-03-11T15:40:01+00:00\" \/>\n<meta property=\"og:image\" content=\"https:\/\/apartmani-laura.hr\/wp-content\/uploads\/2021\/03\/Liski-1-scaled.jpg\" \/>\n\t<meta property=\"og:image:width\" content=\"2560\" \/>\n\t<meta property=\"og:image:height\" content=\"1783\" \/>\n\t<meta property=\"og:image:type\" content=\"image\/jpeg\" \/>\n<meta name=\"twitter:card\" content=\"summary_large_image\" \/>\n<meta name=\"twitter:label1\" content=\"Est. reading time\" \/>\n\t<meta name=\"twitter:data1\" content=\"3 minutes\" \/>\n<script type=\"application\/ld+json\" class=\"yoast-schema-graph\">{\"@context\":\"https:\/\/schema.org\",\"@graph\":[{\"@type\":\"WebPage\",\"@id\":\"https:\/\/apartmani-laura.hr\/en\/about-losinj\/sports-recreation\/\",\"url\":\"https:\/\/apartmani-laura.hr\/en\/about-losinj\/sports-recreation\/\",\"name\":\"Sports & Recreation - Luksuzni privatni smje\u0161taj\",\"isPartOf\":{\"@id\":\"https:\/\/apartmani-laura.hr\/#website\"},\"primaryImageOfPage\":{\"@id\":\"https:\/\/apartmani-laura.hr\/en\/about-losinj\/sports-recreation\/#primaryimage\"},\"image\":{\"@id\":\"https:\/\/apartmani-laura.hr\/en\/about-losinj\/sports-recreation\/#primaryimage\"},\"thumbnailUrl\":\"https:\/\/apartmani-laura.hr\/wp-content\/uploads\/2021\/03\/Liski-1-scaled.jpg\",\"datePublished\":\"2021-03-11T07:52:20+00:00\",\"dateModified\":\"2021-03-11T15:40:01+00:00\",\"breadcrumb\":{\"@id\":\"https:\/\/apartmani-laura.hr\/en\/about-losinj\/sports-recreation\/#breadcrumb\"},\"inLanguage\":\"en-US\",\"potentialAction\":[{\"@type\":\"ReadAction\",\"target\":[\"https:\/\/apartmani-laura.hr\/en\/about-losinj\/sports-recreation\/\"]}]},{\"@type\":\"ImageObject\",\"inLanguage\":\"en-US\",\"@id\":\"https:\/\/apartmani-laura.hr\/en\/about-losinj\/sports-recreation\/#primaryimage\",\"url\":\"https:\/\/apartmani-laura.hr\/wp-content\/uploads\/2021\/03\/Liski-1-scaled.jpg\",\"contentUrl\":\"https:\/\/apartmani-laura.hr\/wp-content\/uploads\/2021\/03\/Liski-1-scaled.jpg\",\"width\":2560,\"height\":1783},{\"@type\":\"BreadcrumbList\",\"@id\":\"https:\/\/apartmani-laura.hr\/en\/about-losinj\/sports-recreation\/#breadcrumb\",\"itemListElement\":[{\"@type\":\"ListItem\",\"position\":1,\"name\":\"Po\u010detna stranica\",\"item\":\"https:\/\/apartmani-laura.hr\/en\/\"},{\"@type\":\"ListItem\",\"position\":2,\"name\":\"About Lo\u0161inj\",\"item\":\"https:\/\/apartmani-laura.hr\/en\/about-losinj\/\"},{\"@type\":\"ListItem\",\"position\":3,\"name\":\"Sports &#038; Recreation\"}]},{\"@type\":\"WebSite\",\"@id\":\"https:\/\/apartmani-laura.hr\/#website\",\"url\":\"https:\/\/apartmani-laura.hr\/\",\"name\":\"Luksuzni privatni smje\u0161taj\",\"description\":\"Privatni smje\u0161taj u Malom Lo\u0161inju\",\"publisher\":{\"@id\":\"https:\/\/apartmani-laura.hr\/#organization\"},\"potentialAction\":[{\"@type\":\"SearchAction\",\"target\":{\"@type\":\"EntryPoint\",\"urlTemplate\":\"https:\/\/apartmani-laura.hr\/?s={search_term_string}\"},\"query-input\":{\"@type\":\"PropertyValueSpecification\",\"valueRequired\":true,\"valueName\":\"search_term_string\"}}],\"inLanguage\":\"en-US\"},{\"@type\":\"Organization\",\"@id\":\"https:\/\/apartmani-laura.hr\/#organization\",\"name\":\"Luksuzni privatni smje\u0161taj\",\"url\":\"https:\/\/apartmani-laura.hr\/\",\"logo\":{\"@type\":\"ImageObject\",\"inLanguage\":\"en-US\",\"@id\":\"https:\/\/apartmani-laura.hr\/#\/schema\/logo\/image\/\",\"url\":\"https:\/\/apartmani-laura.hr\/wp-content\/uploads\/2021\/02\/logo2.png\",\"contentUrl\":\"https:\/\/apartmani-laura.hr\/wp-content\/uploads\/2021\/02\/logo2.png\",\"width\":300,\"height\":132,\"caption\":\"Luksuzni privatni smje\u0161taj\"},\"image\":{\"@id\":\"https:\/\/apartmani-laura.hr\/#\/schema\/logo\/image\/\"}}]}<\/script>\n<!-- \/ Yoast SEO plugin. -->","yoast_head_json":{"title":"Sports & Recreation - Luksuzni privatni smje\u0161taj","robots":{"index":"index","follow":"follow","max-snippet":"max-snippet:-1","max-image-preview":"max-image-preview:large","max-video-preview":"max-video-preview:-1"},"canonical":"https:\/\/apartmani-laura.hr\/en\/about-losinj\/sports-recreation\/","og_locale":"en_US","og_type":"article","og_title":"Sports & Recreation - Luksuzni privatni smje\u0161taj","og_description":"The very mild climate gives the active vacation lovers, sportsman and recreations a possibility to enjoy sports all year around. During the summer season, various types of water sports (wind ...","og_url":"https:\/\/apartmani-laura.hr\/en\/about-losinj\/sports-recreation\/","og_site_name":"Luksuzni privatni smje\u0161taj","article_modified_time":"2021-03-11T15:40:01+00:00","og_image":[{"width":2560,"height":1783,"url":"https:\/\/apartmani-laura.hr\/wp-content\/uploads\/2021\/03\/Liski-1-scaled.jpg","type":"image\/jpeg"}],"twitter_card":"summary_large_image","twitter_misc":{"Est. reading time":"3 minutes"},"schema":{"@context":"https:\/\/schema.org","@graph":[{"@type":"WebPage","@id":"https:\/\/apartmani-laura.hr\/en\/about-losinj\/sports-recreation\/","url":"https:\/\/apartmani-laura.hr\/en\/about-losinj\/sports-recreation\/","name":"Sports & Recreation - Luksuzni privatni smje\u0161taj","isPartOf":{"@id":"https:\/\/apartmani-laura.hr\/#website"},"primaryImageOfPage":{"@id":"https:\/\/apartmani-laura.hr\/en\/about-losinj\/sports-recreation\/#primaryimage"},"image":{"@id":"https:\/\/apartmani-laura.hr\/en\/about-losinj\/sports-recreation\/#primaryimage"},"thumbnailUrl":"https:\/\/apartmani-laura.hr\/wp-content\/uploads\/2021\/03\/Liski-1-scaled.jpg","datePublished":"2021-03-11T07:52:20+00:00","dateModified":"2021-03-11T15:40:01+00:00","breadcrumb":{"@id":"https:\/\/apartmani-laura.hr\/en\/about-losinj\/sports-recreation\/#breadcrumb"},"inLanguage":"en-US","potentialAction":[{"@type":"ReadAction","target":["https:\/\/apartmani-laura.hr\/en\/about-losinj\/sports-recreation\/"]}]},{"@type":"ImageObject","inLanguage":"en-US","@id":"https:\/\/apartmani-laura.hr\/en\/about-losinj\/sports-recreation\/#primaryimage","url":"https:\/\/apartmani-laura.hr\/wp-content\/uploads\/2021\/03\/Liski-1-scaled.jpg","contentUrl":"https:\/\/apartmani-laura.hr\/wp-content\/uploads\/2021\/03\/Liski-1-scaled.jpg","width":2560,"height":1783},{"@type":"BreadcrumbList","@id":"https:\/\/apartmani-laura.hr\/en\/about-losinj\/sports-recreation\/#breadcrumb","itemListElement":[{"@type":"ListItem","position":1,"name":"Po\u010detna stranica","item":"https:\/\/apartmani-laura.hr\/en\/"},{"@type":"ListItem","position":2,"name":"About Lo\u0161inj","item":"https:\/\/apartmani-laura.hr\/en\/about-losinj\/"},{"@type":"ListItem","position":3,"name":"Sports &#038; Recreation"}]},{"@type":"WebSite","@id":"https:\/\/apartmani-laura.hr\/#website","url":"https:\/\/apartmani-laura.hr\/","name":"Luksuzni privatni smje\u0161taj","description":"Privatni smje\u0161taj u Malom Lo\u0161inju","publisher":{"@id":"https:\/\/apartmani-laura.hr\/#organization"},"potentialAction":[{"@type":"SearchAction","target":{"@type":"EntryPoint","urlTemplate":"https:\/\/apartmani-laura.hr\/?s={search_term_string}"},"query-input":{"@type":"PropertyValueSpecification","valueRequired":true,"valueName":"search_term_string"}}],"inLanguage":"en-US"},{"@type":"Organization","@id":"https:\/\/apartmani-laura.hr\/#organization","name":"Luksuzni privatni smje\u0161taj","url":"https:\/\/apartmani-laura.hr\/","logo":{"@type":"ImageObject","inLanguage":"en-US","@id":"https:\/\/apartmani-laura.hr\/#\/schema\/logo\/image\/","url":"https:\/\/apartmani-laura.hr\/wp-content\/uploads\/2021\/02\/logo2.png","contentUrl":"https:\/\/apartmani-laura.hr\/wp-content\/uploads\/2021\/02\/logo2.png","width":300,"height":132,"caption":"Luksuzni privatni smje\u0161taj"},"image":{"@id":"https:\/\/apartmani-laura.hr\/#\/schema\/logo\/image\/"}}]}},"_links":{"self":[{"href":"https:\/\/apartmani-laura.hr\/en\/wp-json\/wp\/v2\/pages\/1084","targetHints":{"allow":["GET"]}}],"collection":[{"href":"https:\/\/apartmani-laura.hr\/en\/wp-json\/wp\/v2\/pages"}],"about":[{"href":"https:\/\/apartmani-laura.hr\/en\/wp-json\/wp\/v2\/types\/page"}],"author":[{"embeddable":true,"href":"https:\/\/apartmani-laura.hr\/en\/wp-json\/wp\/v2\/users\/1"}],"replies":[{"embeddable":true,"href":"https:\/\/apartmani-laura.hr\/en\/wp-json\/wp\/v2\/comments?post=1084"}],"version-history":[{"count":1,"href":"https:\/\/apartmani-laura.hr\/en\/wp-json\/wp\/v2\/pages\/1084\/revisions"}],"predecessor-version":[{"id":1085,"href":"https:\/\/apartmani-laura.hr\/en\/wp-json\/wp\/v2\/pages\/1084\/revisions\/1085"}],"up":[{"embeddable":true,"href":"https:\/\/apartmani-laura.hr\/en\/wp-json\/wp\/v2\/pages\/1063"}],"wp:featuredmedia":[{"embeddable":true,"href":"https:\/\/apartmani-laura.hr\/en\/wp-json\/wp\/v2\/media\/1044"}],"wp:attachment":[{"href":"https:\/\/apartmani-laura.hr\/en\/wp-json\/wp\/v2\/media?parent=1084"}],"curies":[{"name":"wp","href":"https:\/\/api.w.org\/{rel}","templated":true}]}}