{"id":1070,"date":"2021-03-10T10:30:24","date_gmt":"2021-03-10T09:30:24","guid":{"rendered":"http:\/\/apartmani-laura.hr\/?page_id=1070"},"modified":"2021-03-11T16:26:05","modified_gmt":"2021-03-11T15:26:05","slug":"legend-of-losinj","status":"publish","type":"page","link":"https:\/\/apartmani-laura.hr\/en\/about-losinj\/legend-of-losinj\/","title":{"rendered":"Legend of Lo\u0161inj"},"content":{"rendered":"<p align=\"justify\">The archipelagos of Cres and Losinj had, in ancient times, a common name \u2013\u00a0<strong>APSYRTIDES<\/strong>. As this denomination comes from the name of the Greek hero Apsirt, the end of one variant of the legend about the ancient sailors Argonauts has its roots upon our islands.<\/p>\n<p align=\"justify\">One King (Eata from Kohilda) had the Golden Fleece. There was a brave fellow Jason who, cunningly and with the help of an enchantress, the King\u2019s daughter Medea (who, of course, had fallen madly in love with Jason), got hold of the Golden Fleece and escaped with his friends the Argonauts on the ship Argo. Apsirt, the King\u2019s son, went with his ship in pursuit of the hijackers. After a long journey he reached them. Medea deceivingly managed to entice her brother Apsirt into negotiations where Jason killed him from ambush. Medea had cut apart Apsirt\u2019s dead body and thrown his limbs into the sea.<br \/>\nFrom Apsirt\u2019s body came into being the island of Apsirt \u2013\u00a0<strong>the APSYRTIDES<\/strong>.<\/p>\n<p align=\"justify\">That is how, according to an ancient legend, emerged the islands of\u00a0<strong>Cres<\/strong>\u00a0and\u00a0<strong>Losinj<\/strong>\u00a0and their archipelagos.<\/p>\n","protected":false},"excerpt":{"rendered":"<p>The archipelagos of Cres and Losinj had, in ancient times, a common name \u2013\u00a0APSYRTIDES. As this denomination comes from the name of the Greek hero Apsirt, the end of one &#8230;<\/p>\n","protected":false},"author":1,"featured_media":946,"parent":1063,"menu_order":0,"comment_status":"closed","ping_status":"closed","template":"","meta":{"_acf_changed":false,"inline_featured_image":false,"_monsterinsights_skip_tracking":false,"_monsterinsights_sitenote_active":false,"_monsterinsights_sitenote_note":"","_monsterinsights_sitenote_category":0,"footnotes":""},"class_list":["post-1070","page","type-page","status-publish","has-post-thumbnail","hentry"],"acf":[],"yoast_head":"<!-- This site is optimized with the Yoast SEO plugin v25.0 - https:\/\/yoast.com\/wordpress\/plugins\/seo\/ -->\n<title>Legend of Lo\u0161inj - Luksuzni privatni smje\u0161taj<\/title>\n<meta name=\"robots\" content=\"index, follow, max-snippet:-1, max-image-preview:large, max-video-preview:-1\" \/>\n<link rel=\"canonical\" href=\"https:\/\/apartmani-laura.hr\/en\/about-losinj\/legend-of-losinj\/\" \/>\n<meta property=\"og:locale\" content=\"en_US\" \/>\n<meta property=\"og:type\" content=\"article\" \/>\n<meta property=\"og:title\" content=\"Legend of Lo\u0161inj - Luksuzni privatni smje\u0161taj\" \/>\n<meta property=\"og:description\" content=\"The archipelagos of Cres and Losinj had, in ancient times, a common name \u2013\u00a0APSYRTIDES. As this denomination comes from the name of the Greek hero Apsirt, the end of one ...\" \/>\n<meta property=\"og:url\" content=\"https:\/\/apartmani-laura.hr\/en\/about-losinj\/legend-of-losinj\/\" \/>\n<meta property=\"og:site_name\" content=\"Luksuzni privatni smje\u0161taj\" \/>\n<meta property=\"article:modified_time\" content=\"2021-03-11T15:26:05+00:00\" \/>\n<meta property=\"og:image\" content=\"https:\/\/apartmani-laura.hr\/wp-content\/uploads\/2021\/03\/IMG_8332.jpg\" \/>\n\t<meta property=\"og:image:width\" content=\"1360\" \/>\n\t<meta property=\"og:image:height\" content=\"907\" \/>\n\t<meta property=\"og:image:type\" content=\"image\/jpeg\" \/>\n<meta name=\"twitter:card\" content=\"summary_large_image\" \/>\n<meta name=\"twitter:label1\" content=\"Est. reading time\" \/>\n\t<meta name=\"twitter:data1\" content=\"1 minute\" \/>\n<script type=\"application\/ld+json\" class=\"yoast-schema-graph\">{\"@context\":\"https:\/\/schema.org\",\"@graph\":[{\"@type\":\"WebPage\",\"@id\":\"https:\/\/apartmani-laura.hr\/en\/about-losinj\/legend-of-losinj\/\",\"url\":\"https:\/\/apartmani-laura.hr\/en\/about-losinj\/legend-of-losinj\/\",\"name\":\"Legend of Lo\u0161inj - Luksuzni privatni smje\u0161taj\",\"isPartOf\":{\"@id\":\"https:\/\/apartmani-laura.hr\/#website\"},\"primaryImageOfPage\":{\"@id\":\"https:\/\/apartmani-laura.hr\/en\/about-losinj\/legend-of-losinj\/#primaryimage\"},\"image\":{\"@id\":\"https:\/\/apartmani-laura.hr\/en\/about-losinj\/legend-of-losinj\/#primaryimage\"},\"thumbnailUrl\":\"https:\/\/apartmani-laura.hr\/wp-content\/uploads\/2021\/03\/IMG_8332.jpg\",\"datePublished\":\"2021-03-10T09:30:24+00:00\",\"dateModified\":\"2021-03-11T15:26:05+00:00\",\"breadcrumb\":{\"@id\":\"https:\/\/apartmani-laura.hr\/en\/about-losinj\/legend-of-losinj\/#breadcrumb\"},\"inLanguage\":\"en-US\",\"potentialAction\":[{\"@type\":\"ReadAction\",\"target\":[\"https:\/\/apartmani-laura.hr\/en\/about-losinj\/legend-of-losinj\/\"]}]},{\"@type\":\"ImageObject\",\"inLanguage\":\"en-US\",\"@id\":\"https:\/\/apartmani-laura.hr\/en\/about-losinj\/legend-of-losinj\/#primaryimage\",\"url\":\"https:\/\/apartmani-laura.hr\/wp-content\/uploads\/2021\/03\/IMG_8332.jpg\",\"contentUrl\":\"https:\/\/apartmani-laura.hr\/wp-content\/uploads\/2021\/03\/IMG_8332.jpg\",\"width\":1360,\"height\":907},{\"@type\":\"BreadcrumbList\",\"@id\":\"https:\/\/apartmani-laura.hr\/en\/about-losinj\/legend-of-losinj\/#breadcrumb\",\"itemListElement\":[{\"@type\":\"ListItem\",\"position\":1,\"name\":\"Po\u010detna stranica\",\"item\":\"https:\/\/apartmani-laura.hr\/en\/\"},{\"@type\":\"ListItem\",\"position\":2,\"name\":\"About Lo\u0161inj\",\"item\":\"https:\/\/apartmani-laura.hr\/en\/about-losinj\/\"},{\"@type\":\"ListItem\",\"position\":3,\"name\":\"Legend of Lo\u0161inj\"}]},{\"@type\":\"WebSite\",\"@id\":\"https:\/\/apartmani-laura.hr\/#website\",\"url\":\"https:\/\/apartmani-laura.hr\/\",\"name\":\"Luksuzni privatni smje\u0161taj\",\"description\":\"Privatni smje\u0161taj u Malom Lo\u0161inju\",\"publisher\":{\"@id\":\"https:\/\/apartmani-laura.hr\/#organization\"},\"potentialAction\":[{\"@type\":\"SearchAction\",\"target\":{\"@type\":\"EntryPoint\",\"urlTemplate\":\"https:\/\/apartmani-laura.hr\/?s={search_term_string}\"},\"query-input\":{\"@type\":\"PropertyValueSpecification\",\"valueRequired\":true,\"valueName\":\"search_term_string\"}}],\"inLanguage\":\"en-US\"},{\"@type\":\"Organization\",\"@id\":\"https:\/\/apartmani-laura.hr\/#organization\",\"name\":\"Luksuzni privatni smje\u0161taj\",\"url\":\"https:\/\/apartmani-laura.hr\/\",\"logo\":{\"@type\":\"ImageObject\",\"inLanguage\":\"en-US\",\"@id\":\"https:\/\/apartmani-laura.hr\/#\/schema\/logo\/image\/\",\"url\":\"https:\/\/apartmani-laura.hr\/wp-content\/uploads\/2021\/02\/logo2.png\",\"contentUrl\":\"https:\/\/apartmani-laura.hr\/wp-content\/uploads\/2021\/02\/logo2.png\",\"width\":300,\"height\":132,\"caption\":\"Luksuzni privatni smje\u0161taj\"},\"image\":{\"@id\":\"https:\/\/apartmani-laura.hr\/#\/schema\/logo\/image\/\"}}]}<\/script>\n<!-- \/ Yoast SEO plugin. -->","yoast_head_json":{"title":"Legend of Lo\u0161inj - Luksuzni privatni smje\u0161taj","robots":{"index":"index","follow":"follow","max-snippet":"max-snippet:-1","max-image-preview":"max-image-preview:large","max-video-preview":"max-video-preview:-1"},"canonical":"https:\/\/apartmani-laura.hr\/en\/about-losinj\/legend-of-losinj\/","og_locale":"en_US","og_type":"article","og_title":"Legend of Lo\u0161inj - Luksuzni privatni smje\u0161taj","og_description":"The archipelagos of Cres and Losinj had, in ancient times, a common name \u2013\u00a0APSYRTIDES. As this denomination comes from the name of the Greek hero Apsirt, the end of one ...","og_url":"https:\/\/apartmani-laura.hr\/en\/about-losinj\/legend-of-losinj\/","og_site_name":"Luksuzni privatni smje\u0161taj","article_modified_time":"2021-03-11T15:26:05+00:00","og_image":[{"width":1360,"height":907,"url":"https:\/\/apartmani-laura.hr\/wp-content\/uploads\/2021\/03\/IMG_8332.jpg","type":"image\/jpeg"}],"twitter_card":"summary_large_image","twitter_misc":{"Est. reading time":"1 minute"},"schema":{"@context":"https:\/\/schema.org","@graph":[{"@type":"WebPage","@id":"https:\/\/apartmani-laura.hr\/en\/about-losinj\/legend-of-losinj\/","url":"https:\/\/apartmani-laura.hr\/en\/about-losinj\/legend-of-losinj\/","name":"Legend of Lo\u0161inj - Luksuzni privatni smje\u0161taj","isPartOf":{"@id":"https:\/\/apartmani-laura.hr\/#website"},"primaryImageOfPage":{"@id":"https:\/\/apartmani-laura.hr\/en\/about-losinj\/legend-of-losinj\/#primaryimage"},"image":{"@id":"https:\/\/apartmani-laura.hr\/en\/about-losinj\/legend-of-losinj\/#primaryimage"},"thumbnailUrl":"https:\/\/apartmani-laura.hr\/wp-content\/uploads\/2021\/03\/IMG_8332.jpg","datePublished":"2021-03-10T09:30:24+00:00","dateModified":"2021-03-11T15:26:05+00:00","breadcrumb":{"@id":"https:\/\/apartmani-laura.hr\/en\/about-losinj\/legend-of-losinj\/#breadcrumb"},"inLanguage":"en-US","potentialAction":[{"@type":"ReadAction","target":["https:\/\/apartmani-laura.hr\/en\/about-losinj\/legend-of-losinj\/"]}]},{"@type":"ImageObject","inLanguage":"en-US","@id":"https:\/\/apartmani-laura.hr\/en\/about-losinj\/legend-of-losinj\/#primaryimage","url":"https:\/\/apartmani-laura.hr\/wp-content\/uploads\/2021\/03\/IMG_8332.jpg","contentUrl":"https:\/\/apartmani-laura.hr\/wp-content\/uploads\/2021\/03\/IMG_8332.jpg","width":1360,"height":907},{"@type":"BreadcrumbList","@id":"https:\/\/apartmani-laura.hr\/en\/about-losinj\/legend-of-losinj\/#breadcrumb","itemListElement":[{"@type":"ListItem","position":1,"name":"Po\u010detna stranica","item":"https:\/\/apartmani-laura.hr\/en\/"},{"@type":"ListItem","position":2,"name":"About Lo\u0161inj","item":"https:\/\/apartmani-laura.hr\/en\/about-losinj\/"},{"@type":"ListItem","position":3,"name":"Legend of Lo\u0161inj"}]},{"@type":"WebSite","@id":"https:\/\/apartmani-laura.hr\/#website","url":"https:\/\/apartmani-laura.hr\/","name":"Luksuzni privatni smje\u0161taj","description":"Privatni smje\u0161taj u Malom Lo\u0161inju","publisher":{"@id":"https:\/\/apartmani-laura.hr\/#organization"},"potentialAction":[{"@type":"SearchAction","target":{"@type":"EntryPoint","urlTemplate":"https:\/\/apartmani-laura.hr\/?s={search_term_string}"},"query-input":{"@type":"PropertyValueSpecification","valueRequired":true,"valueName":"search_term_string"}}],"inLanguage":"en-US"},{"@type":"Organization","@id":"https:\/\/apartmani-laura.hr\/#organization","name":"Luksuzni privatni smje\u0161taj","url":"https:\/\/apartmani-laura.hr\/","logo":{"@type":"ImageObject","inLanguage":"en-US","@id":"https:\/\/apartmani-laura.hr\/#\/schema\/logo\/image\/","url":"https:\/\/apartmani-laura.hr\/wp-content\/uploads\/2021\/02\/logo2.png","contentUrl":"https:\/\/apartmani-laura.hr\/wp-content\/uploads\/2021\/02\/logo2.png","width":300,"height":132,"caption":"Luksuzni privatni smje\u0161taj"},"image":{"@id":"https:\/\/apartmani-laura.hr\/#\/schema\/logo\/image\/"}}]}},"_links":{"self":[{"href":"https:\/\/apartmani-laura.hr\/en\/wp-json\/wp\/v2\/pages\/1070","targetHints":{"allow":["GET"]}}],"collection":[{"href":"https:\/\/apartmani-laura.hr\/en\/wp-json\/wp\/v2\/pages"}],"about":[{"href":"https:\/\/apartmani-laura.hr\/en\/wp-json\/wp\/v2\/types\/page"}],"author":[{"embeddable":true,"href":"https:\/\/apartmani-laura.hr\/en\/wp-json\/wp\/v2\/users\/1"}],"replies":[{"embeddable":true,"href":"https:\/\/apartmani-laura.hr\/en\/wp-json\/wp\/v2\/comments?post=1070"}],"version-history":[{"count":1,"href":"https:\/\/apartmani-laura.hr\/en\/wp-json\/wp\/v2\/pages\/1070\/revisions"}],"predecessor-version":[{"id":1071,"href":"https:\/\/apartmani-laura.hr\/en\/wp-json\/wp\/v2\/pages\/1070\/revisions\/1071"}],"up":[{"embeddable":true,"href":"https:\/\/apartmani-laura.hr\/en\/wp-json\/wp\/v2\/pages\/1063"}],"wp:featuredmedia":[{"embeddable":true,"href":"https:\/\/apartmani-laura.hr\/en\/wp-json\/wp\/v2\/media\/946"}],"wp:attachment":[{"href":"https:\/\/apartmani-laura.hr\/en\/wp-json\/wp\/v2\/media?parent=1070"}],"curies":[{"name":"wp","href":"https:\/\/api.w.org\/{rel}","templated":true}]}}