{"id":1063,"date":"2021-03-10T09:02:45","date_gmt":"2021-03-10T08:02:45","guid":{"rendered":"http:\/\/apartmani-laura.hr\/?page_id=1063"},"modified":"2021-04-09T08:37:48","modified_gmt":"2021-04-09T06:37:48","slug":"about-losinj","status":"publish","type":"page","link":"https:\/\/apartmani-laura.hr\/en\/about-losinj\/","title":{"rendered":"About Lo\u0161inj"},"content":{"rendered":"<p>The Island of Losinj is part of the Cres-Lo\u0161inj island group, which constitutes the western segment of the Kvarner\u2019s islands inside the Kvarner Bay. The Kvarner Bay together with that of Trieste forms the most inland point of the Mediterranean Sea.\u00a0The islands of this archipelago form the natural bridge between Istria and Dalmatia. The biggest island of the archipelago is Lo\u0161inj.\u00a0The archipelago of Lo\u0161inj comprises the Island of Lo\u0161inj and smaller islands: Unije, Ilovik, Susak, Vele Srakane, and a series of smaller uninhabited islands.<br \/>\nMany, many years ago the island of Cres and Lo\u0161inj where one, only after the channel of Osor was excavated, probably during the Roman period, two islands emerged. Today a bridge connects the islands and in the geographically trafficable sense they form one unit.<\/p>\n<p><img decoding=\"async\" class=\"alignnone wp-image-812 size-full\" src=\"http:\/\/apartmani-laura.hr\/wp-content\/uploads\/2021\/03\/Dad-Kampanja.jpg\" alt=\"\" width=\"1360\" height=\"1020\" srcset=\"https:\/\/apartmani-laura.hr\/wp-content\/uploads\/2021\/03\/Dad-Kampanja.jpg 1360w, https:\/\/apartmani-laura.hr\/wp-content\/uploads\/2021\/03\/Dad-Kampanja-300x225.jpg 300w, https:\/\/apartmani-laura.hr\/wp-content\/uploads\/2021\/03\/Dad-Kampanja-1024x768.jpg 1024w, https:\/\/apartmani-laura.hr\/wp-content\/uploads\/2021\/03\/Dad-Kampanja-768x576.jpg 768w\" sizes=\"(max-width: 1360px) 100vw, 1360px\" \/><\/p>\n<p>The city of Mali Lo\u0161inj, Positioned in the August Bay, the biggest closed bay of the island, with 6500 inhabitants, today is the biggest island city in the Adriatic. Mali Losinj dates back to the 12th century when twelve Croatian families settled in the eastern bay St. Martin. First Croatian settlers were farmers, later they also turned to fishing, sailing and shipbuilding, and with that the settlements moved towards the coast.<br \/>\nThe golden age for Mali Losinj was the end of the 19th century when thanks to seafaring the \u201csmall village\u201d turned into a maritime town. Because of the big changes and the maritime crisis in the region, due to passing from sail boats to steam boats, it seemed that the destiny of this and similar towns was sealed. Upon discovering the health benefits of the climate, and growing of the new economic realm, tourism, a new page in the island\u2019s history was open.<\/p>\n<p>Today Mali Losinj is one of the main tourist centres on the Adriatic known in all European tourism circles, which is proofed by an ever bigger number of guest that visit the island every year.<\/p>\n","protected":false},"excerpt":{"rendered":"<p>The Island of Losinj is part of the Cres-Lo\u0161inj island group, which constitutes the western segment of the Kvarner\u2019s islands inside the Kvarner Bay. The Kvarner Bay together with that &#8230;<\/p>\n","protected":false},"author":1,"featured_media":816,"parent":0,"menu_order":5,"comment_status":"closed","ping_status":"closed","template":"","meta":{"_acf_changed":false,"inline_featured_image":false,"_monsterinsights_skip_tracking":false,"_monsterinsights_sitenote_active":false,"_monsterinsights_sitenote_note":"","_monsterinsights_sitenote_category":0,"footnotes":""},"class_list":["post-1063","page","type-page","status-publish","has-post-thumbnail","hentry"],"acf":[],"yoast_head":"<!-- This site is optimized with the Yoast SEO plugin v25.0 - https:\/\/yoast.com\/wordpress\/plugins\/seo\/ -->\n<title>About Lo\u0161inj - Luksuzni privatni smje\u0161taj<\/title>\n<meta name=\"robots\" content=\"index, follow, max-snippet:-1, max-image-preview:large, max-video-preview:-1\" \/>\n<link rel=\"canonical\" href=\"https:\/\/apartmani-laura.hr\/en\/about-losinj\/\" \/>\n<meta property=\"og:locale\" content=\"en_US\" \/>\n<meta property=\"og:type\" content=\"article\" \/>\n<meta property=\"og:title\" content=\"About Lo\u0161inj - Luksuzni privatni smje\u0161taj\" \/>\n<meta property=\"og:description\" content=\"The Island of Losinj is part of the Cres-Lo\u0161inj island group, which constitutes the western segment of the Kvarner\u2019s islands inside the Kvarner Bay. The Kvarner Bay together with that ...\" \/>\n<meta property=\"og:url\" content=\"https:\/\/apartmani-laura.hr\/en\/about-losinj\/\" \/>\n<meta property=\"og:site_name\" content=\"Luksuzni privatni smje\u0161taj\" \/>\n<meta property=\"article:modified_time\" content=\"2021-04-09T06:37:48+00:00\" \/>\n<meta property=\"og:image\" content=\"https:\/\/apartmani-laura.hr\/wp-content\/uploads\/2021\/03\/Artatore.jpg\" \/>\n\t<meta property=\"og:image:width\" content=\"1360\" \/>\n\t<meta property=\"og:image:height\" content=\"1043\" \/>\n\t<meta property=\"og:image:type\" content=\"image\/jpeg\" \/>\n<meta name=\"twitter:card\" content=\"summary_large_image\" \/>\n<meta name=\"twitter:label1\" content=\"Est. reading time\" \/>\n\t<meta name=\"twitter:data1\" content=\"2 minutes\" \/>\n<script type=\"application\/ld+json\" class=\"yoast-schema-graph\">{\"@context\":\"https:\/\/schema.org\",\"@graph\":[{\"@type\":\"WebPage\",\"@id\":\"https:\/\/apartmani-laura.hr\/en\/about-losinj\/\",\"url\":\"https:\/\/apartmani-laura.hr\/en\/about-losinj\/\",\"name\":\"About Lo\u0161inj - Luksuzni privatni smje\u0161taj\",\"isPartOf\":{\"@id\":\"https:\/\/apartmani-laura.hr\/#website\"},\"primaryImageOfPage\":{\"@id\":\"https:\/\/apartmani-laura.hr\/en\/about-losinj\/#primaryimage\"},\"image\":{\"@id\":\"https:\/\/apartmani-laura.hr\/en\/about-losinj\/#primaryimage\"},\"thumbnailUrl\":\"https:\/\/apartmani-laura.hr\/wp-content\/uploads\/2021\/03\/Artatore.jpg\",\"datePublished\":\"2021-03-10T08:02:45+00:00\",\"dateModified\":\"2021-04-09T06:37:48+00:00\",\"breadcrumb\":{\"@id\":\"https:\/\/apartmani-laura.hr\/en\/about-losinj\/#breadcrumb\"},\"inLanguage\":\"en-US\",\"potentialAction\":[{\"@type\":\"ReadAction\",\"target\":[\"https:\/\/apartmani-laura.hr\/en\/about-losinj\/\"]}]},{\"@type\":\"ImageObject\",\"inLanguage\":\"en-US\",\"@id\":\"https:\/\/apartmani-laura.hr\/en\/about-losinj\/#primaryimage\",\"url\":\"https:\/\/apartmani-laura.hr\/wp-content\/uploads\/2021\/03\/Artatore.jpg\",\"contentUrl\":\"https:\/\/apartmani-laura.hr\/wp-content\/uploads\/2021\/03\/Artatore.jpg\",\"width\":1360,\"height\":1043},{\"@type\":\"BreadcrumbList\",\"@id\":\"https:\/\/apartmani-laura.hr\/en\/about-losinj\/#breadcrumb\",\"itemListElement\":[{\"@type\":\"ListItem\",\"position\":1,\"name\":\"Po\u010detna stranica\",\"item\":\"https:\/\/apartmani-laura.hr\/en\/\"},{\"@type\":\"ListItem\",\"position\":2,\"name\":\"About Lo\u0161inj\"}]},{\"@type\":\"WebSite\",\"@id\":\"https:\/\/apartmani-laura.hr\/#website\",\"url\":\"https:\/\/apartmani-laura.hr\/\",\"name\":\"Luksuzni privatni smje\u0161taj\",\"description\":\"Privatni smje\u0161taj u Malom Lo\u0161inju\",\"publisher\":{\"@id\":\"https:\/\/apartmani-laura.hr\/#organization\"},\"potentialAction\":[{\"@type\":\"SearchAction\",\"target\":{\"@type\":\"EntryPoint\",\"urlTemplate\":\"https:\/\/apartmani-laura.hr\/?s={search_term_string}\"},\"query-input\":{\"@type\":\"PropertyValueSpecification\",\"valueRequired\":true,\"valueName\":\"search_term_string\"}}],\"inLanguage\":\"en-US\"},{\"@type\":\"Organization\",\"@id\":\"https:\/\/apartmani-laura.hr\/#organization\",\"name\":\"Luksuzni privatni smje\u0161taj\",\"url\":\"https:\/\/apartmani-laura.hr\/\",\"logo\":{\"@type\":\"ImageObject\",\"inLanguage\":\"en-US\",\"@id\":\"https:\/\/apartmani-laura.hr\/#\/schema\/logo\/image\/\",\"url\":\"https:\/\/apartmani-laura.hr\/wp-content\/uploads\/2021\/02\/logo2.png\",\"contentUrl\":\"https:\/\/apartmani-laura.hr\/wp-content\/uploads\/2021\/02\/logo2.png\",\"width\":300,\"height\":132,\"caption\":\"Luksuzni privatni smje\u0161taj\"},\"image\":{\"@id\":\"https:\/\/apartmani-laura.hr\/#\/schema\/logo\/image\/\"}}]}<\/script>\n<!-- \/ Yoast SEO plugin. -->","yoast_head_json":{"title":"About Lo\u0161inj - Luksuzni privatni smje\u0161taj","robots":{"index":"index","follow":"follow","max-snippet":"max-snippet:-1","max-image-preview":"max-image-preview:large","max-video-preview":"max-video-preview:-1"},"canonical":"https:\/\/apartmani-laura.hr\/en\/about-losinj\/","og_locale":"en_US","og_type":"article","og_title":"About Lo\u0161inj - Luksuzni privatni smje\u0161taj","og_description":"The Island of Losinj is part of the Cres-Lo\u0161inj island group, which constitutes the western segment of the Kvarner\u2019s islands inside the Kvarner Bay. The Kvarner Bay together with that ...","og_url":"https:\/\/apartmani-laura.hr\/en\/about-losinj\/","og_site_name":"Luksuzni privatni smje\u0161taj","article_modified_time":"2021-04-09T06:37:48+00:00","og_image":[{"width":1360,"height":1043,"url":"https:\/\/apartmani-laura.hr\/wp-content\/uploads\/2021\/03\/Artatore.jpg","type":"image\/jpeg"}],"twitter_card":"summary_large_image","twitter_misc":{"Est. reading time":"2 minutes"},"schema":{"@context":"https:\/\/schema.org","@graph":[{"@type":"WebPage","@id":"https:\/\/apartmani-laura.hr\/en\/about-losinj\/","url":"https:\/\/apartmani-laura.hr\/en\/about-losinj\/","name":"About Lo\u0161inj - Luksuzni privatni smje\u0161taj","isPartOf":{"@id":"https:\/\/apartmani-laura.hr\/#website"},"primaryImageOfPage":{"@id":"https:\/\/apartmani-laura.hr\/en\/about-losinj\/#primaryimage"},"image":{"@id":"https:\/\/apartmani-laura.hr\/en\/about-losinj\/#primaryimage"},"thumbnailUrl":"https:\/\/apartmani-laura.hr\/wp-content\/uploads\/2021\/03\/Artatore.jpg","datePublished":"2021-03-10T08:02:45+00:00","dateModified":"2021-04-09T06:37:48+00:00","breadcrumb":{"@id":"https:\/\/apartmani-laura.hr\/en\/about-losinj\/#breadcrumb"},"inLanguage":"en-US","potentialAction":[{"@type":"ReadAction","target":["https:\/\/apartmani-laura.hr\/en\/about-losinj\/"]}]},{"@type":"ImageObject","inLanguage":"en-US","@id":"https:\/\/apartmani-laura.hr\/en\/about-losinj\/#primaryimage","url":"https:\/\/apartmani-laura.hr\/wp-content\/uploads\/2021\/03\/Artatore.jpg","contentUrl":"https:\/\/apartmani-laura.hr\/wp-content\/uploads\/2021\/03\/Artatore.jpg","width":1360,"height":1043},{"@type":"BreadcrumbList","@id":"https:\/\/apartmani-laura.hr\/en\/about-losinj\/#breadcrumb","itemListElement":[{"@type":"ListItem","position":1,"name":"Po\u010detna stranica","item":"https:\/\/apartmani-laura.hr\/en\/"},{"@type":"ListItem","position":2,"name":"About Lo\u0161inj"}]},{"@type":"WebSite","@id":"https:\/\/apartmani-laura.hr\/#website","url":"https:\/\/apartmani-laura.hr\/","name":"Luksuzni privatni smje\u0161taj","description":"Privatni smje\u0161taj u Malom Lo\u0161inju","publisher":{"@id":"https:\/\/apartmani-laura.hr\/#organization"},"potentialAction":[{"@type":"SearchAction","target":{"@type":"EntryPoint","urlTemplate":"https:\/\/apartmani-laura.hr\/?s={search_term_string}"},"query-input":{"@type":"PropertyValueSpecification","valueRequired":true,"valueName":"search_term_string"}}],"inLanguage":"en-US"},{"@type":"Organization","@id":"https:\/\/apartmani-laura.hr\/#organization","name":"Luksuzni privatni smje\u0161taj","url":"https:\/\/apartmani-laura.hr\/","logo":{"@type":"ImageObject","inLanguage":"en-US","@id":"https:\/\/apartmani-laura.hr\/#\/schema\/logo\/image\/","url":"https:\/\/apartmani-laura.hr\/wp-content\/uploads\/2021\/02\/logo2.png","contentUrl":"https:\/\/apartmani-laura.hr\/wp-content\/uploads\/2021\/02\/logo2.png","width":300,"height":132,"caption":"Luksuzni privatni smje\u0161taj"},"image":{"@id":"https:\/\/apartmani-laura.hr\/#\/schema\/logo\/image\/"}}]}},"_links":{"self":[{"href":"https:\/\/apartmani-laura.hr\/en\/wp-json\/wp\/v2\/pages\/1063","targetHints":{"allow":["GET"]}}],"collection":[{"href":"https:\/\/apartmani-laura.hr\/en\/wp-json\/wp\/v2\/pages"}],"about":[{"href":"https:\/\/apartmani-laura.hr\/en\/wp-json\/wp\/v2\/types\/page"}],"author":[{"embeddable":true,"href":"https:\/\/apartmani-laura.hr\/en\/wp-json\/wp\/v2\/users\/1"}],"replies":[{"embeddable":true,"href":"https:\/\/apartmani-laura.hr\/en\/wp-json\/wp\/v2\/comments?post=1063"}],"version-history":[{"count":3,"href":"https:\/\/apartmani-laura.hr\/en\/wp-json\/wp\/v2\/pages\/1063\/revisions"}],"predecessor-version":[{"id":1128,"href":"https:\/\/apartmani-laura.hr\/en\/wp-json\/wp\/v2\/pages\/1063\/revisions\/1128"}],"wp:featuredmedia":[{"embeddable":true,"href":"https:\/\/apartmani-laura.hr\/en\/wp-json\/wp\/v2\/media\/816"}],"wp:attachment":[{"href":"https:\/\/apartmani-laura.hr\/en\/wp-json\/wp\/v2\/media?parent=1063"}],"curies":[{"name":"wp","href":"https:\/\/api.w.org\/{rel}","templated":true}]}}