{"id":334,"date":"2021-02-17T12:37:11","date_gmt":"2021-02-17T11:37:11","guid":{"rendered":"http:\/\/apartmani-laura.hr\/?page_id=334"},"modified":"2021-03-09T12:14:58","modified_gmt":"2021-03-09T11:14:58","slug":"home","status":"publish","type":"page","link":"https:\/\/apartmani-laura.hr\/de\/","title":{"rendered":"Apartments Laura Mali Lo\u0161inj"},"content":{"rendered":"<p>Liebe G\u00e4ste, das Haus Laura liegt in der N\u00e4he der sch\u00f6nsten Str\u00e4nde (Suncana Uvala &#8211; 500 m und Cikat 300 m) und in der N\u00e4he des Zentrums von Mali Losinj (5 min).<\/p>\n","protected":false},"excerpt":{"rendered":"<p>Liebe G\u00e4ste, das Haus Laura liegt in der N\u00e4he der sch\u00f6nsten Str\u00e4nde (Suncana Uvala &#8211; 500 m und Cikat 300 m) und in der N\u00e4he des Zentrums von Mali Losinj &#8230;<\/p>\n","protected":false},"author":1,"featured_media":1200,"parent":0,"menu_order":0,"comment_status":"closed","ping_status":"closed","template":"template-frontpage.php","meta":{"_acf_changed":false,"inline_featured_image":false,"_monsterinsights_skip_tracking":false,"_monsterinsights_sitenote_active":false,"_monsterinsights_sitenote_note":"","_monsterinsights_sitenote_category":0,"footnotes":""},"class_list":["post-334","page","type-page","status-publish","has-post-thumbnail","hentry"],"acf":[],"yoast_head":"<!-- This site is optimized with the Yoast SEO plugin v25.0 - https:\/\/yoast.com\/wordpress\/plugins\/seo\/ -->\n<title>Apartments Laura Mali Lo\u0161inj - Luksuzni privatni smje\u0161taj<\/title>\n<meta name=\"robots\" content=\"index, follow, max-snippet:-1, max-image-preview:large, max-video-preview:-1\" \/>\n<link rel=\"canonical\" href=\"https:\/\/apartmani-laura.hr\/de\/\" \/>\n<meta property=\"og:locale\" content=\"de_DE\" \/>\n<meta property=\"og:type\" content=\"article\" \/>\n<meta property=\"og:title\" content=\"Apartments Laura Mali Lo\u0161inj - Luksuzni privatni smje\u0161taj\" \/>\n<meta property=\"og:description\" content=\"Liebe G\u00e4ste, das Haus Laura liegt in der N\u00e4he der sch\u00f6nsten Str\u00e4nde (Suncana Uvala &#8211; 500 m und Cikat 300 m) und in der N\u00e4he des Zentrums von Mali Losinj ...\" \/>\n<meta property=\"og:url\" content=\"https:\/\/apartmani-laura.hr\/de\/\" \/>\n<meta property=\"og:site_name\" content=\"Luksuzni privatni smje\u0161taj\" \/>\n<meta property=\"article:modified_time\" content=\"2021-03-09T11:14:58+00:00\" \/>\n<meta property=\"og:image\" content=\"https:\/\/apartmani-laura.hr\/wp-content\/uploads\/2021\/04\/33.jpg\" \/>\n\t<meta property=\"og:image:width\" content=\"1000\" \/>\n\t<meta property=\"og:image:height\" content=\"562\" \/>\n\t<meta property=\"og:image:type\" content=\"image\/jpeg\" \/>\n<meta name=\"twitter:card\" content=\"summary_large_image\" \/>\n<script type=\"application\/ld+json\" class=\"yoast-schema-graph\">{\"@context\":\"https:\/\/schema.org\",\"@graph\":[{\"@type\":\"WebPage\",\"@id\":\"https:\/\/apartmani-laura.hr\/de\/\",\"url\":\"https:\/\/apartmani-laura.hr\/de\/\",\"name\":\"Apartments Laura Mali Lo\u0161inj - Luksuzni privatni smje\u0161taj\",\"isPartOf\":{\"@id\":\"https:\/\/apartmani-laura.hr\/#website\"},\"primaryImageOfPage\":{\"@id\":\"https:\/\/apartmani-laura.hr\/de\/#primaryimage\"},\"image\":{\"@id\":\"https:\/\/apartmani-laura.hr\/de\/#primaryimage\"},\"thumbnailUrl\":\"https:\/\/apartmani-laura.hr\/wp-content\/uploads\/2021\/04\/33.jpg\",\"datePublished\":\"2021-02-17T11:37:11+00:00\",\"dateModified\":\"2021-03-09T11:14:58+00:00\",\"breadcrumb\":{\"@id\":\"https:\/\/apartmani-laura.hr\/de\/#breadcrumb\"},\"inLanguage\":\"de\",\"potentialAction\":[{\"@type\":\"ReadAction\",\"target\":[\"https:\/\/apartmani-laura.hr\/de\/\"]}]},{\"@type\":\"ImageObject\",\"inLanguage\":\"de\",\"@id\":\"https:\/\/apartmani-laura.hr\/de\/#primaryimage\",\"url\":\"https:\/\/apartmani-laura.hr\/wp-content\/uploads\/2021\/04\/33.jpg\",\"contentUrl\":\"https:\/\/apartmani-laura.hr\/wp-content\/uploads\/2021\/04\/33.jpg\",\"width\":1000,\"height\":562,\"caption\":\"luka mali lo\u0161inj\"},{\"@type\":\"BreadcrumbList\",\"@id\":\"https:\/\/apartmani-laura.hr\/de\/#breadcrumb\",\"itemListElement\":[{\"@type\":\"ListItem\",\"position\":1,\"name\":\"Po\u010detna stranica\",\"item\":\"https:\/\/apartmani-laura.hr\/de\/\"},{\"@type\":\"ListItem\",\"position\":2,\"name\":\"Apartments Laura Mali Lo\u0161inj\"}]},{\"@type\":\"WebSite\",\"@id\":\"https:\/\/apartmani-laura.hr\/#website\",\"url\":\"https:\/\/apartmani-laura.hr\/\",\"name\":\"Luksuzni privatni smje\u0161taj\",\"description\":\"Privatni smje\u0161taj u Malom Lo\u0161inju\",\"publisher\":{\"@id\":\"https:\/\/apartmani-laura.hr\/#organization\"},\"potentialAction\":[{\"@type\":\"SearchAction\",\"target\":{\"@type\":\"EntryPoint\",\"urlTemplate\":\"https:\/\/apartmani-laura.hr\/?s={search_term_string}\"},\"query-input\":{\"@type\":\"PropertyValueSpecification\",\"valueRequired\":true,\"valueName\":\"search_term_string\"}}],\"inLanguage\":\"de\"},{\"@type\":\"Organization\",\"@id\":\"https:\/\/apartmani-laura.hr\/#organization\",\"name\":\"Luksuzni privatni smje\u0161taj\",\"url\":\"https:\/\/apartmani-laura.hr\/\",\"logo\":{\"@type\":\"ImageObject\",\"inLanguage\":\"de\",\"@id\":\"https:\/\/apartmani-laura.hr\/#\/schema\/logo\/image\/\",\"url\":\"https:\/\/apartmani-laura.hr\/wp-content\/uploads\/2021\/02\/logo2.png\",\"contentUrl\":\"https:\/\/apartmani-laura.hr\/wp-content\/uploads\/2021\/02\/logo2.png\",\"width\":300,\"height\":132,\"caption\":\"Luksuzni privatni smje\u0161taj\"},\"image\":{\"@id\":\"https:\/\/apartmani-laura.hr\/#\/schema\/logo\/image\/\"}}]}<\/script>\n<!-- \/ Yoast SEO plugin. -->","yoast_head_json":{"title":"Apartments Laura Mali Lo\u0161inj - Luksuzni privatni smje\u0161taj","robots":{"index":"index","follow":"follow","max-snippet":"max-snippet:-1","max-image-preview":"max-image-preview:large","max-video-preview":"max-video-preview:-1"},"canonical":"https:\/\/apartmani-laura.hr\/de\/","og_locale":"de_DE","og_type":"article","og_title":"Apartments Laura Mali Lo\u0161inj - Luksuzni privatni smje\u0161taj","og_description":"Liebe G\u00e4ste, das Haus Laura liegt in der N\u00e4he der sch\u00f6nsten Str\u00e4nde (Suncana Uvala &#8211; 500 m und Cikat 300 m) und in der N\u00e4he des Zentrums von Mali Losinj ...","og_url":"https:\/\/apartmani-laura.hr\/de\/","og_site_name":"Luksuzni privatni smje\u0161taj","article_modified_time":"2021-03-09T11:14:58+00:00","og_image":[{"width":1000,"height":562,"url":"https:\/\/apartmani-laura.hr\/wp-content\/uploads\/2021\/04\/33.jpg","type":"image\/jpeg"}],"twitter_card":"summary_large_image","schema":{"@context":"https:\/\/schema.org","@graph":[{"@type":"WebPage","@id":"https:\/\/apartmani-laura.hr\/de\/","url":"https:\/\/apartmani-laura.hr\/de\/","name":"Apartments Laura Mali Lo\u0161inj - Luksuzni privatni smje\u0161taj","isPartOf":{"@id":"https:\/\/apartmani-laura.hr\/#website"},"primaryImageOfPage":{"@id":"https:\/\/apartmani-laura.hr\/de\/#primaryimage"},"image":{"@id":"https:\/\/apartmani-laura.hr\/de\/#primaryimage"},"thumbnailUrl":"https:\/\/apartmani-laura.hr\/wp-content\/uploads\/2021\/04\/33.jpg","datePublished":"2021-02-17T11:37:11+00:00","dateModified":"2021-03-09T11:14:58+00:00","breadcrumb":{"@id":"https:\/\/apartmani-laura.hr\/de\/#breadcrumb"},"inLanguage":"de","potentialAction":[{"@type":"ReadAction","target":["https:\/\/apartmani-laura.hr\/de\/"]}]},{"@type":"ImageObject","inLanguage":"de","@id":"https:\/\/apartmani-laura.hr\/de\/#primaryimage","url":"https:\/\/apartmani-laura.hr\/wp-content\/uploads\/2021\/04\/33.jpg","contentUrl":"https:\/\/apartmani-laura.hr\/wp-content\/uploads\/2021\/04\/33.jpg","width":1000,"height":562,"caption":"luka mali lo\u0161inj"},{"@type":"BreadcrumbList","@id":"https:\/\/apartmani-laura.hr\/de\/#breadcrumb","itemListElement":[{"@type":"ListItem","position":1,"name":"Po\u010detna stranica","item":"https:\/\/apartmani-laura.hr\/de\/"},{"@type":"ListItem","position":2,"name":"Apartments Laura Mali Lo\u0161inj"}]},{"@type":"WebSite","@id":"https:\/\/apartmani-laura.hr\/#website","url":"https:\/\/apartmani-laura.hr\/","name":"Luksuzni privatni smje\u0161taj","description":"Privatni smje\u0161taj u Malom Lo\u0161inju","publisher":{"@id":"https:\/\/apartmani-laura.hr\/#organization"},"potentialAction":[{"@type":"SearchAction","target":{"@type":"EntryPoint","urlTemplate":"https:\/\/apartmani-laura.hr\/?s={search_term_string}"},"query-input":{"@type":"PropertyValueSpecification","valueRequired":true,"valueName":"search_term_string"}}],"inLanguage":"de"},{"@type":"Organization","@id":"https:\/\/apartmani-laura.hr\/#organization","name":"Luksuzni privatni smje\u0161taj","url":"https:\/\/apartmani-laura.hr\/","logo":{"@type":"ImageObject","inLanguage":"de","@id":"https:\/\/apartmani-laura.hr\/#\/schema\/logo\/image\/","url":"https:\/\/apartmani-laura.hr\/wp-content\/uploads\/2021\/02\/logo2.png","contentUrl":"https:\/\/apartmani-laura.hr\/wp-content\/uploads\/2021\/02\/logo2.png","width":300,"height":132,"caption":"Luksuzni privatni smje\u0161taj"},"image":{"@id":"https:\/\/apartmani-laura.hr\/#\/schema\/logo\/image\/"}}]}},"_links":{"self":[{"href":"https:\/\/apartmani-laura.hr\/de\/wp-json\/wp\/v2\/pages\/334","targetHints":{"allow":["GET"]}}],"collection":[{"href":"https:\/\/apartmani-laura.hr\/de\/wp-json\/wp\/v2\/pages"}],"about":[{"href":"https:\/\/apartmani-laura.hr\/de\/wp-json\/wp\/v2\/types\/page"}],"author":[{"embeddable":true,"href":"https:\/\/apartmani-laura.hr\/de\/wp-json\/wp\/v2\/users\/1"}],"replies":[{"embeddable":true,"href":"https:\/\/apartmani-laura.hr\/de\/wp-json\/wp\/v2\/comments?post=334"}],"version-history":[{"count":6,"href":"https:\/\/apartmani-laura.hr\/de\/wp-json\/wp\/v2\/pages\/334\/revisions"}],"predecessor-version":[{"id":780,"href":"https:\/\/apartmani-laura.hr\/de\/wp-json\/wp\/v2\/pages\/334\/revisions\/780"}],"wp:featuredmedia":[{"embeddable":true,"href":"https:\/\/apartmani-laura.hr\/de\/wp-json\/wp\/v2\/media\/1200"}],"wp:attachment":[{"href":"https:\/\/apartmani-laura.hr\/de\/wp-json\/wp\/v2\/media?parent=334"}],"curies":[{"name":"wp","href":"https:\/\/api.w.org\/{rel}","templated":true}]}}