{"id":1077,"date":"2021-03-11T08:52:20","date_gmt":"2021-03-11T07:52:20","guid":{"rendered":"http:\/\/apartmani-laura.hr\/?page_id=1077"},"modified":"2021-03-11T16:37:09","modified_gmt":"2021-03-11T15:37:09","slug":"sport","status":"publish","type":"page","link":"https:\/\/apartmani-laura.hr\/de\/die-insel-losinj\/sport\/","title":{"rendered":"Sport"},"content":{"rendered":"<p align=\"justify\">Dank des milden Mittelmeerklimas kann man auf der Insel Lo\u0161inj fast das ganze Jahr \u00fcber im Freien Sport Machen.<\/p>\n<p style=\"text-align: left;\" align=\"center\"><strong>TENIS<\/strong><\/p>\n<p align=\"justify\">Au\u00dfer dem Tennisspielen zur Erholung werden f\u00fcr Anf\u00e4nger Tennisschulen organisiert, und ab 1994 findet das traditionelle Turnier \u00abLo\u0161injska rivijera\u00bb w\u00e4hrend Juni und Juli statt.<br \/>\nDie Tennispl\u00e4tze in\u00a0Mali Lo\u0161inj:<br \/>\n\u010cikat-in der N\u00e4he des Hotels \u201cBellevue\u201d-5 Sandpl\u00e4tze<br \/>\nSun\u010dana Uvala- in der N\u00e4he des Hotels \u201cAurora\u201d-10 Sandpl\u00e4tze<br \/>\nVeli Lo\u0161inj: in der N\u00e4he des Hotels \u201cPunat\u201d- 13 Sandpl\u00e4tze<\/p>\n<p align=\"justify\"><img decoding=\"async\" class=\"alignnone size-full wp-image-1032\" src=\"http:\/\/apartmani-laura.hr\/wp-content\/uploads\/2021\/03\/tennis_0003_2560.jpg\" alt=\"\" width=\"660\" height=\"325\" srcset=\"https:\/\/apartmani-laura.hr\/wp-content\/uploads\/2021\/03\/tennis_0003_2560.jpg 660w, https:\/\/apartmani-laura.hr\/wp-content\/uploads\/2021\/03\/tennis_0003_2560-300x148.jpg 300w\" sizes=\"(max-width: 660px) 100vw, 660px\" \/><\/p>\n<p style=\"text-align: left;\" align=\"center\"><strong>SEGELN<\/strong><\/p>\n<p align=\"justify\">Eine der urspr\u00fcnglichen Sportarten, Dank der langj\u00e4hrigen Seefahrtstradition und der Verbundenheit der Inseln zum Meer. So findet bereits seit einigen Jahren am ersten Wochende im August die \u201cRegatta von Lo\u0161inj\u201d statt, an der alle, die ein Segelboot besitzen, teilnehemn k\u00f6nnen.<\/p>\n<p align=\"justify\"><img decoding=\"async\" class=\"size-full wp-image-1028 alignnone\" src=\"http:\/\/apartmani-laura.hr\/wp-content\/uploads\/2021\/03\/Sailing-Yacht-Pinuccia-and-Tomahawk-Image-credit-to-Pendennis.jpg\" alt=\"\" width=\"660\" height=\"442\" srcset=\"https:\/\/apartmani-laura.hr\/wp-content\/uploads\/2021\/03\/Sailing-Yacht-Pinuccia-and-Tomahawk-Image-credit-to-Pendennis.jpg 660w, https:\/\/apartmani-laura.hr\/wp-content\/uploads\/2021\/03\/Sailing-Yacht-Pinuccia-and-Tomahawk-Image-credit-to-Pendennis-300x201.jpg 300w\" sizes=\"(max-width: 660px) 100vw, 660px\" \/><\/p>\n<p><strong>DER SPORTFISHFANG<\/strong><\/p>\n<p align=\"justify\">Der Sportfishfang hat in Mali Lo\u0161inj eine lange Tradition.\u00a0Mali Lo\u0161inj wurde in der Welt durch den traditionellen Neujahrscup im Unterwasserfischfang bekannt, der 40 Jahre hintereinander abgehalten wird. Auch fand in Mali Losinj 1957 die erste Weltmeisterschaft im Unterwasserfischfang statt.<\/p>\n<p>In den Buchten \u010cikat und Sun\u010dana Uvala in Mali Lo\u0161inj besteht die M\u00f6glichkeit alle Wassersportarten zu betreiben,\u00a0Windsurfen, Jet-ski, Wasserski, Diving\u2026<\/p>\n<p align=\"justify\">Au\u00dfer den angef\u00fchrten gibt es noch zahlreiche M\u00f6glichkeiten andere Sportarten zu betreiben. Zur Verf\u00fcgung stehen Ihnen zahlreiche Basketball- und Fu\u00dfballpl\u00e4tze, Sporthallen, Fitnesszentren, Fahrrad- und Trimm-Dich-Wege, ein Flughafen (Panoramafl\u00fcge, Fallschirmspringen).<\/p>\n<p><img decoding=\"async\" class=\"alignnone size-full wp-image-1024\" src=\"http:\/\/apartmani-laura.hr\/wp-content\/uploads\/2021\/03\/DSCF0305.jpg\" alt=\"\" width=\"660\" height=\"495\" srcset=\"https:\/\/apartmani-laura.hr\/wp-content\/uploads\/2021\/03\/DSCF0305.jpg 660w, https:\/\/apartmani-laura.hr\/wp-content\/uploads\/2021\/03\/DSCF0305-300x225.jpg 300w\" sizes=\"(max-width: 660px) 100vw, 660px\" \/><\/p>\n<p style=\"text-align: left;\" align=\"center\"><strong>JAGT<\/strong><\/p>\n<p style=\"text-align: left;\" align=\"center\">Jagt ist in den letzten Jahren ausgesprochen ber\u00fchmt weger der Jagdrevierqualit\u00e4t und der nat\u00fcrlichen Umgebung.<br \/>\nDie Jagdsaison beginnt Ende des Jahres . Es besteht die Jagdm\u00f6glichkeit von Feder- und \u2013 Kleinwild, sowie von Wildschweinen, Mufflone und Damhirsche.<\/p>\n<p style=\"text-align: left;\" align=\"center\"><strong>PROMENADEWEGE<\/strong><\/p>\n<p style=\"text-align: left;\" align=\"justify\">Die Promenadenwege sind f\u00fcr den breitesten Kreis der Spazierg\u00e4nger geeignet.Sie f\u00fchren entlang der Inselk\u00fcste, von einer zur anderen Bucht und durch den hundertj\u00e4hrigen Pinienwald.<br \/>\nDer Promenadenweg f\u00fchrt auch entlang der Sonnenbucht, die nach ihren nat\u00fcrlichen Merkmalen so genannt wurde.Ihre flachen Felsen und das kristallklare Meer machen sie zu einem einzigartigen Naturschatz. Auf der anderen Seite der Insel verbindet ein Promenadenweg die Orte Mali und Veli Lo\u0161inj.<\/p>\n<p><img decoding=\"async\" class=\"alignnone wp-image-1020 size-full\" src=\"http:\/\/apartmani-laura.hr\/wp-content\/uploads\/2021\/03\/lubenice.jpg\" alt=\"Lubenice\" width=\"720\" height=\"351\" srcset=\"https:\/\/apartmani-laura.hr\/wp-content\/uploads\/2021\/03\/lubenice.jpg 720w, https:\/\/apartmani-laura.hr\/wp-content\/uploads\/2021\/03\/lubenice-300x146.jpg 300w\" sizes=\"(max-width: 720px) 100vw, 720px\" \/><\/p>\n<p style=\"text-align: left;\" align=\"center\"><strong>BERGWANDERWEG \u00a0OSOR\u0160\u0106ICA \u2013 NEREZINE<\/strong><\/p>\n<p align=\"justify\">Der etwa 10 km lange Wanderweg f\u00fchrt entlang des n\u00f6rdlichen Teiles der Insel Lo\u0161inj. Der h\u00f6chste Gipfel ist Televrin mit 588 m. Osor\u0161\u0107ica ist der erste Berg auf den adriatischen Inseln, der Touristen anzog.\u00a0Zur Belohnung erwartet sie ein wundersch\u00f6ner Blick auf den ganzen Lo\u0161injer Archipel, die K\u00fcste Istriens und den Berg Velebit, sogar auf das Gebiet von Gorski Kotar, den Berg Triglav, und die Inseln Rab, Pag und Silba.<\/p>\n<p style=\"text-align: left;\" align=\"center\"><strong>AUSFLUGE<\/strong><\/p>\n<p style=\"text-align: left;\" align=\"center\">Am attraktivsten sind bestimmt die Ausfl\u00fcge zu den Inseln der Inselgruppe von Lo\u0161inj, Unije, Susak, Ilovik, aber auch zu den Nachbarinseln Silba und Rab, und f\u00fcr zahlreiche Meeresliebhaber und f\u00fcr Liebhaber der Unterwasserwelt werden Fischerei- und Taucherausfl\u00fcge organisiert, wozu Ihnen zahlreiche Ausflugsboote zur Verf\u00fcgung stehen. Alle Informationen \u00fcber die Orgaisation von Ausfl\u00fcgen, k\u00f6nnen Sie in jedem Reiseb\u00fcro, Hotels, Campingpl\u00e4tzen oder direkt auf den Ausflugsbooten, die im Hafen von Mali Lo\u0161inj verankert sind, erhalten.<\/p>\n","protected":false},"excerpt":{"rendered":"<p>Dank des milden Mittelmeerklimas kann man auf der Insel Lo\u0161inj fast das ganze Jahr \u00fcber im Freien Sport Machen. TENIS Au\u00dfer dem Tennisspielen zur Erholung werden f\u00fcr Anf\u00e4nger Tennisschulen organisiert, &#8230;<\/p>\n","protected":false},"author":1,"featured_media":1045,"parent":1065,"menu_order":5,"comment_status":"closed","ping_status":"closed","template":"","meta":{"_acf_changed":false,"inline_featured_image":false,"_monsterinsights_skip_tracking":false,"_monsterinsights_sitenote_active":false,"_monsterinsights_sitenote_note":"","_monsterinsights_sitenote_category":0,"footnotes":""},"class_list":["post-1077","page","type-page","status-publish","has-post-thumbnail","hentry"],"acf":[],"yoast_head":"<!-- This site is optimized with the Yoast SEO plugin v25.0 - https:\/\/yoast.com\/wordpress\/plugins\/seo\/ -->\n<title>Sport - Luksuzni privatni smje\u0161taj<\/title>\n<meta name=\"robots\" content=\"index, follow, max-snippet:-1, max-image-preview:large, max-video-preview:-1\" \/>\n<link rel=\"canonical\" href=\"https:\/\/apartmani-laura.hr\/de\/die-insel-losinj\/sport\/\" \/>\n<meta property=\"og:locale\" content=\"de_DE\" \/>\n<meta property=\"og:type\" content=\"article\" \/>\n<meta property=\"og:title\" content=\"Sport - Luksuzni privatni smje\u0161taj\" \/>\n<meta property=\"og:description\" content=\"Dank des milden Mittelmeerklimas kann man auf der Insel Lo\u0161inj fast das ganze Jahr \u00fcber im Freien Sport Machen. TENIS Au\u00dfer dem Tennisspielen zur Erholung werden f\u00fcr Anf\u00e4nger Tennisschulen organisiert, ...\" \/>\n<meta property=\"og:url\" content=\"https:\/\/apartmani-laura.hr\/de\/die-insel-losinj\/sport\/\" \/>\n<meta property=\"og:site_name\" content=\"Luksuzni privatni smje\u0161taj\" \/>\n<meta property=\"article:modified_time\" content=\"2021-03-11T15:37:09+00:00\" \/>\n<meta property=\"og:image\" content=\"https:\/\/apartmani-laura.hr\/wp-content\/uploads\/2021\/03\/Liski-1-scaled.jpg\" \/>\n\t<meta property=\"og:image:width\" content=\"2560\" \/>\n\t<meta property=\"og:image:height\" content=\"1783\" \/>\n\t<meta property=\"og:image:type\" content=\"image\/jpeg\" \/>\n<meta name=\"twitter:card\" content=\"summary_large_image\" \/>\n<meta name=\"twitter:label1\" content=\"Gesch\u00e4tzte Lesezeit\" \/>\n\t<meta name=\"twitter:data1\" content=\"3\u00a0Minuten\" \/>\n<script type=\"application\/ld+json\" class=\"yoast-schema-graph\">{\"@context\":\"https:\/\/schema.org\",\"@graph\":[{\"@type\":\"WebPage\",\"@id\":\"https:\/\/apartmani-laura.hr\/de\/die-insel-losinj\/sport\/\",\"url\":\"https:\/\/apartmani-laura.hr\/de\/die-insel-losinj\/sport\/\",\"name\":\"Sport - Luksuzni privatni smje\u0161taj\",\"isPartOf\":{\"@id\":\"https:\/\/apartmani-laura.hr\/#website\"},\"primaryImageOfPage\":{\"@id\":\"https:\/\/apartmani-laura.hr\/de\/die-insel-losinj\/sport\/#primaryimage\"},\"image\":{\"@id\":\"https:\/\/apartmani-laura.hr\/de\/die-insel-losinj\/sport\/#primaryimage\"},\"thumbnailUrl\":\"https:\/\/apartmani-laura.hr\/wp-content\/uploads\/2021\/03\/Liski-1-scaled.jpg\",\"datePublished\":\"2021-03-11T07:52:20+00:00\",\"dateModified\":\"2021-03-11T15:37:09+00:00\",\"breadcrumb\":{\"@id\":\"https:\/\/apartmani-laura.hr\/de\/die-insel-losinj\/sport\/#breadcrumb\"},\"inLanguage\":\"de\",\"potentialAction\":[{\"@type\":\"ReadAction\",\"target\":[\"https:\/\/apartmani-laura.hr\/de\/die-insel-losinj\/sport\/\"]}]},{\"@type\":\"ImageObject\",\"inLanguage\":\"de\",\"@id\":\"https:\/\/apartmani-laura.hr\/de\/die-insel-losinj\/sport\/#primaryimage\",\"url\":\"https:\/\/apartmani-laura.hr\/wp-content\/uploads\/2021\/03\/Liski-1-scaled.jpg\",\"contentUrl\":\"https:\/\/apartmani-laura.hr\/wp-content\/uploads\/2021\/03\/Liski-1-scaled.jpg\",\"width\":2560,\"height\":1783},{\"@type\":\"BreadcrumbList\",\"@id\":\"https:\/\/apartmani-laura.hr\/de\/die-insel-losinj\/sport\/#breadcrumb\",\"itemListElement\":[{\"@type\":\"ListItem\",\"position\":1,\"name\":\"Po\u010detna stranica\",\"item\":\"https:\/\/apartmani-laura.hr\/de\/\"},{\"@type\":\"ListItem\",\"position\":2,\"name\":\"Die Insel Lo\u0161inj\",\"item\":\"https:\/\/apartmani-laura.hr\/de\/die-insel-losinj\/\"},{\"@type\":\"ListItem\",\"position\":3,\"name\":\"Sport\"}]},{\"@type\":\"WebSite\",\"@id\":\"https:\/\/apartmani-laura.hr\/#website\",\"url\":\"https:\/\/apartmani-laura.hr\/\",\"name\":\"Luksuzni privatni smje\u0161taj\",\"description\":\"Privatni smje\u0161taj u Malom Lo\u0161inju\",\"publisher\":{\"@id\":\"https:\/\/apartmani-laura.hr\/#organization\"},\"potentialAction\":[{\"@type\":\"SearchAction\",\"target\":{\"@type\":\"EntryPoint\",\"urlTemplate\":\"https:\/\/apartmani-laura.hr\/?s={search_term_string}\"},\"query-input\":{\"@type\":\"PropertyValueSpecification\",\"valueRequired\":true,\"valueName\":\"search_term_string\"}}],\"inLanguage\":\"de\"},{\"@type\":\"Organization\",\"@id\":\"https:\/\/apartmani-laura.hr\/#organization\",\"name\":\"Luksuzni privatni smje\u0161taj\",\"url\":\"https:\/\/apartmani-laura.hr\/\",\"logo\":{\"@type\":\"ImageObject\",\"inLanguage\":\"de\",\"@id\":\"https:\/\/apartmani-laura.hr\/#\/schema\/logo\/image\/\",\"url\":\"https:\/\/apartmani-laura.hr\/wp-content\/uploads\/2021\/02\/logo2.png\",\"contentUrl\":\"https:\/\/apartmani-laura.hr\/wp-content\/uploads\/2021\/02\/logo2.png\",\"width\":300,\"height\":132,\"caption\":\"Luksuzni privatni smje\u0161taj\"},\"image\":{\"@id\":\"https:\/\/apartmani-laura.hr\/#\/schema\/logo\/image\/\"}}]}<\/script>\n<!-- \/ Yoast SEO plugin. -->","yoast_head_json":{"title":"Sport - Luksuzni privatni smje\u0161taj","robots":{"index":"index","follow":"follow","max-snippet":"max-snippet:-1","max-image-preview":"max-image-preview:large","max-video-preview":"max-video-preview:-1"},"canonical":"https:\/\/apartmani-laura.hr\/de\/die-insel-losinj\/sport\/","og_locale":"de_DE","og_type":"article","og_title":"Sport - Luksuzni privatni smje\u0161taj","og_description":"Dank des milden Mittelmeerklimas kann man auf der Insel Lo\u0161inj fast das ganze Jahr \u00fcber im Freien Sport Machen. TENIS Au\u00dfer dem Tennisspielen zur Erholung werden f\u00fcr Anf\u00e4nger Tennisschulen organisiert, ...","og_url":"https:\/\/apartmani-laura.hr\/de\/die-insel-losinj\/sport\/","og_site_name":"Luksuzni privatni smje\u0161taj","article_modified_time":"2021-03-11T15:37:09+00:00","og_image":[{"width":2560,"height":1783,"url":"https:\/\/apartmani-laura.hr\/wp-content\/uploads\/2021\/03\/Liski-1-scaled.jpg","type":"image\/jpeg"}],"twitter_card":"summary_large_image","twitter_misc":{"Gesch\u00e4tzte Lesezeit":"3\u00a0Minuten"},"schema":{"@context":"https:\/\/schema.org","@graph":[{"@type":"WebPage","@id":"https:\/\/apartmani-laura.hr\/de\/die-insel-losinj\/sport\/","url":"https:\/\/apartmani-laura.hr\/de\/die-insel-losinj\/sport\/","name":"Sport - Luksuzni privatni smje\u0161taj","isPartOf":{"@id":"https:\/\/apartmani-laura.hr\/#website"},"primaryImageOfPage":{"@id":"https:\/\/apartmani-laura.hr\/de\/die-insel-losinj\/sport\/#primaryimage"},"image":{"@id":"https:\/\/apartmani-laura.hr\/de\/die-insel-losinj\/sport\/#primaryimage"},"thumbnailUrl":"https:\/\/apartmani-laura.hr\/wp-content\/uploads\/2021\/03\/Liski-1-scaled.jpg","datePublished":"2021-03-11T07:52:20+00:00","dateModified":"2021-03-11T15:37:09+00:00","breadcrumb":{"@id":"https:\/\/apartmani-laura.hr\/de\/die-insel-losinj\/sport\/#breadcrumb"},"inLanguage":"de","potentialAction":[{"@type":"ReadAction","target":["https:\/\/apartmani-laura.hr\/de\/die-insel-losinj\/sport\/"]}]},{"@type":"ImageObject","inLanguage":"de","@id":"https:\/\/apartmani-laura.hr\/de\/die-insel-losinj\/sport\/#primaryimage","url":"https:\/\/apartmani-laura.hr\/wp-content\/uploads\/2021\/03\/Liski-1-scaled.jpg","contentUrl":"https:\/\/apartmani-laura.hr\/wp-content\/uploads\/2021\/03\/Liski-1-scaled.jpg","width":2560,"height":1783},{"@type":"BreadcrumbList","@id":"https:\/\/apartmani-laura.hr\/de\/die-insel-losinj\/sport\/#breadcrumb","itemListElement":[{"@type":"ListItem","position":1,"name":"Po\u010detna stranica","item":"https:\/\/apartmani-laura.hr\/de\/"},{"@type":"ListItem","position":2,"name":"Die Insel Lo\u0161inj","item":"https:\/\/apartmani-laura.hr\/de\/die-insel-losinj\/"},{"@type":"ListItem","position":3,"name":"Sport"}]},{"@type":"WebSite","@id":"https:\/\/apartmani-laura.hr\/#website","url":"https:\/\/apartmani-laura.hr\/","name":"Luksuzni privatni smje\u0161taj","description":"Privatni smje\u0161taj u Malom Lo\u0161inju","publisher":{"@id":"https:\/\/apartmani-laura.hr\/#organization"},"potentialAction":[{"@type":"SearchAction","target":{"@type":"EntryPoint","urlTemplate":"https:\/\/apartmani-laura.hr\/?s={search_term_string}"},"query-input":{"@type":"PropertyValueSpecification","valueRequired":true,"valueName":"search_term_string"}}],"inLanguage":"de"},{"@type":"Organization","@id":"https:\/\/apartmani-laura.hr\/#organization","name":"Luksuzni privatni smje\u0161taj","url":"https:\/\/apartmani-laura.hr\/","logo":{"@type":"ImageObject","inLanguage":"de","@id":"https:\/\/apartmani-laura.hr\/#\/schema\/logo\/image\/","url":"https:\/\/apartmani-laura.hr\/wp-content\/uploads\/2021\/02\/logo2.png","contentUrl":"https:\/\/apartmani-laura.hr\/wp-content\/uploads\/2021\/02\/logo2.png","width":300,"height":132,"caption":"Luksuzni privatni smje\u0161taj"},"image":{"@id":"https:\/\/apartmani-laura.hr\/#\/schema\/logo\/image\/"}}]}},"_links":{"self":[{"href":"https:\/\/apartmani-laura.hr\/de\/wp-json\/wp\/v2\/pages\/1077","targetHints":{"allow":["GET"]}}],"collection":[{"href":"https:\/\/apartmani-laura.hr\/de\/wp-json\/wp\/v2\/pages"}],"about":[{"href":"https:\/\/apartmani-laura.hr\/de\/wp-json\/wp\/v2\/types\/page"}],"author":[{"embeddable":true,"href":"https:\/\/apartmani-laura.hr\/de\/wp-json\/wp\/v2\/users\/1"}],"replies":[{"embeddable":true,"href":"https:\/\/apartmani-laura.hr\/de\/wp-json\/wp\/v2\/comments?post=1077"}],"version-history":[{"count":3,"href":"https:\/\/apartmani-laura.hr\/de\/wp-json\/wp\/v2\/pages\/1077\/revisions"}],"predecessor-version":[{"id":1083,"href":"https:\/\/apartmani-laura.hr\/de\/wp-json\/wp\/v2\/pages\/1077\/revisions\/1083"}],"up":[{"embeddable":true,"href":"https:\/\/apartmani-laura.hr\/de\/wp-json\/wp\/v2\/pages\/1065"}],"wp:featuredmedia":[{"embeddable":true,"href":"https:\/\/apartmani-laura.hr\/de\/wp-json\/wp\/v2\/media\/1045"}],"wp:attachment":[{"href":"https:\/\/apartmani-laura.hr\/de\/wp-json\/wp\/v2\/media?parent=1077"}],"curies":[{"name":"wp","href":"https:\/\/api.w.org\/{rel}","templated":true}]}}